{"id":74,"date":"2023-10-06T12:48:45","date_gmt":"2023-10-06T12:48:45","guid":{"rendered":"https:\/\/cardemilgestioninmobiliaria.cl\/?post_type=product&#038;p=74"},"modified":"2023-10-12T12:54:45","modified_gmt":"2023-10-12T12:54:45","slug":"arriendo-departamento-marina-horizonte-32d-1b-4pers-penuelas","status":"publish","type":"product","link":"https:\/\/cardemilgestioninmobiliaria.cl\/index.php\/product\/arriendo-departamento-marina-horizonte-32d-1b-4pers-penuelas\/","title":{"rendered":"ARRIENDO DEPARTAMENTO MARINA HORIZONTE 3,2D-1B, 4PERS, PE\u00d1UELAS"},"content":{"rendered":"<p><strong>Arriendo Departamento\u00a0 en Pe\u00f1uelas:<\/strong><\/p>\n<p>Te damos la bienvenida a la oportunidad de alquilar un c\u00f3modo departamento en Pe\u00f1uelas, ubicado detr\u00e1s del Casino Enjoy, en Avenida Los Pescadores 5301, Coquimbo. Este lugar ofrece una ubicaci\u00f3n privilegiada, a pocos pasos de la Avenida del Mar y la Ruta 5, brindando una vista espectacular del mar.<\/p>\n<p><strong>Comodidades Incluidas:<\/strong><\/p>\n<ul>\n<li><strong>Piscina:<\/strong> Disfruta de un refrescante chapuz\u00f3n en d\u00edas soleados.<\/li>\n<li><strong>Quincho:<\/strong> Ideal para reuniones al aire libre y parrilladas.<\/li>\n<li><strong>Juegos Infantiles:<\/strong> Espacio para que los ni\u00f1os se diviertan.<\/li>\n<li><strong>Lavander\u00eda:<\/strong> Facilita tu rutina diaria con comodidad.<\/li>\n<li><strong>Sala Multiuso:<\/strong> Vers\u00e1til para eventos y actividades comunitarias.<\/li>\n<li><strong>Estacionamiento:<\/strong> Tu veh\u00edculo seguro y de f\u00e1cil acceso.<\/li>\n<li><strong>Sala WiFi en 1\u00b0 Piso:<\/strong> Mantente conectado c\u00f3modamente.<\/li>\n<\/ul>\n<p>Este condominio en Pe\u00f1uelas es la elecci\u00f3n perfecta para aquellos que buscan comodidad y entretenimiento en la costa. La ubicaci\u00f3n estrat\u00e9gica te coloca cerca de la Avenida del Mar, donde encontrar\u00e1s una amplia gama de opciones de entretenimiento y restaurantes.<\/p>\n<p>Si buscas un hogar con comodidades para toda la familia, este lugar ofrece juegos infantiles y \u00e1reas verdes para disfrutar. Adem\u00e1s, la piscina es ideal para refrescarte en los d\u00edas calurosos.<\/p>\n<p>La lavander\u00eda en las instalaciones y la sala WiFi en el primer piso a\u00f1aden un toque adicional de conveniencia a tu vida cotidiana. No pierdas la oportunidad de asegurar tu nuevo hogar en la costa. \u00a1Cont\u00e1ctanos hoy mismo para obtener m\u00e1s detalles y comenzar tu experiencia en Pe\u00f1uelas!<\/p>\n<p>Arriendo departamento en Pe\u00f1uelas. Ven y disfruta de este hermoso lugar como nunca antes. Cont\u00e1ctate con nosotros via Wathsapp para mas informacion.<\/p>\n","protected":false},"excerpt":{"rendered":"<div>\n<div>\n<div>EL DEPARTAMENTO TIENE CAPACIDAD PARA 4 PERSONAS<\/div>\n<\/div>\n<\/div>\n<div>\n<p style=\"text-align: left;\">2 DORMITORIO GRANDES<\/p>\n<p style=\"text-align: left;\">1 BA\u00d1O<\/p>\n<p style=\"text-align: left;\">COCINA AMERICANA FULL EQUIPADA<\/p>\n<p>PISO 3<\/p>\n<p style=\"text-align: left;\">SABANAS<\/p>\n<p>TV CABLE<\/p>\n<p>WIFI<\/p>\n<p>ESTACIONAMIENTO<\/p>\n<p>VISTA A LA AV DEL MAR<\/p>\n<p>$ 55.000 DIARIO HASTA\u00a0 EL 15 DICIEMBRE MIN 3 NOCHES<\/p>\n<div>\n<p>$ 60.000 DIARIO VERANO 2024\u00a0 M\u00cdNIMO DE NOCHES: 7<\/p>\n<\/div>\n<div>aseo final $ 25.000<\/div>\n<\/div>\n","protected":false},"featured_media":589,"comment_status":"open","ping_status":"closed","template":"","meta":{"site-sidebar-layout":"default","site-content-layout":"default","ast-site-content-layout":"default","site-content-style":"default","site-sidebar-style":"default","ast-global-header-display":"","ast-banner-title-visibility":"","ast-main-header-display":"","ast-hfb-above-header-display":"","ast-hfb-below-header-display":"","ast-hfb-mobile-header-display":"","site-post-title":"","ast-breadcrumbs-content":"","ast-featured-img":"","footer-sml-layout":"","theme-transparent-header-meta":"default","adv-header-id-meta":"","stick-header-meta":"","header-above-stick-meta":"","header-main-stick-meta":"","header-below-stick-meta":"","astra-migrate-meta-layouts":"set","_joinchat":[]},"product_cat":[19,20],"product_tag":[18],"class_list":{"0":"post-74","1":"product","2":"type-product","3":"status-publish","4":"has-post-thumbnail","6":"product_cat-arriendo-diario","7":"product_cat-departamento-coquimbo","8":"product_tag-departamentos","9":"desktop-align-left","10":"tablet-align-left","11":"mobile-align-left","13":"first","14":"instock","15":"shipping-taxable","16":"purchasable","17":"product-type-simple"},"yoast_head":"<!-- This site is optimized with the Yoast SEO plugin v22.7 - https:\/\/yoast.com\/wordpress\/plugins\/seo\/ -->\n<title>ARRIENDO DEPARTAMENTO EN PE\u00d1UELAS | COQUIMBO<\/title>\n<meta name=\"description\" content=\"ARRIENDO DEPARTAMENTO EN PE\u00d1UELAS, CONDOMINIO MARINA HORIZONTE III | 2 DORMITORIOS, 1 BA\u00d1O, 4 PERSONAS | UBICADO DETRAS DEL CASINO ENJOY\" \/>\n<meta name=\"robots\" content=\"index, follow, max-snippet:-1, max-image-preview:large, max-video-preview:-1\" \/>\n<link rel=\"canonical\" href=\"https:\/\/cardemilgestioninmobiliaria.cl\/index.php\/product\/arriendo-departamento-marina-horizonte-32d-1b-4pers-penuelas\/\" \/>\n<meta property=\"og:locale\" content=\"en_US\" \/>\n<meta property=\"og:type\" content=\"article\" \/>\n<meta property=\"og:title\" content=\"ARRIENDO DEPARTAMENTO EN PE\u00d1UELAS | COQUIMBO\" \/>\n<meta property=\"og:description\" content=\"ARRIENDO DEPARTAMENTO EN PE\u00d1UELAS, CONDOMINIO MARINA HORIZONTE III | 2 DORMITORIOS, 1 BA\u00d1O, 4 PERSONAS | UBICADO DETRAS DEL CASINO ENJOY\" \/>\n<meta property=\"og:url\" content=\"https:\/\/cardemilgestioninmobiliaria.cl\/index.php\/product\/arriendo-departamento-marina-horizonte-32d-1b-4pers-penuelas\/\" \/>\n<meta property=\"og:site_name\" content=\"Arriendo Departamentos | La Serena Coquimbo | Vi\u00f1a del Mar\" \/>\n<meta property=\"article:modified_time\" content=\"2023-10-12T12:54:45+00:00\" \/>\n<meta property=\"og:image\" content=\"https:\/\/cardemilgestioninmobiliaria.cl\/wp-content\/uploads\/2023\/10\/IMG_0247-scaled.jpg\" \/>\n\t<meta property=\"og:image:width\" content=\"2560\" \/>\n\t<meta property=\"og:image:height\" content=\"1920\" \/>\n\t<meta property=\"og:image:type\" content=\"image\/jpeg\" \/>\n<meta name=\"twitter:card\" content=\"summary_large_image\" \/>\n<meta name=\"twitter:label1\" content=\"Est. reading time\" \/>\n\t<meta name=\"twitter:data1\" content=\"2 minutes\" \/>\n<script type=\"application\/ld+json\" class=\"yoast-schema-graph\">{\"@context\":\"https:\/\/schema.org\",\"@graph\":[{\"@type\":\"WebPage\",\"@id\":\"https:\/\/cardemilgestioninmobiliaria.cl\/index.php\/product\/arriendo-departamento-marina-horizonte-32d-1b-4pers-penuelas\/\",\"url\":\"https:\/\/cardemilgestioninmobiliaria.cl\/index.php\/product\/arriendo-departamento-marina-horizonte-32d-1b-4pers-penuelas\/\",\"name\":\"ARRIENDO DEPARTAMENTO EN PE\u00d1UELAS | COQUIMBO\",\"isPartOf\":{\"@id\":\"https:\/\/cardemilgestioninmobiliaria.cl\/#website\"},\"primaryImageOfPage\":{\"@id\":\"https:\/\/cardemilgestioninmobiliaria.cl\/index.php\/product\/arriendo-departamento-marina-horizonte-32d-1b-4pers-penuelas\/#primaryimage\"},\"image\":{\"@id\":\"https:\/\/cardemilgestioninmobiliaria.cl\/index.php\/product\/arriendo-departamento-marina-horizonte-32d-1b-4pers-penuelas\/#primaryimage\"},\"thumbnailUrl\":\"https:\/\/cardemilgestioninmobiliaria.cl\/wp-content\/uploads\/2023\/10\/IMG_0247-scaled.jpg\",\"datePublished\":\"2023-10-06T12:48:45+00:00\",\"dateModified\":\"2023-10-12T12:54:45+00:00\",\"description\":\"ARRIENDO DEPARTAMENTO EN PE\u00d1UELAS, CONDOMINIO MARINA HORIZONTE III | 2 DORMITORIOS, 1 BA\u00d1O, 4 PERSONAS | UBICADO DETRAS DEL CASINO ENJOY\",\"breadcrumb\":{\"@id\":\"https:\/\/cardemilgestioninmobiliaria.cl\/index.php\/product\/arriendo-departamento-marina-horizonte-32d-1b-4pers-penuelas\/#breadcrumb\"},\"inLanguage\":\"en-US\",\"potentialAction\":[{\"@type\":\"ReadAction\",\"target\":[\"https:\/\/cardemilgestioninmobiliaria.cl\/index.php\/product\/arriendo-departamento-marina-horizonte-32d-1b-4pers-penuelas\/\"]}]},{\"@type\":\"ImageObject\",\"inLanguage\":\"en-US\",\"@id\":\"https:\/\/cardemilgestioninmobiliaria.cl\/index.php\/product\/arriendo-departamento-marina-horizonte-32d-1b-4pers-penuelas\/#primaryimage\",\"url\":\"https:\/\/cardemilgestioninmobiliaria.cl\/wp-content\/uploads\/2023\/10\/IMG_0247-scaled.jpg\",\"contentUrl\":\"https:\/\/cardemilgestioninmobiliaria.cl\/wp-content\/uploads\/2023\/10\/IMG_0247-scaled.jpg\",\"width\":2560,\"height\":1920},{\"@type\":\"BreadcrumbList\",\"@id\":\"https:\/\/cardemilgestioninmobiliaria.cl\/index.php\/product\/arriendo-departamento-marina-horizonte-32d-1b-4pers-penuelas\/#breadcrumb\",\"itemListElement\":[{\"@type\":\"ListItem\",\"position\":1,\"name\":\"Home\",\"item\":\"https:\/\/cardemilgestioninmobiliaria.cl\/\"},{\"@type\":\"ListItem\",\"position\":2,\"name\":\"Products\",\"item\":\"https:\/\/cardemilgestioninmobiliaria.cl\/index.php\/shop\/\"},{\"@type\":\"ListItem\",\"position\":3,\"name\":\"ARRIENDO DEPARTAMENTO MARINA HORIZONTE 3,2D-1B, 4PERS, PE\u00d1UELAS\"}]},{\"@type\":\"WebSite\",\"@id\":\"https:\/\/cardemilgestioninmobiliaria.cl\/#website\",\"url\":\"https:\/\/cardemilgestioninmobiliaria.cl\/\",\"name\":\"Arriendo Departamentos | La Serena Coquimbo | Vi\u00f1a del Mar\",\"description\":\"\",\"publisher\":{\"@id\":\"https:\/\/cardemilgestioninmobiliaria.cl\/#organization\"},\"potentialAction\":[{\"@type\":\"SearchAction\",\"target\":{\"@type\":\"EntryPoint\",\"urlTemplate\":\"https:\/\/cardemilgestioninmobiliaria.cl\/?s={search_term_string}\"},\"query-input\":\"required name=search_term_string\"}],\"inLanguage\":\"en-US\"},{\"@type\":\"Organization\",\"@id\":\"https:\/\/cardemilgestioninmobiliaria.cl\/#organization\",\"name\":\"Arriendo Departamentos | La Serena Coquimbo | Vi\u00f1a del Mar\",\"url\":\"https:\/\/cardemilgestioninmobiliaria.cl\/\",\"logo\":{\"@type\":\"ImageObject\",\"inLanguage\":\"en-US\",\"@id\":\"https:\/\/cardemilgestioninmobiliaria.cl\/#\/schema\/logo\/image\/\",\"url\":\"https:\/\/cardemilgestioninmobiliaria.cl\/wp-content\/uploads\/2023\/10\/cropped-logo.png\",\"contentUrl\":\"https:\/\/cardemilgestioninmobiliaria.cl\/wp-content\/uploads\/2023\/10\/cropped-logo.png\",\"width\":312,\"height\":104,\"caption\":\"Arriendo Departamentos  | La Serena Coquimbo | Vi\u00f1a del Mar\"},\"image\":{\"@id\":\"https:\/\/cardemilgestioninmobiliaria.cl\/#\/schema\/logo\/image\/\"}}]}<\/script>\n<!-- \/ Yoast SEO plugin. -->","yoast_head_json":{"title":"ARRIENDO DEPARTAMENTO EN PE\u00d1UELAS | COQUIMBO","description":"ARRIENDO DEPARTAMENTO EN PE\u00d1UELAS, CONDOMINIO MARINA HORIZONTE III | 2 DORMITORIOS, 1 BA\u00d1O, 4 PERSONAS | UBICADO DETRAS DEL CASINO ENJOY","robots":{"index":"index","follow":"follow","max-snippet":"max-snippet:-1","max-image-preview":"max-image-preview:large","max-video-preview":"max-video-preview:-1"},"canonical":"https:\/\/cardemilgestioninmobiliaria.cl\/index.php\/product\/arriendo-departamento-marina-horizonte-32d-1b-4pers-penuelas\/","og_locale":"en_US","og_type":"article","og_title":"ARRIENDO DEPARTAMENTO EN PE\u00d1UELAS | COQUIMBO","og_description":"ARRIENDO DEPARTAMENTO EN PE\u00d1UELAS, CONDOMINIO MARINA HORIZONTE III | 2 DORMITORIOS, 1 BA\u00d1O, 4 PERSONAS | UBICADO DETRAS DEL CASINO ENJOY","og_url":"https:\/\/cardemilgestioninmobiliaria.cl\/index.php\/product\/arriendo-departamento-marina-horizonte-32d-1b-4pers-penuelas\/","og_site_name":"Arriendo Departamentos | La Serena Coquimbo | Vi\u00f1a del Mar","article_modified_time":"2023-10-12T12:54:45+00:00","og_image":[{"width":2560,"height":1920,"url":"https:\/\/cardemilgestioninmobiliaria.cl\/wp-content\/uploads\/2023\/10\/IMG_0247-scaled.jpg","type":"image\/jpeg"}],"twitter_card":"summary_large_image","twitter_misc":{"Est. reading time":"2 minutes"},"schema":{"@context":"https:\/\/schema.org","@graph":[{"@type":"WebPage","@id":"https:\/\/cardemilgestioninmobiliaria.cl\/index.php\/product\/arriendo-departamento-marina-horizonte-32d-1b-4pers-penuelas\/","url":"https:\/\/cardemilgestioninmobiliaria.cl\/index.php\/product\/arriendo-departamento-marina-horizonte-32d-1b-4pers-penuelas\/","name":"ARRIENDO DEPARTAMENTO EN PE\u00d1UELAS | COQUIMBO","isPartOf":{"@id":"https:\/\/cardemilgestioninmobiliaria.cl\/#website"},"primaryImageOfPage":{"@id":"https:\/\/cardemilgestioninmobiliaria.cl\/index.php\/product\/arriendo-departamento-marina-horizonte-32d-1b-4pers-penuelas\/#primaryimage"},"image":{"@id":"https:\/\/cardemilgestioninmobiliaria.cl\/index.php\/product\/arriendo-departamento-marina-horizonte-32d-1b-4pers-penuelas\/#primaryimage"},"thumbnailUrl":"https:\/\/cardemilgestioninmobiliaria.cl\/wp-content\/uploads\/2023\/10\/IMG_0247-scaled.jpg","datePublished":"2023-10-06T12:48:45+00:00","dateModified":"2023-10-12T12:54:45+00:00","description":"ARRIENDO DEPARTAMENTO EN PE\u00d1UELAS, CONDOMINIO MARINA HORIZONTE III | 2 DORMITORIOS, 1 BA\u00d1O, 4 PERSONAS | UBICADO DETRAS DEL CASINO ENJOY","breadcrumb":{"@id":"https:\/\/cardemilgestioninmobiliaria.cl\/index.php\/product\/arriendo-departamento-marina-horizonte-32d-1b-4pers-penuelas\/#breadcrumb"},"inLanguage":"en-US","potentialAction":[{"@type":"ReadAction","target":["https:\/\/cardemilgestioninmobiliaria.cl\/index.php\/product\/arriendo-departamento-marina-horizonte-32d-1b-4pers-penuelas\/"]}]},{"@type":"ImageObject","inLanguage":"en-US","@id":"https:\/\/cardemilgestioninmobiliaria.cl\/index.php\/product\/arriendo-departamento-marina-horizonte-32d-1b-4pers-penuelas\/#primaryimage","url":"https:\/\/cardemilgestioninmobiliaria.cl\/wp-content\/uploads\/2023\/10\/IMG_0247-scaled.jpg","contentUrl":"https:\/\/cardemilgestioninmobiliaria.cl\/wp-content\/uploads\/2023\/10\/IMG_0247-scaled.jpg","width":2560,"height":1920},{"@type":"BreadcrumbList","@id":"https:\/\/cardemilgestioninmobiliaria.cl\/index.php\/product\/arriendo-departamento-marina-horizonte-32d-1b-4pers-penuelas\/#breadcrumb","itemListElement":[{"@type":"ListItem","position":1,"name":"Home","item":"https:\/\/cardemilgestioninmobiliaria.cl\/"},{"@type":"ListItem","position":2,"name":"Products","item":"https:\/\/cardemilgestioninmobiliaria.cl\/index.php\/shop\/"},{"@type":"ListItem","position":3,"name":"ARRIENDO DEPARTAMENTO MARINA HORIZONTE 3,2D-1B, 4PERS, PE\u00d1UELAS"}]},{"@type":"WebSite","@id":"https:\/\/cardemilgestioninmobiliaria.cl\/#website","url":"https:\/\/cardemilgestioninmobiliaria.cl\/","name":"Arriendo Departamentos | La Serena Coquimbo | Vi\u00f1a del Mar","description":"","publisher":{"@id":"https:\/\/cardemilgestioninmobiliaria.cl\/#organization"},"potentialAction":[{"@type":"SearchAction","target":{"@type":"EntryPoint","urlTemplate":"https:\/\/cardemilgestioninmobiliaria.cl\/?s={search_term_string}"},"query-input":"required name=search_term_string"}],"inLanguage":"en-US"},{"@type":"Organization","@id":"https:\/\/cardemilgestioninmobiliaria.cl\/#organization","name":"Arriendo Departamentos | La Serena Coquimbo | Vi\u00f1a del Mar","url":"https:\/\/cardemilgestioninmobiliaria.cl\/","logo":{"@type":"ImageObject","inLanguage":"en-US","@id":"https:\/\/cardemilgestioninmobiliaria.cl\/#\/schema\/logo\/image\/","url":"https:\/\/cardemilgestioninmobiliaria.cl\/wp-content\/uploads\/2023\/10\/cropped-logo.png","contentUrl":"https:\/\/cardemilgestioninmobiliaria.cl\/wp-content\/uploads\/2023\/10\/cropped-logo.png","width":312,"height":104,"caption":"Arriendo Departamentos  | La Serena Coquimbo | Vi\u00f1a del Mar"},"image":{"@id":"https:\/\/cardemilgestioninmobiliaria.cl\/#\/schema\/logo\/image\/"}}]}},"_links":{"self":[{"href":"https:\/\/cardemilgestioninmobiliaria.cl\/index.php\/wp-json\/wp\/v2\/product\/74","targetHints":{"allow":["GET"]}}],"collection":[{"href":"https:\/\/cardemilgestioninmobiliaria.cl\/index.php\/wp-json\/wp\/v2\/product"}],"about":[{"href":"https:\/\/cardemilgestioninmobiliaria.cl\/index.php\/wp-json\/wp\/v2\/types\/product"}],"replies":[{"embeddable":true,"href":"https:\/\/cardemilgestioninmobiliaria.cl\/index.php\/wp-json\/wp\/v2\/comments?post=74"}],"wp:featuredmedia":[{"embeddable":true,"href":"https:\/\/cardemilgestioninmobiliaria.cl\/index.php\/wp-json\/wp\/v2\/media\/589"}],"wp:attachment":[{"href":"https:\/\/cardemilgestioninmobiliaria.cl\/index.php\/wp-json\/wp\/v2\/media?parent=74"}],"wp:term":[{"taxonomy":"product_cat","embeddable":true,"href":"https:\/\/cardemilgestioninmobiliaria.cl\/index.php\/wp-json\/wp\/v2\/product_cat?post=74"},{"taxonomy":"product_tag","embeddable":true,"href":"https:\/\/cardemilgestioninmobiliaria.cl\/index.php\/wp-json\/wp\/v2\/product_tag?post=74"}],"curies":[{"name":"wp","href":"https:\/\/api.w.org\/{rel}","templated":true}]}}