{"id":46,"date":"2023-10-06T12:46:56","date_gmt":"2023-10-06T12:46:56","guid":{"rendered":"https:\/\/cardemilgestioninmobiliaria.cl\/?post_type=product&#038;p=46"},"modified":"2023-10-12T13:32:02","modified_gmt":"2023-10-12T13:32:02","slug":"arriendo-depto-sin-muebles-ano-corrido-2d-y-2b-condominio-alto-serena","status":"publish","type":"product","link":"https:\/\/cardemilgestioninmobiliaria.cl\/index.php\/product\/arriendo-depto-sin-muebles-ano-corrido-2d-y-2b-condominio-alto-serena\/","title":{"rendered":"ARRIENDO DEPTO SIN MUEBLES A\u00d1O CORRIDO, 2D Y 2B, PUERTA DEL MAR"},"content":{"rendered":"<p><strong>Arriendo de Departamento A\u00f1o Corrido en Condominio Alto Serena V<\/strong><\/p>\n<p>Este departamento, disponible para arriendo durante todo el a\u00f1o, se encuentra en el Condominio Alto Serena V, ubicado en la hermosa ciudad de La Serena. Con vistas al mar y acceso a comodidades excepcionales, este es un lugar perfecto para establecer tu residencia permanente.<\/p>\n<p><strong>Comodidades Incluidas:<\/strong><\/p>\n<ul>\n<li>Estacionamiento Privado: Tu veh\u00edculo estar\u00e1 seguro y accesible en todo momento.<\/li>\n<li>Quincho: Espacio para asados y reuniones al aire libre.<\/li>\n<li>Bicicletero: Almacena tus bicicletas de manera segura.<\/li>\n<li>Piscina: Refr\u00e9scate y disfruta de los d\u00edas soleados.<\/li>\n<\/ul>\n<p><strong>Caracter\u00edsticas del Departamento:<\/strong><\/p>\n<p>Este departamento incluye:<\/p>\n<ul>\n<li>2 Dormitorios para acomodar c\u00f3modamente a tu familia o invitados.<\/li>\n<li>2 Ba\u00f1os para mayor comodidad y privacidad.<\/li>\n<li>Mobiliario completo para que te sientas como en casa.<\/li>\n<li>Vista al mar: Disfruta de panoramas impresionantes desde tu hogar.<\/li>\n<\/ul>\n<p>El Condominio Alto Serena V ofrece una serie de comodidades adicionales, como conserjer\u00eda las 24 horas, un ascensor para mayor accesibilidad y una ubicaci\u00f3n estrat\u00e9gica en Puerta del Mar, La Serena.<\/p>\n<p><strong>Tarifa de Arriendo:<\/strong><\/p>\n<p>Este departamento est\u00e1 disponible para arriendo durante todo el a\u00f1o a un costo mensual de $400,000, que incluye los gastos comunes, estacionamiento y bodega. Una oportunidad excepcional para disfrutar de la vida costera en un entorno seguro y c\u00f3modo.<\/p>\n<p>No dejes pasar la oportunidad de vivir en La Serena. Cont\u00e1ctanos para obtener m\u00e1s detalles y comenzar el proceso de arriendo. Si buscas un lugar donde establecer tu hogar durante todo el a\u00f1o en La Serena, no busques m\u00e1s. Este departamento amoblado en Alto Serena V te brinda la combinaci\u00f3n ideal de comodidad, vistas impresionantes y un entorno seguro.<\/p>\n","protected":false},"excerpt":{"rendered":"<p><span style=\"color: #000000;\">ARRIENDO\u00a0 CONDOMINIO ALTO SERENA V<\/span><\/p>\n<p><span style=\"color: #000000;\">VALOR: $400.000 INCLUIDO GASTOS COMUNES<\/span><\/p>\n<p><span style=\"color: #000000;\">ARRIENDO DE DEPARTAMENTO EL A\u00d1O DE CORRIDO.<\/span><\/p>\n<p><span style=\"color: #000000;\">CONDOMINIO ALTO SERENA V\u00a0 UBICADO EN LA SERENA<\/span><\/p>\n<p><span style=\"color: #000000;\">EL DEPARTAMENTO INCLUYE:<\/span><\/p>\n<p><span style=\"color: #000000;\">-ESTACIONAMIENTO PRIVADO<\/span><\/p>\n<p><span style=\"color: #000000;\">-QUINCHO<\/span><\/p>\n<p><span style=\"color: #000000;\">-BICICLETERO<\/span><\/p>\n<p><span style=\"color: #000000;\">-PISCINA<\/span><\/p>\n<p><span style=\"color: #000000;\">-2 DORMITORIOS<\/span><\/p>\n<p><span style=\"color: #000000;\">-2 BA\u00d1OS<\/span><\/p>\n<p><span style=\"color: #000000;\">A\u00d1O CORRIDO, amoblado, con vista al mar, Puerta del.mar.<\/span><\/p>\n<p><span style=\"color: #000000;\">Condominio ALTO SERENA V, La Serena.<\/span><\/p>\n<p><span style=\"color: #000000;\">Estacionamiento privado, quincho, conserjer\u00eda 24\/7, piscina, bicicletero<\/span><\/p>\n<p><span style=\"color: #000000;\">Depto. Ubicado en cuarto piso, edificio con ascensor.<\/span><br \/>\n<span style=\"color: #000000;\">Arriendo A\u00d1O CORRIDO $400.000 incluido gastos comunes, estacionamiento y bodega<\/span><\/p>\n","protected":false},"featured_media":530,"comment_status":"open","ping_status":"closed","template":"","meta":{"site-sidebar-layout":"default","site-content-layout":"","ast-site-content-layout":"default","site-content-style":"default","site-sidebar-style":"default","ast-global-header-display":"","ast-banner-title-visibility":"","ast-main-header-display":"","ast-hfb-above-header-display":"","ast-hfb-below-header-display":"","ast-hfb-mobile-header-display":"","site-post-title":"","ast-breadcrumbs-content":"","ast-featured-img":"","footer-sml-layout":"","theme-transparent-header-meta":"default","adv-header-id-meta":"","stick-header-meta":"","header-above-stick-meta":"","header-main-stick-meta":"","header-below-stick-meta":"","astra-migrate-meta-layouts":"set","_joinchat":[]},"product_cat":[17],"product_tag":[18],"class_list":{"0":"post-46","1":"product","2":"type-product","3":"status-publish","4":"has-post-thumbnail","6":"product_cat-arriendo-anual","7":"product_tag-departamentos","8":"desktop-align-left","9":"tablet-align-left","10":"mobile-align-left","12":"first","13":"outofstock","14":"sold-individually","15":"shipping-taxable","16":"purchasable","17":"product-type-simple"},"yoast_head":"<!-- This site is optimized with the Yoast SEO plugin v22.7 - https:\/\/yoast.com\/wordpress\/plugins\/seo\/ -->\n<title>CONDOMINIO ALTO SERENA -ARRIENDO DPTO SIN MUEBLES<\/title>\n<meta name=\"description\" content=\"CONDOMINIO ALTO SERENA - ARRIENDO DEPTO SIN MUEBLES A\u00d1O CORRIDO, 2D Y 2B, PUERTA DEL MAR - A\u00d1O CORRIDO $400.000 ESTACIONMANIENTO , BODEGA\" \/>\n<meta name=\"robots\" content=\"index, follow, max-snippet:-1, max-image-preview:large, max-video-preview:-1\" \/>\n<link rel=\"canonical\" href=\"https:\/\/cardemilgestioninmobiliaria.cl\/index.php\/product\/arriendo-depto-sin-muebles-ano-corrido-2d-y-2b-condominio-alto-serena\/\" \/>\n<meta property=\"og:locale\" content=\"en_US\" \/>\n<meta property=\"og:type\" content=\"article\" \/>\n<meta property=\"og:title\" content=\"CONDOMINIO ALTO SERENA -ARRIENDO DPTO SIN MUEBLES\" \/>\n<meta property=\"og:description\" content=\"CONDOMINIO ALTO SERENA - ARRIENDO DEPTO SIN MUEBLES A\u00d1O CORRIDO, 2D Y 2B, PUERTA DEL MAR - A\u00d1O CORRIDO $400.000 ESTACIONMANIENTO , BODEGA\" \/>\n<meta property=\"og:url\" content=\"https:\/\/cardemilgestioninmobiliaria.cl\/index.php\/product\/arriendo-depto-sin-muebles-ano-corrido-2d-y-2b-condominio-alto-serena\/\" \/>\n<meta property=\"og:site_name\" content=\"Arriendo Departamentos | La Serena Coquimbo | Vi\u00f1a del Mar\" \/>\n<meta property=\"article:modified_time\" content=\"2023-10-12T13:32:02+00:00\" \/>\n<meta property=\"og:image\" content=\"https:\/\/cardemilgestioninmobiliaria.cl\/wp-content\/uploads\/2023\/10\/20211007_114608-e1634237420398-scaled.jpg\" \/>\n\t<meta property=\"og:image:width\" content=\"1920\" \/>\n\t<meta property=\"og:image:height\" content=\"2560\" \/>\n\t<meta property=\"og:image:type\" content=\"image\/jpeg\" \/>\n<meta name=\"twitter:card\" content=\"summary_large_image\" \/>\n<meta name=\"twitter:label1\" content=\"Est. reading time\" \/>\n\t<meta name=\"twitter:data1\" content=\"2 minutes\" \/>\n<script type=\"application\/ld+json\" class=\"yoast-schema-graph\">{\"@context\":\"https:\/\/schema.org\",\"@graph\":[{\"@type\":\"WebPage\",\"@id\":\"https:\/\/cardemilgestioninmobiliaria.cl\/index.php\/product\/arriendo-depto-sin-muebles-ano-corrido-2d-y-2b-condominio-alto-serena\/\",\"url\":\"https:\/\/cardemilgestioninmobiliaria.cl\/index.php\/product\/arriendo-depto-sin-muebles-ano-corrido-2d-y-2b-condominio-alto-serena\/\",\"name\":\"CONDOMINIO ALTO SERENA -ARRIENDO DPTO SIN MUEBLES\",\"isPartOf\":{\"@id\":\"https:\/\/cardemilgestioninmobiliaria.cl\/#website\"},\"primaryImageOfPage\":{\"@id\":\"https:\/\/cardemilgestioninmobiliaria.cl\/index.php\/product\/arriendo-depto-sin-muebles-ano-corrido-2d-y-2b-condominio-alto-serena\/#primaryimage\"},\"image\":{\"@id\":\"https:\/\/cardemilgestioninmobiliaria.cl\/index.php\/product\/arriendo-depto-sin-muebles-ano-corrido-2d-y-2b-condominio-alto-serena\/#primaryimage\"},\"thumbnailUrl\":\"https:\/\/cardemilgestioninmobiliaria.cl\/wp-content\/uploads\/2023\/10\/20211007_114608-e1634237420398-scaled.jpg\",\"datePublished\":\"2023-10-06T12:46:56+00:00\",\"dateModified\":\"2023-10-12T13:32:02+00:00\",\"description\":\"CONDOMINIO ALTO SERENA - ARRIENDO DEPTO SIN MUEBLES A\u00d1O CORRIDO, 2D Y 2B, PUERTA DEL MAR - A\u00d1O CORRIDO $400.000 ESTACIONMANIENTO , BODEGA\",\"breadcrumb\":{\"@id\":\"https:\/\/cardemilgestioninmobiliaria.cl\/index.php\/product\/arriendo-depto-sin-muebles-ano-corrido-2d-y-2b-condominio-alto-serena\/#breadcrumb\"},\"inLanguage\":\"en-US\",\"potentialAction\":[{\"@type\":\"ReadAction\",\"target\":[\"https:\/\/cardemilgestioninmobiliaria.cl\/index.php\/product\/arriendo-depto-sin-muebles-ano-corrido-2d-y-2b-condominio-alto-serena\/\"]}]},{\"@type\":\"ImageObject\",\"inLanguage\":\"en-US\",\"@id\":\"https:\/\/cardemilgestioninmobiliaria.cl\/index.php\/product\/arriendo-depto-sin-muebles-ano-corrido-2d-y-2b-condominio-alto-serena\/#primaryimage\",\"url\":\"https:\/\/cardemilgestioninmobiliaria.cl\/wp-content\/uploads\/2023\/10\/20211007_114608-e1634237420398-scaled.jpg\",\"contentUrl\":\"https:\/\/cardemilgestioninmobiliaria.cl\/wp-content\/uploads\/2023\/10\/20211007_114608-e1634237420398-scaled.jpg\",\"width\":1920,\"height\":2560},{\"@type\":\"BreadcrumbList\",\"@id\":\"https:\/\/cardemilgestioninmobiliaria.cl\/index.php\/product\/arriendo-depto-sin-muebles-ano-corrido-2d-y-2b-condominio-alto-serena\/#breadcrumb\",\"itemListElement\":[{\"@type\":\"ListItem\",\"position\":1,\"name\":\"Home\",\"item\":\"https:\/\/cardemilgestioninmobiliaria.cl\/\"},{\"@type\":\"ListItem\",\"position\":2,\"name\":\"Products\",\"item\":\"https:\/\/cardemilgestioninmobiliaria.cl\/index.php\/shop\/\"},{\"@type\":\"ListItem\",\"position\":3,\"name\":\"ARRIENDO DEPTO SIN MUEBLES A\u00d1O CORRIDO, 2D Y 2B, PUERTA DEL MAR\"}]},{\"@type\":\"WebSite\",\"@id\":\"https:\/\/cardemilgestioninmobiliaria.cl\/#website\",\"url\":\"https:\/\/cardemilgestioninmobiliaria.cl\/\",\"name\":\"Arriendo Departamentos | La Serena Coquimbo | Vi\u00f1a del Mar\",\"description\":\"\",\"publisher\":{\"@id\":\"https:\/\/cardemilgestioninmobiliaria.cl\/#organization\"},\"potentialAction\":[{\"@type\":\"SearchAction\",\"target\":{\"@type\":\"EntryPoint\",\"urlTemplate\":\"https:\/\/cardemilgestioninmobiliaria.cl\/?s={search_term_string}\"},\"query-input\":\"required name=search_term_string\"}],\"inLanguage\":\"en-US\"},{\"@type\":\"Organization\",\"@id\":\"https:\/\/cardemilgestioninmobiliaria.cl\/#organization\",\"name\":\"Arriendo Departamentos | La Serena Coquimbo | Vi\u00f1a del Mar\",\"url\":\"https:\/\/cardemilgestioninmobiliaria.cl\/\",\"logo\":{\"@type\":\"ImageObject\",\"inLanguage\":\"en-US\",\"@id\":\"https:\/\/cardemilgestioninmobiliaria.cl\/#\/schema\/logo\/image\/\",\"url\":\"https:\/\/cardemilgestioninmobiliaria.cl\/wp-content\/uploads\/2023\/10\/cropped-logo.png\",\"contentUrl\":\"https:\/\/cardemilgestioninmobiliaria.cl\/wp-content\/uploads\/2023\/10\/cropped-logo.png\",\"width\":312,\"height\":104,\"caption\":\"Arriendo Departamentos  | La Serena Coquimbo | Vi\u00f1a del Mar\"},\"image\":{\"@id\":\"https:\/\/cardemilgestioninmobiliaria.cl\/#\/schema\/logo\/image\/\"}}]}<\/script>\n<!-- \/ Yoast SEO plugin. -->","yoast_head_json":{"title":"CONDOMINIO ALTO SERENA -ARRIENDO DPTO SIN MUEBLES","description":"CONDOMINIO ALTO SERENA - ARRIENDO DEPTO SIN MUEBLES A\u00d1O CORRIDO, 2D Y 2B, PUERTA DEL MAR - A\u00d1O CORRIDO $400.000 ESTACIONMANIENTO , BODEGA","robots":{"index":"index","follow":"follow","max-snippet":"max-snippet:-1","max-image-preview":"max-image-preview:large","max-video-preview":"max-video-preview:-1"},"canonical":"https:\/\/cardemilgestioninmobiliaria.cl\/index.php\/product\/arriendo-depto-sin-muebles-ano-corrido-2d-y-2b-condominio-alto-serena\/","og_locale":"en_US","og_type":"article","og_title":"CONDOMINIO ALTO SERENA -ARRIENDO DPTO SIN MUEBLES","og_description":"CONDOMINIO ALTO SERENA - ARRIENDO DEPTO SIN MUEBLES A\u00d1O CORRIDO, 2D Y 2B, PUERTA DEL MAR - A\u00d1O CORRIDO $400.000 ESTACIONMANIENTO , BODEGA","og_url":"https:\/\/cardemilgestioninmobiliaria.cl\/index.php\/product\/arriendo-depto-sin-muebles-ano-corrido-2d-y-2b-condominio-alto-serena\/","og_site_name":"Arriendo Departamentos | La Serena Coquimbo | Vi\u00f1a del Mar","article_modified_time":"2023-10-12T13:32:02+00:00","og_image":[{"width":1920,"height":2560,"url":"https:\/\/cardemilgestioninmobiliaria.cl\/wp-content\/uploads\/2023\/10\/20211007_114608-e1634237420398-scaled.jpg","type":"image\/jpeg"}],"twitter_card":"summary_large_image","twitter_misc":{"Est. reading time":"2 minutes"},"schema":{"@context":"https:\/\/schema.org","@graph":[{"@type":"WebPage","@id":"https:\/\/cardemilgestioninmobiliaria.cl\/index.php\/product\/arriendo-depto-sin-muebles-ano-corrido-2d-y-2b-condominio-alto-serena\/","url":"https:\/\/cardemilgestioninmobiliaria.cl\/index.php\/product\/arriendo-depto-sin-muebles-ano-corrido-2d-y-2b-condominio-alto-serena\/","name":"CONDOMINIO ALTO SERENA -ARRIENDO DPTO SIN MUEBLES","isPartOf":{"@id":"https:\/\/cardemilgestioninmobiliaria.cl\/#website"},"primaryImageOfPage":{"@id":"https:\/\/cardemilgestioninmobiliaria.cl\/index.php\/product\/arriendo-depto-sin-muebles-ano-corrido-2d-y-2b-condominio-alto-serena\/#primaryimage"},"image":{"@id":"https:\/\/cardemilgestioninmobiliaria.cl\/index.php\/product\/arriendo-depto-sin-muebles-ano-corrido-2d-y-2b-condominio-alto-serena\/#primaryimage"},"thumbnailUrl":"https:\/\/cardemilgestioninmobiliaria.cl\/wp-content\/uploads\/2023\/10\/20211007_114608-e1634237420398-scaled.jpg","datePublished":"2023-10-06T12:46:56+00:00","dateModified":"2023-10-12T13:32:02+00:00","description":"CONDOMINIO ALTO SERENA - ARRIENDO DEPTO SIN MUEBLES A\u00d1O CORRIDO, 2D Y 2B, PUERTA DEL MAR - A\u00d1O CORRIDO $400.000 ESTACIONMANIENTO , BODEGA","breadcrumb":{"@id":"https:\/\/cardemilgestioninmobiliaria.cl\/index.php\/product\/arriendo-depto-sin-muebles-ano-corrido-2d-y-2b-condominio-alto-serena\/#breadcrumb"},"inLanguage":"en-US","potentialAction":[{"@type":"ReadAction","target":["https:\/\/cardemilgestioninmobiliaria.cl\/index.php\/product\/arriendo-depto-sin-muebles-ano-corrido-2d-y-2b-condominio-alto-serena\/"]}]},{"@type":"ImageObject","inLanguage":"en-US","@id":"https:\/\/cardemilgestioninmobiliaria.cl\/index.php\/product\/arriendo-depto-sin-muebles-ano-corrido-2d-y-2b-condominio-alto-serena\/#primaryimage","url":"https:\/\/cardemilgestioninmobiliaria.cl\/wp-content\/uploads\/2023\/10\/20211007_114608-e1634237420398-scaled.jpg","contentUrl":"https:\/\/cardemilgestioninmobiliaria.cl\/wp-content\/uploads\/2023\/10\/20211007_114608-e1634237420398-scaled.jpg","width":1920,"height":2560},{"@type":"BreadcrumbList","@id":"https:\/\/cardemilgestioninmobiliaria.cl\/index.php\/product\/arriendo-depto-sin-muebles-ano-corrido-2d-y-2b-condominio-alto-serena\/#breadcrumb","itemListElement":[{"@type":"ListItem","position":1,"name":"Home","item":"https:\/\/cardemilgestioninmobiliaria.cl\/"},{"@type":"ListItem","position":2,"name":"Products","item":"https:\/\/cardemilgestioninmobiliaria.cl\/index.php\/shop\/"},{"@type":"ListItem","position":3,"name":"ARRIENDO DEPTO SIN MUEBLES A\u00d1O CORRIDO, 2D Y 2B, PUERTA DEL MAR"}]},{"@type":"WebSite","@id":"https:\/\/cardemilgestioninmobiliaria.cl\/#website","url":"https:\/\/cardemilgestioninmobiliaria.cl\/","name":"Arriendo Departamentos | La Serena Coquimbo | Vi\u00f1a del Mar","description":"","publisher":{"@id":"https:\/\/cardemilgestioninmobiliaria.cl\/#organization"},"potentialAction":[{"@type":"SearchAction","target":{"@type":"EntryPoint","urlTemplate":"https:\/\/cardemilgestioninmobiliaria.cl\/?s={search_term_string}"},"query-input":"required name=search_term_string"}],"inLanguage":"en-US"},{"@type":"Organization","@id":"https:\/\/cardemilgestioninmobiliaria.cl\/#organization","name":"Arriendo Departamentos | La Serena Coquimbo | Vi\u00f1a del Mar","url":"https:\/\/cardemilgestioninmobiliaria.cl\/","logo":{"@type":"ImageObject","inLanguage":"en-US","@id":"https:\/\/cardemilgestioninmobiliaria.cl\/#\/schema\/logo\/image\/","url":"https:\/\/cardemilgestioninmobiliaria.cl\/wp-content\/uploads\/2023\/10\/cropped-logo.png","contentUrl":"https:\/\/cardemilgestioninmobiliaria.cl\/wp-content\/uploads\/2023\/10\/cropped-logo.png","width":312,"height":104,"caption":"Arriendo Departamentos  | La Serena Coquimbo | Vi\u00f1a del Mar"},"image":{"@id":"https:\/\/cardemilgestioninmobiliaria.cl\/#\/schema\/logo\/image\/"}}]}},"_links":{"self":[{"href":"https:\/\/cardemilgestioninmobiliaria.cl\/index.php\/wp-json\/wp\/v2\/product\/46","targetHints":{"allow":["GET"]}}],"collection":[{"href":"https:\/\/cardemilgestioninmobiliaria.cl\/index.php\/wp-json\/wp\/v2\/product"}],"about":[{"href":"https:\/\/cardemilgestioninmobiliaria.cl\/index.php\/wp-json\/wp\/v2\/types\/product"}],"replies":[{"embeddable":true,"href":"https:\/\/cardemilgestioninmobiliaria.cl\/index.php\/wp-json\/wp\/v2\/comments?post=46"}],"wp:featuredmedia":[{"embeddable":true,"href":"https:\/\/cardemilgestioninmobiliaria.cl\/index.php\/wp-json\/wp\/v2\/media\/530"}],"wp:attachment":[{"href":"https:\/\/cardemilgestioninmobiliaria.cl\/index.php\/wp-json\/wp\/v2\/media?parent=46"}],"wp:term":[{"taxonomy":"product_cat","embeddable":true,"href":"https:\/\/cardemilgestioninmobiliaria.cl\/index.php\/wp-json\/wp\/v2\/product_cat?post=46"},{"taxonomy":"product_tag","embeddable":true,"href":"https:\/\/cardemilgestioninmobiliaria.cl\/index.php\/wp-json\/wp\/v2\/product_tag?post=46"}],"curies":[{"name":"wp","href":"https:\/\/api.w.org\/{rel}","templated":true}]}}