{"id":41,"date":"2023-10-06T12:46:54","date_gmt":"2023-10-06T12:46:54","guid":{"rendered":"https:\/\/cardemilgestioninmobiliaria.cl\/?post_type=product&#038;p=41"},"modified":"2025-05-29T15:21:35","modified_gmt":"2025-05-29T15:21:35","slug":"arriendo-la-serena-dept-amoblado-3d-y-2b","status":"publish","type":"product","link":"https:\/\/cardemilgestioninmobiliaria.cl\/index.php\/product\/arriendo-la-serena-dept-amoblado-3d-y-2b\/","title":{"rendered":"ARRIENDO DEPT AMOBLADO, 3D Y 2B, JARDIN PACIFICO 1"},"content":{"rendered":"<p><strong>Arriendo en La Serena &#8211; Condominio Jardines del Pac\u00edfico, Puerta del Mar:<\/strong><\/p>\n<p>Este departamento, ubicado dentro del Condominio Jardines del Pac\u00edfico en el sector de Puerta del Mar, en La Serena, es una oportunidad \u00fanica de arriendo. La propiedad est\u00e1 estrat\u00e9gicamente ubicada, cerca de un centro comercial, supermercados, colegios y universidades. Adem\u00e1s, disfrutar\u00e1s de una excelente conectividad con el centro de la ciudad y una vista privilegiada de la playa.<\/p>\n<p><strong>Caracter\u00edsticas del Condominio:<\/strong><\/p>\n<p>El condominio ofrece:<\/p>\n<ul>\n<li>Hermosos Espacios Comunes y \u00c1reas Verdes para disfrutar al aire libre.<\/li>\n<li>Acceso Controlado para garantizar tu seguridad y privacidad.<\/li>\n<li>\u00c1reas de Recreaci\u00f3n, que incluyen quinchos, juegos infantiles modulares, m\u00e1quinas para hacer ejercicio al aire libre y bicicleteros.<\/li>\n<li>Una Gran Piscina para relajarte y disfrutar los d\u00edas soleados.<\/li>\n<\/ul>\n<p><strong>Caracter\u00edsticas del Departamento:<\/strong><\/p>\n<p>Este departamento, completamente amoblado, tiene una superficie de 65 metros cuadrados y se encuentra en el quinto piso (sin ascensor), con vista hacia el oriente. Ofrece:<\/p>\n<ul>\n<li>3 Dormitorios, brindando espacio para tu familia o invitados.<\/li>\n<li>1,5 Ba\u00f1os para mayor comodidad y privacidad.<\/li>\n<li>Una Cocina Americana completamente equipada para tus necesidades culinarias.<\/li>\n<li>Loggia cerrada con calef\u00f3n con bi-funcionamiento de paneles solares versus gas, adem\u00e1s de conexi\u00f3n para lavadora.<\/li>\n<li>Piso flotante en todo el departamento, proporcionando un ambiente acogedor.<\/li>\n<\/ul>\n<p><strong>Tarifa de Arriendo:<\/strong><\/p>\n<p>El costo del arriendo es de $400,000, que incluye los gastos comunes, garantizando una experiencia de arriendo sin complicaciones en este condominio excepcional.<\/p>\n<p>Este departamento es una oportunidad \u00fanica para vivir en una ubicaci\u00f3n privilegiada en La Serena. \u00a1No dejes pasar esta oportunidad y cont\u00e1ctanos para obtener m\u00e1s informaci\u00f3n y programar una visita! Tu nuevo hogar te espera.<\/p>\n","protected":false},"excerpt":{"rendered":"<p>ARRIENDO LA SERENA DENTRO DE EL CONDOMINIO JARDINES DEL PACIFICO , UBICADO EN EL SECTOR DE PUERTA DEL MAR, CERCANO A UN CENTRO COMERCIAL, SUPERMERCADOS, COLEGIOS Y UNIVERSIDADES, ADEM\u00c1S DE TENER UNA GRAN CONECTIVIDAD CON EL CENTRO, LA CIUDAD Y UNA VISTA PRIVILEGIADA DE LA PLAYA.<\/p>\n<ul>\n<li>SIN ASCENSORES<\/li>\n<li>HERMOSOS ESPACIOS COMUNES Y \u00c1REAS VERDES.<\/li>\n<li>UBICADO EN LA AV PACIFICO 510, LA SERENA<\/li>\n<li>A PASOS DE LA AV DEL MAR Y DE LA RUTA 5.<\/li>\n<li>CON UNA VISTA PRECIOSA DE LA AV DEL MAR.<\/li>\n<li>SUS \u00c1REAS COMUNES CUENTAN CON QUINCHOS, JUEGOS INFANTILES MODULARES, M\u00c1QUINAS PARA HACER EJERCICIOS AL AIRE LIBRE, BICICLETEROS, GRAN PISCINA Y ACCESO CONTROLADO.<\/li>\n<li>\n<div>\n<div>$ 400.000 INCLUIDO GASTOS COMUNES<\/div>\n<div>EL DEPARTAMENTO AMOBLADO TIENE 65 M2<\/div>\n<\/div>\n<div>\n<ul>\n<li>3 DORMITORIO<\/li>\n<li>1,5 BA\u00d1OS<\/li>\n<li>PISO 5<\/li>\n<li>SIN ASCENSOR<\/li>\n<li>VISTA ORIENTE<\/li>\n<li>COCINA AMERICANA FULL EQUIPADA<\/li>\n<li>LOGGIA CERRADA CON CALEFONT CON BI-FUNCIONAMIENTO DE PANELES SOLARES V\/S GAS. Y CONEXI\u00d3N PARA\u00a0LAVADORA<\/li>\n<li>PISO FLOTANTE EN TODO EL DEPARTAMENTO<\/li>\n<\/ul>\n<\/div>\n<\/li>\n<\/ul>\n","protected":false},"featured_media":430,"comment_status":"open","ping_status":"closed","template":"","meta":{"site-sidebar-layout":"default","site-content-layout":"","ast-site-content-layout":"default","site-content-style":"default","site-sidebar-style":"default","ast-global-header-display":"","ast-banner-title-visibility":"","ast-main-header-display":"","ast-hfb-above-header-display":"","ast-hfb-below-header-display":"","ast-hfb-mobile-header-display":"","site-post-title":"","ast-breadcrumbs-content":"","ast-featured-img":"","footer-sml-layout":"","theme-transparent-header-meta":"default","adv-header-id-meta":"","stick-header-meta":"","header-above-stick-meta":"","header-main-stick-meta":"","header-below-stick-meta":"","astra-migrate-meta-layouts":"set","_joinchat":[]},"product_cat":[17],"product_tag":[18],"class_list":{"0":"post-41","1":"product","2":"type-product","3":"status-publish","4":"has-post-thumbnail","6":"product_cat-arriendo-anual","7":"product_tag-departamentos","8":"desktop-align-left","9":"tablet-align-left","10":"mobile-align-left","12":"first","13":"outofstock","14":"shipping-taxable","15":"purchasable","16":"product-type-simple"},"yoast_head":"<!-- This site is optimized with the Yoast SEO plugin v22.7 - https:\/\/yoast.com\/wordpress\/plugins\/seo\/ -->\n<title>ARRIENDO LA SERENA | DEPTO AMOBLADO | IV REGION<\/title>\n<meta name=\"description\" content=\"ARRIENDO LA SERENA | DEPTO AMOBLADO EN CONDOMINIO JARDINES DEL PAC\u00cdFICO III | 3 DORMITORIOS , 2 BA\u00d1OS , UBICADO EN EL PISO 5\" \/>\n<meta name=\"robots\" content=\"index, follow, max-snippet:-1, max-image-preview:large, max-video-preview:-1\" \/>\n<link rel=\"canonical\" href=\"https:\/\/cardemilgestioninmobiliaria.cl\/index.php\/product\/arriendo-la-serena-dept-amoblado-3d-y-2b\/\" \/>\n<meta property=\"og:locale\" content=\"en_US\" \/>\n<meta property=\"og:type\" content=\"article\" \/>\n<meta property=\"og:title\" content=\"ARRIENDO LA SERENA | DEPTO AMOBLADO | IV REGION\" \/>\n<meta property=\"og:description\" content=\"ARRIENDO LA SERENA | DEPTO AMOBLADO EN CONDOMINIO JARDINES DEL PAC\u00cdFICO III | 3 DORMITORIOS , 2 BA\u00d1OS , UBICADO EN EL PISO 5\" \/>\n<meta property=\"og:url\" content=\"https:\/\/cardemilgestioninmobiliaria.cl\/index.php\/product\/arriendo-la-serena-dept-amoblado-3d-y-2b\/\" \/>\n<meta property=\"og:site_name\" content=\"Arriendo Departamentos | La Serena Coquimbo | Vi\u00f1a del Mar\" \/>\n<meta property=\"article:modified_time\" content=\"2025-05-29T15:21:35+00:00\" \/>\n<meta property=\"og:image\" content=\"https:\/\/cardemilgestioninmobiliaria.cl\/wp-content\/uploads\/2023\/10\/20210310_175723-scaled.jpg\" \/>\n\t<meta property=\"og:image:width\" content=\"2560\" \/>\n\t<meta property=\"og:image:height\" content=\"1920\" \/>\n\t<meta property=\"og:image:type\" content=\"image\/jpeg\" \/>\n<meta name=\"twitter:card\" content=\"summary_large_image\" \/>\n<meta name=\"twitter:label1\" content=\"Est. reading time\" \/>\n\t<meta name=\"twitter:data1\" content=\"2 minutes\" \/>\n<script type=\"application\/ld+json\" class=\"yoast-schema-graph\">{\"@context\":\"https:\/\/schema.org\",\"@graph\":[{\"@type\":\"WebPage\",\"@id\":\"https:\/\/cardemilgestioninmobiliaria.cl\/index.php\/product\/arriendo-la-serena-dept-amoblado-3d-y-2b\/\",\"url\":\"https:\/\/cardemilgestioninmobiliaria.cl\/index.php\/product\/arriendo-la-serena-dept-amoblado-3d-y-2b\/\",\"name\":\"ARRIENDO LA SERENA | DEPTO AMOBLADO | IV REGION\",\"isPartOf\":{\"@id\":\"https:\/\/cardemilgestioninmobiliaria.cl\/#website\"},\"primaryImageOfPage\":{\"@id\":\"https:\/\/cardemilgestioninmobiliaria.cl\/index.php\/product\/arriendo-la-serena-dept-amoblado-3d-y-2b\/#primaryimage\"},\"image\":{\"@id\":\"https:\/\/cardemilgestioninmobiliaria.cl\/index.php\/product\/arriendo-la-serena-dept-amoblado-3d-y-2b\/#primaryimage\"},\"thumbnailUrl\":\"https:\/\/cardemilgestioninmobiliaria.cl\/wp-content\/uploads\/2023\/10\/20210310_175723-scaled.jpg\",\"datePublished\":\"2023-10-06T12:46:54+00:00\",\"dateModified\":\"2025-05-29T15:21:35+00:00\",\"description\":\"ARRIENDO LA SERENA | DEPTO AMOBLADO EN CONDOMINIO JARDINES DEL PAC\u00cdFICO III | 3 DORMITORIOS , 2 BA\u00d1OS , UBICADO EN EL PISO 5\",\"breadcrumb\":{\"@id\":\"https:\/\/cardemilgestioninmobiliaria.cl\/index.php\/product\/arriendo-la-serena-dept-amoblado-3d-y-2b\/#breadcrumb\"},\"inLanguage\":\"en-US\",\"potentialAction\":[{\"@type\":\"ReadAction\",\"target\":[\"https:\/\/cardemilgestioninmobiliaria.cl\/index.php\/product\/arriendo-la-serena-dept-amoblado-3d-y-2b\/\"]}]},{\"@type\":\"ImageObject\",\"inLanguage\":\"en-US\",\"@id\":\"https:\/\/cardemilgestioninmobiliaria.cl\/index.php\/product\/arriendo-la-serena-dept-amoblado-3d-y-2b\/#primaryimage\",\"url\":\"https:\/\/cardemilgestioninmobiliaria.cl\/wp-content\/uploads\/2023\/10\/20210310_175723-scaled.jpg\",\"contentUrl\":\"https:\/\/cardemilgestioninmobiliaria.cl\/wp-content\/uploads\/2023\/10\/20210310_175723-scaled.jpg\",\"width\":2560,\"height\":1920},{\"@type\":\"BreadcrumbList\",\"@id\":\"https:\/\/cardemilgestioninmobiliaria.cl\/index.php\/product\/arriendo-la-serena-dept-amoblado-3d-y-2b\/#breadcrumb\",\"itemListElement\":[{\"@type\":\"ListItem\",\"position\":1,\"name\":\"Home\",\"item\":\"https:\/\/cardemilgestioninmobiliaria.cl\/\"},{\"@type\":\"ListItem\",\"position\":2,\"name\":\"Products\",\"item\":\"https:\/\/cardemilgestioninmobiliaria.cl\/index.php\/shop\/\"},{\"@type\":\"ListItem\",\"position\":3,\"name\":\"ARRIENDO DEPT AMOBLADO, 3D Y 2B, JARDIN PACIFICO 1\"}]},{\"@type\":\"WebSite\",\"@id\":\"https:\/\/cardemilgestioninmobiliaria.cl\/#website\",\"url\":\"https:\/\/cardemilgestioninmobiliaria.cl\/\",\"name\":\"Arriendo Departamentos | La Serena Coquimbo | Vi\u00f1a del Mar\",\"description\":\"\",\"publisher\":{\"@id\":\"https:\/\/cardemilgestioninmobiliaria.cl\/#organization\"},\"potentialAction\":[{\"@type\":\"SearchAction\",\"target\":{\"@type\":\"EntryPoint\",\"urlTemplate\":\"https:\/\/cardemilgestioninmobiliaria.cl\/?s={search_term_string}\"},\"query-input\":\"required name=search_term_string\"}],\"inLanguage\":\"en-US\"},{\"@type\":\"Organization\",\"@id\":\"https:\/\/cardemilgestioninmobiliaria.cl\/#organization\",\"name\":\"Arriendo Departamentos | La Serena Coquimbo | Vi\u00f1a del Mar\",\"url\":\"https:\/\/cardemilgestioninmobiliaria.cl\/\",\"logo\":{\"@type\":\"ImageObject\",\"inLanguage\":\"en-US\",\"@id\":\"https:\/\/cardemilgestioninmobiliaria.cl\/#\/schema\/logo\/image\/\",\"url\":\"https:\/\/cardemilgestioninmobiliaria.cl\/wp-content\/uploads\/2023\/10\/cropped-logo.png\",\"contentUrl\":\"https:\/\/cardemilgestioninmobiliaria.cl\/wp-content\/uploads\/2023\/10\/cropped-logo.png\",\"width\":312,\"height\":104,\"caption\":\"Arriendo Departamentos  | La Serena Coquimbo | Vi\u00f1a del Mar\"},\"image\":{\"@id\":\"https:\/\/cardemilgestioninmobiliaria.cl\/#\/schema\/logo\/image\/\"}}]}<\/script>\n<!-- \/ Yoast SEO plugin. -->","yoast_head_json":{"title":"ARRIENDO LA SERENA | DEPTO AMOBLADO | IV REGION","description":"ARRIENDO LA SERENA | DEPTO AMOBLADO EN CONDOMINIO JARDINES DEL PAC\u00cdFICO III | 3 DORMITORIOS , 2 BA\u00d1OS , UBICADO EN EL PISO 5","robots":{"index":"index","follow":"follow","max-snippet":"max-snippet:-1","max-image-preview":"max-image-preview:large","max-video-preview":"max-video-preview:-1"},"canonical":"https:\/\/cardemilgestioninmobiliaria.cl\/index.php\/product\/arriendo-la-serena-dept-amoblado-3d-y-2b\/","og_locale":"en_US","og_type":"article","og_title":"ARRIENDO LA SERENA | DEPTO AMOBLADO | IV REGION","og_description":"ARRIENDO LA SERENA | DEPTO AMOBLADO EN CONDOMINIO JARDINES DEL PAC\u00cdFICO III | 3 DORMITORIOS , 2 BA\u00d1OS , UBICADO EN EL PISO 5","og_url":"https:\/\/cardemilgestioninmobiliaria.cl\/index.php\/product\/arriendo-la-serena-dept-amoblado-3d-y-2b\/","og_site_name":"Arriendo Departamentos | La Serena Coquimbo | Vi\u00f1a del Mar","article_modified_time":"2025-05-29T15:21:35+00:00","og_image":[{"width":2560,"height":1920,"url":"https:\/\/cardemilgestioninmobiliaria.cl\/wp-content\/uploads\/2023\/10\/20210310_175723-scaled.jpg","type":"image\/jpeg"}],"twitter_card":"summary_large_image","twitter_misc":{"Est. reading time":"2 minutes"},"schema":{"@context":"https:\/\/schema.org","@graph":[{"@type":"WebPage","@id":"https:\/\/cardemilgestioninmobiliaria.cl\/index.php\/product\/arriendo-la-serena-dept-amoblado-3d-y-2b\/","url":"https:\/\/cardemilgestioninmobiliaria.cl\/index.php\/product\/arriendo-la-serena-dept-amoblado-3d-y-2b\/","name":"ARRIENDO LA SERENA | DEPTO AMOBLADO | IV REGION","isPartOf":{"@id":"https:\/\/cardemilgestioninmobiliaria.cl\/#website"},"primaryImageOfPage":{"@id":"https:\/\/cardemilgestioninmobiliaria.cl\/index.php\/product\/arriendo-la-serena-dept-amoblado-3d-y-2b\/#primaryimage"},"image":{"@id":"https:\/\/cardemilgestioninmobiliaria.cl\/index.php\/product\/arriendo-la-serena-dept-amoblado-3d-y-2b\/#primaryimage"},"thumbnailUrl":"https:\/\/cardemilgestioninmobiliaria.cl\/wp-content\/uploads\/2023\/10\/20210310_175723-scaled.jpg","datePublished":"2023-10-06T12:46:54+00:00","dateModified":"2025-05-29T15:21:35+00:00","description":"ARRIENDO LA SERENA | DEPTO AMOBLADO EN CONDOMINIO JARDINES DEL PAC\u00cdFICO III | 3 DORMITORIOS , 2 BA\u00d1OS , UBICADO EN EL PISO 5","breadcrumb":{"@id":"https:\/\/cardemilgestioninmobiliaria.cl\/index.php\/product\/arriendo-la-serena-dept-amoblado-3d-y-2b\/#breadcrumb"},"inLanguage":"en-US","potentialAction":[{"@type":"ReadAction","target":["https:\/\/cardemilgestioninmobiliaria.cl\/index.php\/product\/arriendo-la-serena-dept-amoblado-3d-y-2b\/"]}]},{"@type":"ImageObject","inLanguage":"en-US","@id":"https:\/\/cardemilgestioninmobiliaria.cl\/index.php\/product\/arriendo-la-serena-dept-amoblado-3d-y-2b\/#primaryimage","url":"https:\/\/cardemilgestioninmobiliaria.cl\/wp-content\/uploads\/2023\/10\/20210310_175723-scaled.jpg","contentUrl":"https:\/\/cardemilgestioninmobiliaria.cl\/wp-content\/uploads\/2023\/10\/20210310_175723-scaled.jpg","width":2560,"height":1920},{"@type":"BreadcrumbList","@id":"https:\/\/cardemilgestioninmobiliaria.cl\/index.php\/product\/arriendo-la-serena-dept-amoblado-3d-y-2b\/#breadcrumb","itemListElement":[{"@type":"ListItem","position":1,"name":"Home","item":"https:\/\/cardemilgestioninmobiliaria.cl\/"},{"@type":"ListItem","position":2,"name":"Products","item":"https:\/\/cardemilgestioninmobiliaria.cl\/index.php\/shop\/"},{"@type":"ListItem","position":3,"name":"ARRIENDO DEPT AMOBLADO, 3D Y 2B, JARDIN PACIFICO 1"}]},{"@type":"WebSite","@id":"https:\/\/cardemilgestioninmobiliaria.cl\/#website","url":"https:\/\/cardemilgestioninmobiliaria.cl\/","name":"Arriendo Departamentos | La Serena Coquimbo | Vi\u00f1a del Mar","description":"","publisher":{"@id":"https:\/\/cardemilgestioninmobiliaria.cl\/#organization"},"potentialAction":[{"@type":"SearchAction","target":{"@type":"EntryPoint","urlTemplate":"https:\/\/cardemilgestioninmobiliaria.cl\/?s={search_term_string}"},"query-input":"required name=search_term_string"}],"inLanguage":"en-US"},{"@type":"Organization","@id":"https:\/\/cardemilgestioninmobiliaria.cl\/#organization","name":"Arriendo Departamentos | La Serena Coquimbo | Vi\u00f1a del Mar","url":"https:\/\/cardemilgestioninmobiliaria.cl\/","logo":{"@type":"ImageObject","inLanguage":"en-US","@id":"https:\/\/cardemilgestioninmobiliaria.cl\/#\/schema\/logo\/image\/","url":"https:\/\/cardemilgestioninmobiliaria.cl\/wp-content\/uploads\/2023\/10\/cropped-logo.png","contentUrl":"https:\/\/cardemilgestioninmobiliaria.cl\/wp-content\/uploads\/2023\/10\/cropped-logo.png","width":312,"height":104,"caption":"Arriendo Departamentos  | La Serena Coquimbo | Vi\u00f1a del Mar"},"image":{"@id":"https:\/\/cardemilgestioninmobiliaria.cl\/#\/schema\/logo\/image\/"}}]}},"_links":{"self":[{"href":"https:\/\/cardemilgestioninmobiliaria.cl\/index.php\/wp-json\/wp\/v2\/product\/41","targetHints":{"allow":["GET"]}}],"collection":[{"href":"https:\/\/cardemilgestioninmobiliaria.cl\/index.php\/wp-json\/wp\/v2\/product"}],"about":[{"href":"https:\/\/cardemilgestioninmobiliaria.cl\/index.php\/wp-json\/wp\/v2\/types\/product"}],"replies":[{"embeddable":true,"href":"https:\/\/cardemilgestioninmobiliaria.cl\/index.php\/wp-json\/wp\/v2\/comments?post=41"}],"wp:featuredmedia":[{"embeddable":true,"href":"https:\/\/cardemilgestioninmobiliaria.cl\/index.php\/wp-json\/wp\/v2\/media\/430"}],"wp:attachment":[{"href":"https:\/\/cardemilgestioninmobiliaria.cl\/index.php\/wp-json\/wp\/v2\/media?parent=41"}],"wp:term":[{"taxonomy":"product_cat","embeddable":true,"href":"https:\/\/cardemilgestioninmobiliaria.cl\/index.php\/wp-json\/wp\/v2\/product_cat?post=41"},{"taxonomy":"product_tag","embeddable":true,"href":"https:\/\/cardemilgestioninmobiliaria.cl\/index.php\/wp-json\/wp\/v2\/product_tag?post=41"}],"curies":[{"name":"wp","href":"https:\/\/api.w.org\/{rel}","templated":true}]}}