{"id":36,"date":"2023-10-06T12:46:53","date_gmt":"2023-10-06T12:46:53","guid":{"rendered":"https:\/\/cardemilgestioninmobiliaria.cl\/?post_type=product&#038;p=36"},"modified":"2025-06-02T08:04:21","modified_gmt":"2025-06-02T08:04:21","slug":"arriendo-depatamento-coquimbo-amoblado-2d-y-2b-4-pers","status":"publish","type":"product","link":"https:\/\/cardemilgestioninmobiliaria.cl\/index.php\/product\/arriendo-depatamento-coquimbo-amoblado-2d-y-2b-4-pers\/","title":{"rendered":"ARRIENDO DEPTO AMOBLADO, 2D Y 2B, COSTA ELQUI, 4 pers"},"content":{"rendered":"<p><strong>Arriendo de Departamento en Coquimbo &#8211; Condominio Costa Elqui:<\/strong><\/p>\n<p>Este hermoso departamento amoblado en el Condominio Costa Elqui est\u00e1 disponible para arriendo durante todo el a\u00f1o a un precio de:<\/p>\n<ul>\n<li>$450,000, que incluye gastos comunes (A\u00f1o Corrido).<\/li>\n<li>$400,000, que incluye gastos comunes (Marzo a Diciembre).<\/li>\n<li>$60,000 por d\u00eda.<\/li>\n<\/ul>\n<p><strong>Ubicaci\u00f3n Privilegiada:<\/strong><\/p>\n<p>El condominio est\u00e1 ubicado en la Av. Los Pescadores, a solo media cuadra de la Av. del Mar, cerca de restaurantes y con f\u00e1cil acceso a la Ruta 5. Disfrutar\u00e1s de una vista impresionante de la Av. del Mar y su entorno.<\/p>\n<p><strong>Caracter\u00edsticas del Departamento:<\/strong><\/p>\n<p>El departamento ofrece:<\/p>\n<ul>\n<li>2 Dormitorios espaciosos para tu comodidad.<\/li>\n<li>2 Ba\u00f1os, uno de ellos en la habitaci\u00f3n principal.<\/li>\n<li>Una Cocina cerrada, completamente equipada.<\/li>\n<li>Una Sala de Estar y Comedor para relajarte y disfrutar de las comidas.<\/li>\n<li>Un Balc\u00f3n con vista al mar, ideal para momentos de relajaci\u00f3n.<\/li>\n<li>Se incluyen s\u00e1banas y se ofrece WiFi ilimitado.<\/li>\n<li>Cada dormitorio cuenta con su propia TV.<\/li>\n<li>La habitaci\u00f3n principal cuenta con un ba\u00f1o en suite y un walk-in closet.<\/li>\n<li>Se encuentra en el sexto piso.<\/li>\n<li>Se ofrece un servicio de aseo final por $23,000.<\/li>\n<\/ul>\n<p><strong>Tarifa Diaria:<\/strong><\/p>\n<p>El valor diario de arriendo es de $66,000.<\/p>\n<p>Este arriendo departamento Coquimbo\u00a0 es la elecci\u00f3n perfecta para aquellos que buscan un lugar c\u00f3modo y bien ubicado en Coquimbo. \u00a1No pierdas la oportunidad y cont\u00e1ctanos para obtener m\u00e1s informaci\u00f3n y coordinar una visita!<\/p>\n<p>No dudes en contactarnos para obtener m\u00e1s informaci\u00f3n y agendar una visita. Estamos aqu\u00ed para ayudarte a encontrar tu nuevo hogar para vacacionar en el Condominio Costa Elqui. \u00a1No dejes pasar esta oportunidad y cont\u00e1ctanos hoy mismo!<\/p>\n<p>&nbsp;<\/p>\n","protected":false},"excerpt":{"rendered":"<div>ARRIENDO DEPARTAMENTO COQUIMBO, DEPTO AMOBLADO.<\/div>\n<div>$ 450.000 INCL GASTOS COMUN A\u00d1O CORRIDO.<\/div>\n<div>$ 400.000 INCL GASTOS COMUNES MARZO A DIC.<\/div>\n<div>$ 60.000 DIARIO<\/div>\n<div>ES EL CONDOMINIO COSTA ELQUI, UBICADO ATR\u00c1S DEL CASINO ENJOY coquimbo , A PASOS DE LA AV DEL MAR Y DE LA RUTA 5, CON UNA VISTA PRECIOSA DE LA AV DEL MAR, QUEDA EN LA AV LOS PESCADORES A MEDIA CUADRA DE LA AV DEL MAR, restaurantes. ( AV LOS PESCADORES )<\/div>\n<div><\/div>\n<div>EL\u00a0CONDOMINIO\u00a0INCLUYE:<\/div>\n<div>\n<ol>\n<li>2 DORMITORIO GRANDES<\/li>\n<li>2 BA\u00d1OS<\/li>\n<li>COCINA\u00a0 CERRADA<\/li>\n<li>LIVING<\/li>\n<li>COMEDOR<\/li>\n<li>BALCON CON VISTA AL\u00a0MAR\u00a0COMO LO MUESTRA EL LINK<\/li>\n<li>SABANAS<\/li>\n<li>WIFI ILIMITADOS<\/li>\n<li>TODOS LOS DORMITORIOS CON TV<\/li>\n<li>MATRIMONIAL EN SUITE Y WALKING CLOSET<\/li>\n<li>PISO 6<\/li>\n<li>ASEO FINAL $ 23.000<\/li>\n<li><\/li>\n<\/ol>\n<\/div>\n<div>\n<div dir=\"ltr\">\n<div dir=\"ltr\">\n<div dir=\"ltr\">\n<div dir=\"ltr\">\n<div>\n<div><span style=\"color: #000000; font-family: arial, sans-serif;\">\u00a0\u00a0\u00a0\u00a0\u00a0\u00a0 $ 66.000 VALOR DIARIO<\/span><\/div>\n<\/div>\n<\/div>\n<\/div>\n<\/div>\n<\/div>\n<\/div>\n","protected":false},"featured_media":343,"comment_status":"open","ping_status":"closed","template":"","meta":{"site-sidebar-layout":"default","site-content-layout":"","ast-site-content-layout":"default","site-content-style":"default","site-sidebar-style":"default","ast-global-header-display":"","ast-banner-title-visibility":"","ast-main-header-display":"","ast-hfb-above-header-display":"","ast-hfb-below-header-display":"","ast-hfb-mobile-header-display":"","site-post-title":"","ast-breadcrumbs-content":"","ast-featured-img":"","footer-sml-layout":"","theme-transparent-header-meta":"default","adv-header-id-meta":"","stick-header-meta":"","header-above-stick-meta":"","header-main-stick-meta":"","header-below-stick-meta":"","astra-migrate-meta-layouts":"set","_joinchat":[]},"product_cat":[17,19,21],"product_tag":[18],"class_list":{"0":"post-36","1":"product","2":"type-product","3":"status-publish","4":"has-post-thumbnail","6":"product_cat-arriendo-anual","7":"product_cat-arriendo-diario","8":"product_cat-arriendo-marzo-diciembre","9":"product_tag-departamentos","10":"desktop-align-left","11":"tablet-align-left","12":"mobile-align-left","14":"first","15":"outofstock","16":"shipping-taxable","17":"purchasable","18":"product-type-simple"},"yoast_head":"<!-- This site is optimized with the Yoast SEO plugin v22.7 - https:\/\/yoast.com\/wordpress\/plugins\/seo\/ -->\n<title>ARRIENDO DEPARTAMENTO COQUIMBO | COSTA ELQUI<\/title>\n<meta name=\"description\" content=\"ARRIENDO DEPARTAMENTO COQUIMBO | EL CONDOMINIO COSTA ELQUI, UBICADO ATR\u00c1S DEL CASINO ENJOY coquimbo , A PASOS DE LA AV DEL MAR Y DE LA RUTA 5.\" \/>\n<meta name=\"robots\" content=\"index, follow, max-snippet:-1, max-image-preview:large, max-video-preview:-1\" \/>\n<link rel=\"canonical\" href=\"https:\/\/cardemilgestioninmobiliaria.cl\/index.php\/product\/arriendo-depatamento-coquimbo-amoblado-2d-y-2b-4-pers\/\" \/>\n<meta property=\"og:locale\" content=\"en_US\" \/>\n<meta property=\"og:type\" content=\"article\" \/>\n<meta property=\"og:title\" content=\"ARRIENDO DEPARTAMENTO COQUIMBO | COSTA ELQUI\" \/>\n<meta property=\"og:description\" content=\"ARRIENDO DEPARTAMENTO COQUIMBO | EL CONDOMINIO COSTA ELQUI, UBICADO ATR\u00c1S DEL CASINO ENJOY coquimbo , A PASOS DE LA AV DEL MAR Y DE LA RUTA 5.\" \/>\n<meta property=\"og:url\" content=\"https:\/\/cardemilgestioninmobiliaria.cl\/index.php\/product\/arriendo-depatamento-coquimbo-amoblado-2d-y-2b-4-pers\/\" \/>\n<meta property=\"og:site_name\" content=\"Arriendo Departamentos | La Serena Coquimbo | Vi\u00f1a del Mar\" \/>\n<meta property=\"article:modified_time\" content=\"2025-06-02T08:04:21+00:00\" \/>\n<meta property=\"og:image\" content=\"https:\/\/cardemilgestioninmobiliaria.cl\/wp-content\/uploads\/2023\/10\/IMG-20210110-WA0039.jpg\" \/>\n\t<meta property=\"og:image:width\" content=\"1071\" \/>\n\t<meta property=\"og:image:height\" content=\"1071\" \/>\n\t<meta property=\"og:image:type\" content=\"image\/jpeg\" \/>\n<meta name=\"twitter:card\" content=\"summary_large_image\" \/>\n<meta name=\"twitter:label1\" content=\"Est. reading time\" \/>\n\t<meta name=\"twitter:data1\" content=\"2 minutes\" \/>\n<script type=\"application\/ld+json\" class=\"yoast-schema-graph\">{\"@context\":\"https:\/\/schema.org\",\"@graph\":[{\"@type\":\"WebPage\",\"@id\":\"https:\/\/cardemilgestioninmobiliaria.cl\/index.php\/product\/arriendo-depatamento-coquimbo-amoblado-2d-y-2b-4-pers\/\",\"url\":\"https:\/\/cardemilgestioninmobiliaria.cl\/index.php\/product\/arriendo-depatamento-coquimbo-amoblado-2d-y-2b-4-pers\/\",\"name\":\"ARRIENDO DEPARTAMENTO COQUIMBO | COSTA ELQUI\",\"isPartOf\":{\"@id\":\"https:\/\/cardemilgestioninmobiliaria.cl\/#website\"},\"primaryImageOfPage\":{\"@id\":\"https:\/\/cardemilgestioninmobiliaria.cl\/index.php\/product\/arriendo-depatamento-coquimbo-amoblado-2d-y-2b-4-pers\/#primaryimage\"},\"image\":{\"@id\":\"https:\/\/cardemilgestioninmobiliaria.cl\/index.php\/product\/arriendo-depatamento-coquimbo-amoblado-2d-y-2b-4-pers\/#primaryimage\"},\"thumbnailUrl\":\"https:\/\/cardemilgestioninmobiliaria.cl\/wp-content\/uploads\/2023\/10\/IMG-20210110-WA0039.jpg\",\"datePublished\":\"2023-10-06T12:46:53+00:00\",\"dateModified\":\"2025-06-02T08:04:21+00:00\",\"description\":\"ARRIENDO DEPARTAMENTO COQUIMBO | EL CONDOMINIO COSTA ELQUI, UBICADO ATR\u00c1S DEL CASINO ENJOY coquimbo , A PASOS DE LA AV DEL MAR Y DE LA RUTA 5.\",\"breadcrumb\":{\"@id\":\"https:\/\/cardemilgestioninmobiliaria.cl\/index.php\/product\/arriendo-depatamento-coquimbo-amoblado-2d-y-2b-4-pers\/#breadcrumb\"},\"inLanguage\":\"en-US\",\"potentialAction\":[{\"@type\":\"ReadAction\",\"target\":[\"https:\/\/cardemilgestioninmobiliaria.cl\/index.php\/product\/arriendo-depatamento-coquimbo-amoblado-2d-y-2b-4-pers\/\"]}]},{\"@type\":\"ImageObject\",\"inLanguage\":\"en-US\",\"@id\":\"https:\/\/cardemilgestioninmobiliaria.cl\/index.php\/product\/arriendo-depatamento-coquimbo-amoblado-2d-y-2b-4-pers\/#primaryimage\",\"url\":\"https:\/\/cardemilgestioninmobiliaria.cl\/wp-content\/uploads\/2023\/10\/IMG-20210110-WA0039.jpg\",\"contentUrl\":\"https:\/\/cardemilgestioninmobiliaria.cl\/wp-content\/uploads\/2023\/10\/IMG-20210110-WA0039.jpg\",\"width\":1071,\"height\":1071},{\"@type\":\"BreadcrumbList\",\"@id\":\"https:\/\/cardemilgestioninmobiliaria.cl\/index.php\/product\/arriendo-depatamento-coquimbo-amoblado-2d-y-2b-4-pers\/#breadcrumb\",\"itemListElement\":[{\"@type\":\"ListItem\",\"position\":1,\"name\":\"Home\",\"item\":\"https:\/\/cardemilgestioninmobiliaria.cl\/\"},{\"@type\":\"ListItem\",\"position\":2,\"name\":\"Products\",\"item\":\"https:\/\/cardemilgestioninmobiliaria.cl\/index.php\/shop\/\"},{\"@type\":\"ListItem\",\"position\":3,\"name\":\"ARRIENDO DEPTO AMOBLADO, 2D Y 2B, COSTA ELQUI, 4 pers\"}]},{\"@type\":\"WebSite\",\"@id\":\"https:\/\/cardemilgestioninmobiliaria.cl\/#website\",\"url\":\"https:\/\/cardemilgestioninmobiliaria.cl\/\",\"name\":\"Arriendo Departamentos | La Serena Coquimbo | Vi\u00f1a del Mar\",\"description\":\"\",\"publisher\":{\"@id\":\"https:\/\/cardemilgestioninmobiliaria.cl\/#organization\"},\"potentialAction\":[{\"@type\":\"SearchAction\",\"target\":{\"@type\":\"EntryPoint\",\"urlTemplate\":\"https:\/\/cardemilgestioninmobiliaria.cl\/?s={search_term_string}\"},\"query-input\":\"required name=search_term_string\"}],\"inLanguage\":\"en-US\"},{\"@type\":\"Organization\",\"@id\":\"https:\/\/cardemilgestioninmobiliaria.cl\/#organization\",\"name\":\"Arriendo Departamentos | La Serena Coquimbo | Vi\u00f1a del Mar\",\"url\":\"https:\/\/cardemilgestioninmobiliaria.cl\/\",\"logo\":{\"@type\":\"ImageObject\",\"inLanguage\":\"en-US\",\"@id\":\"https:\/\/cardemilgestioninmobiliaria.cl\/#\/schema\/logo\/image\/\",\"url\":\"https:\/\/cardemilgestioninmobiliaria.cl\/wp-content\/uploads\/2023\/10\/cropped-logo.png\",\"contentUrl\":\"https:\/\/cardemilgestioninmobiliaria.cl\/wp-content\/uploads\/2023\/10\/cropped-logo.png\",\"width\":312,\"height\":104,\"caption\":\"Arriendo Departamentos  | La Serena Coquimbo | Vi\u00f1a del Mar\"},\"image\":{\"@id\":\"https:\/\/cardemilgestioninmobiliaria.cl\/#\/schema\/logo\/image\/\"}}]}<\/script>\n<!-- \/ Yoast SEO plugin. -->","yoast_head_json":{"title":"ARRIENDO DEPARTAMENTO COQUIMBO | COSTA ELQUI","description":"ARRIENDO DEPARTAMENTO COQUIMBO | EL CONDOMINIO COSTA ELQUI, UBICADO ATR\u00c1S DEL CASINO ENJOY coquimbo , A PASOS DE LA AV DEL MAR Y DE LA RUTA 5.","robots":{"index":"index","follow":"follow","max-snippet":"max-snippet:-1","max-image-preview":"max-image-preview:large","max-video-preview":"max-video-preview:-1"},"canonical":"https:\/\/cardemilgestioninmobiliaria.cl\/index.php\/product\/arriendo-depatamento-coquimbo-amoblado-2d-y-2b-4-pers\/","og_locale":"en_US","og_type":"article","og_title":"ARRIENDO DEPARTAMENTO COQUIMBO | COSTA ELQUI","og_description":"ARRIENDO DEPARTAMENTO COQUIMBO | EL CONDOMINIO COSTA ELQUI, UBICADO ATR\u00c1S DEL CASINO ENJOY coquimbo , A PASOS DE LA AV DEL MAR Y DE LA RUTA 5.","og_url":"https:\/\/cardemilgestioninmobiliaria.cl\/index.php\/product\/arriendo-depatamento-coquimbo-amoblado-2d-y-2b-4-pers\/","og_site_name":"Arriendo Departamentos | La Serena Coquimbo | Vi\u00f1a del Mar","article_modified_time":"2025-06-02T08:04:21+00:00","og_image":[{"width":1071,"height":1071,"url":"https:\/\/cardemilgestioninmobiliaria.cl\/wp-content\/uploads\/2023\/10\/IMG-20210110-WA0039.jpg","type":"image\/jpeg"}],"twitter_card":"summary_large_image","twitter_misc":{"Est. reading time":"2 minutes"},"schema":{"@context":"https:\/\/schema.org","@graph":[{"@type":"WebPage","@id":"https:\/\/cardemilgestioninmobiliaria.cl\/index.php\/product\/arriendo-depatamento-coquimbo-amoblado-2d-y-2b-4-pers\/","url":"https:\/\/cardemilgestioninmobiliaria.cl\/index.php\/product\/arriendo-depatamento-coquimbo-amoblado-2d-y-2b-4-pers\/","name":"ARRIENDO DEPARTAMENTO COQUIMBO | COSTA ELQUI","isPartOf":{"@id":"https:\/\/cardemilgestioninmobiliaria.cl\/#website"},"primaryImageOfPage":{"@id":"https:\/\/cardemilgestioninmobiliaria.cl\/index.php\/product\/arriendo-depatamento-coquimbo-amoblado-2d-y-2b-4-pers\/#primaryimage"},"image":{"@id":"https:\/\/cardemilgestioninmobiliaria.cl\/index.php\/product\/arriendo-depatamento-coquimbo-amoblado-2d-y-2b-4-pers\/#primaryimage"},"thumbnailUrl":"https:\/\/cardemilgestioninmobiliaria.cl\/wp-content\/uploads\/2023\/10\/IMG-20210110-WA0039.jpg","datePublished":"2023-10-06T12:46:53+00:00","dateModified":"2025-06-02T08:04:21+00:00","description":"ARRIENDO DEPARTAMENTO COQUIMBO | EL CONDOMINIO COSTA ELQUI, UBICADO ATR\u00c1S DEL CASINO ENJOY coquimbo , A PASOS DE LA AV DEL MAR Y DE LA RUTA 5.","breadcrumb":{"@id":"https:\/\/cardemilgestioninmobiliaria.cl\/index.php\/product\/arriendo-depatamento-coquimbo-amoblado-2d-y-2b-4-pers\/#breadcrumb"},"inLanguage":"en-US","potentialAction":[{"@type":"ReadAction","target":["https:\/\/cardemilgestioninmobiliaria.cl\/index.php\/product\/arriendo-depatamento-coquimbo-amoblado-2d-y-2b-4-pers\/"]}]},{"@type":"ImageObject","inLanguage":"en-US","@id":"https:\/\/cardemilgestioninmobiliaria.cl\/index.php\/product\/arriendo-depatamento-coquimbo-amoblado-2d-y-2b-4-pers\/#primaryimage","url":"https:\/\/cardemilgestioninmobiliaria.cl\/wp-content\/uploads\/2023\/10\/IMG-20210110-WA0039.jpg","contentUrl":"https:\/\/cardemilgestioninmobiliaria.cl\/wp-content\/uploads\/2023\/10\/IMG-20210110-WA0039.jpg","width":1071,"height":1071},{"@type":"BreadcrumbList","@id":"https:\/\/cardemilgestioninmobiliaria.cl\/index.php\/product\/arriendo-depatamento-coquimbo-amoblado-2d-y-2b-4-pers\/#breadcrumb","itemListElement":[{"@type":"ListItem","position":1,"name":"Home","item":"https:\/\/cardemilgestioninmobiliaria.cl\/"},{"@type":"ListItem","position":2,"name":"Products","item":"https:\/\/cardemilgestioninmobiliaria.cl\/index.php\/shop\/"},{"@type":"ListItem","position":3,"name":"ARRIENDO DEPTO AMOBLADO, 2D Y 2B, COSTA ELQUI, 4 pers"}]},{"@type":"WebSite","@id":"https:\/\/cardemilgestioninmobiliaria.cl\/#website","url":"https:\/\/cardemilgestioninmobiliaria.cl\/","name":"Arriendo Departamentos | La Serena Coquimbo | Vi\u00f1a del Mar","description":"","publisher":{"@id":"https:\/\/cardemilgestioninmobiliaria.cl\/#organization"},"potentialAction":[{"@type":"SearchAction","target":{"@type":"EntryPoint","urlTemplate":"https:\/\/cardemilgestioninmobiliaria.cl\/?s={search_term_string}"},"query-input":"required name=search_term_string"}],"inLanguage":"en-US"},{"@type":"Organization","@id":"https:\/\/cardemilgestioninmobiliaria.cl\/#organization","name":"Arriendo Departamentos | La Serena Coquimbo | Vi\u00f1a del Mar","url":"https:\/\/cardemilgestioninmobiliaria.cl\/","logo":{"@type":"ImageObject","inLanguage":"en-US","@id":"https:\/\/cardemilgestioninmobiliaria.cl\/#\/schema\/logo\/image\/","url":"https:\/\/cardemilgestioninmobiliaria.cl\/wp-content\/uploads\/2023\/10\/cropped-logo.png","contentUrl":"https:\/\/cardemilgestioninmobiliaria.cl\/wp-content\/uploads\/2023\/10\/cropped-logo.png","width":312,"height":104,"caption":"Arriendo Departamentos  | La Serena Coquimbo | Vi\u00f1a del Mar"},"image":{"@id":"https:\/\/cardemilgestioninmobiliaria.cl\/#\/schema\/logo\/image\/"}}]}},"_links":{"self":[{"href":"https:\/\/cardemilgestioninmobiliaria.cl\/index.php\/wp-json\/wp\/v2\/product\/36","targetHints":{"allow":["GET"]}}],"collection":[{"href":"https:\/\/cardemilgestioninmobiliaria.cl\/index.php\/wp-json\/wp\/v2\/product"}],"about":[{"href":"https:\/\/cardemilgestioninmobiliaria.cl\/index.php\/wp-json\/wp\/v2\/types\/product"}],"replies":[{"embeddable":true,"href":"https:\/\/cardemilgestioninmobiliaria.cl\/index.php\/wp-json\/wp\/v2\/comments?post=36"}],"wp:featuredmedia":[{"embeddable":true,"href":"https:\/\/cardemilgestioninmobiliaria.cl\/index.php\/wp-json\/wp\/v2\/media\/343"}],"wp:attachment":[{"href":"https:\/\/cardemilgestioninmobiliaria.cl\/index.php\/wp-json\/wp\/v2\/media?parent=36"}],"wp:term":[{"taxonomy":"product_cat","embeddable":true,"href":"https:\/\/cardemilgestioninmobiliaria.cl\/index.php\/wp-json\/wp\/v2\/product_cat?post=36"},{"taxonomy":"product_tag","embeddable":true,"href":"https:\/\/cardemilgestioninmobiliaria.cl\/index.php\/wp-json\/wp\/v2\/product_tag?post=36"}],"curies":[{"name":"wp","href":"https:\/\/api.w.org\/{rel}","templated":true}]}}