{"id":31,"date":"2023-10-06T12:46:51","date_gmt":"2023-10-06T12:46:51","guid":{"rendered":"https:\/\/cardemilgestioninmobiliaria.cl\/?post_type=product&#038;p=31"},"modified":"2024-11-07T20:16:49","modified_gmt":"2024-11-07T20:16:49","slug":"departamento-la-herradura-ano-corrido-4-pers-piso-20","status":"publish","type":"product","link":"https:\/\/cardemilgestioninmobiliaria.cl\/index.php\/product\/departamento-la-herradura-ano-corrido-4-pers-piso-20\/","title":{"rendered":"ARRIENDO DEPARTAMENTO A\u00d1O CORRIDO, 4 PERS, PISO 20, LA HERRADURA"},"content":{"rendered":"<div class=\"flex flex-grow flex-col gap-3 max-w-full\">\n<div class=\"min-h-[20px] flex flex-col items-start gap-3 whitespace-pre-wrap break-words overflow-x-auto\">\n<div class=\"markdown prose w-full break-words dark:prose-invert light\">\n<p><strong>Departamento en La Serena con Vista a la Playa en 1\u00aa L\u00ednea de La Herradura<\/strong><\/p>\n<p>Este departamento en La Serena goza de una ubicaci\u00f3n excepcional, situado en 1\u00aa l\u00ednea de La Herradura y con acceso directo a la playa desde el condominio. Adem\u00e1s, disfruta de una conveniente proximidad a la Ruta 5, lo que permite una salida directa a la playa, y se encuentra justo en frente de paradas de transporte p\u00fablico y un supermercado, facilitando tu estad\u00eda.<\/p>\n<p>El condominio en s\u00ed ofrece un ambiente lleno de comodidades que te permitir\u00e1n aprovechar al m\u00e1ximo tu tiempo en La Serena. Entre las facilidades se encuentran una piscina, un quincho con vista panor\u00e1mica a la playa, juegos infantiles, lavander\u00eda, estacionamiento y ascensores.<\/p>\n<p>El departamento en arriendo cuenta con 2 dormitorios, 2 ba\u00f1os, una cocina americana, sala de estar y un balc\u00f3n con impresionante vista al mar. Con capacidad para 4 personas, se ubica en el piso 20, ofreciendo una experiencia \u00fanica en la costa de La Serena.<\/p>\n<p>El costo de arriendo es de $335,000 al a\u00f1o, y este monto incluye los gastos comunes. El consumo de agua caliente se paga por separado.<\/p>\n<p>Si est\u00e1s interesado en obtener m\u00e1s detalles o visitar este departamento para vivir una experiencia inolvidable en La Serena, no dudes en ponerte en contacto con nosotros via whatsapp o llamando al n\u00famero telef\u00f3nico.<\/p>\n<p>No pierdas la oportunidad de disfrutar de esta oportunidad ahora mismo \u00a1Este es el lugar perfecto para disfrutar de la playa y la tranquilidad de la costa!<\/p>\n<\/div>\n<\/div>\n<\/div>\n","protected":false},"excerpt":{"rendered":"<p>DEPARTAMENTO LA SERENA UBICADO EN 1\u00b0 LINEA DE LA HERRADURA, QUEDA AL FRENTE DE LA RUTA 5, SALIDA DIRECTA A LA PLAYA, LOCOMOCI\u00d3N Y SUPERMERCADO AL FRENTE,<\/p>\n<div>\n<div><\/div>\n<div>EL CONDOMINIO INCLUYE:<\/div>\n<div>\n<ol>\n<li>PISCINA<\/li>\n<li>QUINCHO CON VISTA A LA PLAY<\/li>\n<li>JUEGOS INFANTILES<\/li>\n<li>LAVANDER\u00cdA<\/li>\n<li>ESTACIONAMIENTO<\/li>\n<li>ASCENSORES<\/li>\n<\/ol>\n<div>\n<div>$ 335.000 INCLUIDO GASTOS COMUNES A\u00d1O CORRIDO SE CANCELA A PARTE EL CONSUMO AGUA CALIENTE<\/div>\n<\/div>\n<div>EL DEPARTAMENTO INCLUYE:<\/div>\n<div>\n<p>2 DORMITORIOS<\/p>\n<p>2 BA\u00d1OS<\/p>\n<p>COCINA AMERICANA<\/p>\n<p>LIVING<\/p>\n<p>BALCON CON VISTA AL MAR COMO LO MUESTRA EL LINKS<\/p>\n<p>CAPACIDAD 4\u00a0 PERSONAS<\/p>\n<p>PISO 20<\/p>\n<p>&nbsp;<\/p>\n<div><\/div>\n<\/div>\n<\/div>\n<\/div>\n","protected":false},"featured_media":236,"comment_status":"open","ping_status":"closed","template":"","meta":{"site-sidebar-layout":"default","site-content-layout":"","ast-site-content-layout":"default","site-content-style":"default","site-sidebar-style":"default","ast-global-header-display":"","ast-banner-title-visibility":"","ast-main-header-display":"","ast-hfb-above-header-display":"","ast-hfb-below-header-display":"","ast-hfb-mobile-header-display":"","site-post-title":"","ast-breadcrumbs-content":"","ast-featured-img":"","footer-sml-layout":"","theme-transparent-header-meta":"default","adv-header-id-meta":"","stick-header-meta":"","header-above-stick-meta":"","header-main-stick-meta":"","header-below-stick-meta":"","astra-migrate-meta-layouts":"set","_joinchat":[]},"product_cat":[17],"product_tag":[18],"class_list":{"0":"post-31","1":"product","2":"type-product","3":"status-publish","4":"has-post-thumbnail","6":"product_cat-arriendo-anual","7":"product_tag-departamentos","8":"desktop-align-left","9":"tablet-align-left","10":"mobile-align-left","12":"first","13":"outofstock","14":"shipping-taxable","15":"purchasable","16":"product-type-simple"},"yoast_head":"<!-- This site is optimized with the Yoast SEO plugin v22.7 - https:\/\/yoast.com\/wordpress\/plugins\/seo\/ -->\n<title>DEPARTAMENTO LA HERRADURA , LA SERENA , ARRIENDO<\/title>\n<meta name=\"description\" content=\"DEPARTAMENTO LA HERRADURA, LA SERENA | $335.000 INCLUIDO GASTOS COMUNES, A\u00d1O CORRIDO , 2 DORMITORIOS , 2 BA\u00d1OS , COCINA AMERICANA\" \/>\n<meta name=\"robots\" content=\"index, follow, max-snippet:-1, max-image-preview:large, max-video-preview:-1\" \/>\n<link rel=\"canonical\" href=\"https:\/\/cardemilgestioninmobiliaria.cl\/index.php\/product\/departamento-la-herradura-ano-corrido-4-pers-piso-20\/\" \/>\n<meta property=\"og:locale\" content=\"en_US\" \/>\n<meta property=\"og:type\" content=\"article\" \/>\n<meta property=\"og:title\" content=\"DEPARTAMENTO LA HERRADURA , LA SERENA , ARRIENDO\" \/>\n<meta property=\"og:description\" content=\"DEPARTAMENTO LA HERRADURA, LA SERENA | $335.000 INCLUIDO GASTOS COMUNES, A\u00d1O CORRIDO , 2 DORMITORIOS , 2 BA\u00d1OS , COCINA AMERICANA\" \/>\n<meta property=\"og:url\" content=\"https:\/\/cardemilgestioninmobiliaria.cl\/index.php\/product\/departamento-la-herradura-ano-corrido-4-pers-piso-20\/\" \/>\n<meta property=\"og:site_name\" content=\"Arriendo Departamentos | La Serena Coquimbo | Vi\u00f1a del Mar\" \/>\n<meta property=\"article:modified_time\" content=\"2024-11-07T20:16:49+00:00\" \/>\n<meta property=\"og:image\" content=\"https:\/\/cardemilgestioninmobiliaria.cl\/wp-content\/uploads\/2023\/10\/IMG-20200125-WA0071.jpg\" \/>\n\t<meta property=\"og:image:width\" content=\"1280\" \/>\n\t<meta property=\"og:image:height\" content=\"960\" \/>\n\t<meta property=\"og:image:type\" content=\"image\/jpeg\" \/>\n<meta name=\"twitter:card\" content=\"summary_large_image\" \/>\n<meta name=\"twitter:label1\" content=\"Est. reading time\" \/>\n\t<meta name=\"twitter:data1\" content=\"2 minutes\" \/>\n<script type=\"application\/ld+json\" class=\"yoast-schema-graph\">{\"@context\":\"https:\/\/schema.org\",\"@graph\":[{\"@type\":\"WebPage\",\"@id\":\"https:\/\/cardemilgestioninmobiliaria.cl\/index.php\/product\/departamento-la-herradura-ano-corrido-4-pers-piso-20\/\",\"url\":\"https:\/\/cardemilgestioninmobiliaria.cl\/index.php\/product\/departamento-la-herradura-ano-corrido-4-pers-piso-20\/\",\"name\":\"DEPARTAMENTO LA HERRADURA , LA SERENA , ARRIENDO\",\"isPartOf\":{\"@id\":\"https:\/\/cardemilgestioninmobiliaria.cl\/#website\"},\"primaryImageOfPage\":{\"@id\":\"https:\/\/cardemilgestioninmobiliaria.cl\/index.php\/product\/departamento-la-herradura-ano-corrido-4-pers-piso-20\/#primaryimage\"},\"image\":{\"@id\":\"https:\/\/cardemilgestioninmobiliaria.cl\/index.php\/product\/departamento-la-herradura-ano-corrido-4-pers-piso-20\/#primaryimage\"},\"thumbnailUrl\":\"https:\/\/cardemilgestioninmobiliaria.cl\/wp-content\/uploads\/2023\/10\/IMG-20200125-WA0071.jpg\",\"datePublished\":\"2023-10-06T12:46:51+00:00\",\"dateModified\":\"2024-11-07T20:16:49+00:00\",\"description\":\"DEPARTAMENTO LA HERRADURA, LA SERENA | $335.000 INCLUIDO GASTOS COMUNES, A\u00d1O CORRIDO , 2 DORMITORIOS , 2 BA\u00d1OS , COCINA AMERICANA\",\"breadcrumb\":{\"@id\":\"https:\/\/cardemilgestioninmobiliaria.cl\/index.php\/product\/departamento-la-herradura-ano-corrido-4-pers-piso-20\/#breadcrumb\"},\"inLanguage\":\"en-US\",\"potentialAction\":[{\"@type\":\"ReadAction\",\"target\":[\"https:\/\/cardemilgestioninmobiliaria.cl\/index.php\/product\/departamento-la-herradura-ano-corrido-4-pers-piso-20\/\"]}]},{\"@type\":\"ImageObject\",\"inLanguage\":\"en-US\",\"@id\":\"https:\/\/cardemilgestioninmobiliaria.cl\/index.php\/product\/departamento-la-herradura-ano-corrido-4-pers-piso-20\/#primaryimage\",\"url\":\"https:\/\/cardemilgestioninmobiliaria.cl\/wp-content\/uploads\/2023\/10\/IMG-20200125-WA0071.jpg\",\"contentUrl\":\"https:\/\/cardemilgestioninmobiliaria.cl\/wp-content\/uploads\/2023\/10\/IMG-20200125-WA0071.jpg\",\"width\":1280,\"height\":960},{\"@type\":\"BreadcrumbList\",\"@id\":\"https:\/\/cardemilgestioninmobiliaria.cl\/index.php\/product\/departamento-la-herradura-ano-corrido-4-pers-piso-20\/#breadcrumb\",\"itemListElement\":[{\"@type\":\"ListItem\",\"position\":1,\"name\":\"Home\",\"item\":\"https:\/\/cardemilgestioninmobiliaria.cl\/\"},{\"@type\":\"ListItem\",\"position\":2,\"name\":\"Products\",\"item\":\"https:\/\/cardemilgestioninmobiliaria.cl\/index.php\/shop\/\"},{\"@type\":\"ListItem\",\"position\":3,\"name\":\"ARRIENDO DEPARTAMENTO A\u00d1O CORRIDO, 4 PERS, PISO 20, LA HERRADURA\"}]},{\"@type\":\"WebSite\",\"@id\":\"https:\/\/cardemilgestioninmobiliaria.cl\/#website\",\"url\":\"https:\/\/cardemilgestioninmobiliaria.cl\/\",\"name\":\"Arriendo Departamentos | La Serena Coquimbo | Vi\u00f1a del Mar\",\"description\":\"\",\"publisher\":{\"@id\":\"https:\/\/cardemilgestioninmobiliaria.cl\/#organization\"},\"potentialAction\":[{\"@type\":\"SearchAction\",\"target\":{\"@type\":\"EntryPoint\",\"urlTemplate\":\"https:\/\/cardemilgestioninmobiliaria.cl\/?s={search_term_string}\"},\"query-input\":\"required name=search_term_string\"}],\"inLanguage\":\"en-US\"},{\"@type\":\"Organization\",\"@id\":\"https:\/\/cardemilgestioninmobiliaria.cl\/#organization\",\"name\":\"Arriendo Departamentos | La Serena Coquimbo | Vi\u00f1a del Mar\",\"url\":\"https:\/\/cardemilgestioninmobiliaria.cl\/\",\"logo\":{\"@type\":\"ImageObject\",\"inLanguage\":\"en-US\",\"@id\":\"https:\/\/cardemilgestioninmobiliaria.cl\/#\/schema\/logo\/image\/\",\"url\":\"https:\/\/cardemilgestioninmobiliaria.cl\/wp-content\/uploads\/2023\/10\/cropped-logo.png\",\"contentUrl\":\"https:\/\/cardemilgestioninmobiliaria.cl\/wp-content\/uploads\/2023\/10\/cropped-logo.png\",\"width\":312,\"height\":104,\"caption\":\"Arriendo Departamentos  | La Serena Coquimbo | Vi\u00f1a del Mar\"},\"image\":{\"@id\":\"https:\/\/cardemilgestioninmobiliaria.cl\/#\/schema\/logo\/image\/\"}}]}<\/script>\n<!-- \/ Yoast SEO plugin. -->","yoast_head_json":{"title":"DEPARTAMENTO LA HERRADURA , LA SERENA , ARRIENDO","description":"DEPARTAMENTO LA HERRADURA, LA SERENA | $335.000 INCLUIDO GASTOS COMUNES, A\u00d1O CORRIDO , 2 DORMITORIOS , 2 BA\u00d1OS , COCINA AMERICANA","robots":{"index":"index","follow":"follow","max-snippet":"max-snippet:-1","max-image-preview":"max-image-preview:large","max-video-preview":"max-video-preview:-1"},"canonical":"https:\/\/cardemilgestioninmobiliaria.cl\/index.php\/product\/departamento-la-herradura-ano-corrido-4-pers-piso-20\/","og_locale":"en_US","og_type":"article","og_title":"DEPARTAMENTO LA HERRADURA , LA SERENA , ARRIENDO","og_description":"DEPARTAMENTO LA HERRADURA, LA SERENA | $335.000 INCLUIDO GASTOS COMUNES, A\u00d1O CORRIDO , 2 DORMITORIOS , 2 BA\u00d1OS , COCINA AMERICANA","og_url":"https:\/\/cardemilgestioninmobiliaria.cl\/index.php\/product\/departamento-la-herradura-ano-corrido-4-pers-piso-20\/","og_site_name":"Arriendo Departamentos | La Serena Coquimbo | Vi\u00f1a del Mar","article_modified_time":"2024-11-07T20:16:49+00:00","og_image":[{"width":1280,"height":960,"url":"https:\/\/cardemilgestioninmobiliaria.cl\/wp-content\/uploads\/2023\/10\/IMG-20200125-WA0071.jpg","type":"image\/jpeg"}],"twitter_card":"summary_large_image","twitter_misc":{"Est. reading time":"2 minutes"},"schema":{"@context":"https:\/\/schema.org","@graph":[{"@type":"WebPage","@id":"https:\/\/cardemilgestioninmobiliaria.cl\/index.php\/product\/departamento-la-herradura-ano-corrido-4-pers-piso-20\/","url":"https:\/\/cardemilgestioninmobiliaria.cl\/index.php\/product\/departamento-la-herradura-ano-corrido-4-pers-piso-20\/","name":"DEPARTAMENTO LA HERRADURA , LA SERENA , ARRIENDO","isPartOf":{"@id":"https:\/\/cardemilgestioninmobiliaria.cl\/#website"},"primaryImageOfPage":{"@id":"https:\/\/cardemilgestioninmobiliaria.cl\/index.php\/product\/departamento-la-herradura-ano-corrido-4-pers-piso-20\/#primaryimage"},"image":{"@id":"https:\/\/cardemilgestioninmobiliaria.cl\/index.php\/product\/departamento-la-herradura-ano-corrido-4-pers-piso-20\/#primaryimage"},"thumbnailUrl":"https:\/\/cardemilgestioninmobiliaria.cl\/wp-content\/uploads\/2023\/10\/IMG-20200125-WA0071.jpg","datePublished":"2023-10-06T12:46:51+00:00","dateModified":"2024-11-07T20:16:49+00:00","description":"DEPARTAMENTO LA HERRADURA, LA SERENA | $335.000 INCLUIDO GASTOS COMUNES, A\u00d1O CORRIDO , 2 DORMITORIOS , 2 BA\u00d1OS , COCINA AMERICANA","breadcrumb":{"@id":"https:\/\/cardemilgestioninmobiliaria.cl\/index.php\/product\/departamento-la-herradura-ano-corrido-4-pers-piso-20\/#breadcrumb"},"inLanguage":"en-US","potentialAction":[{"@type":"ReadAction","target":["https:\/\/cardemilgestioninmobiliaria.cl\/index.php\/product\/departamento-la-herradura-ano-corrido-4-pers-piso-20\/"]}]},{"@type":"ImageObject","inLanguage":"en-US","@id":"https:\/\/cardemilgestioninmobiliaria.cl\/index.php\/product\/departamento-la-herradura-ano-corrido-4-pers-piso-20\/#primaryimage","url":"https:\/\/cardemilgestioninmobiliaria.cl\/wp-content\/uploads\/2023\/10\/IMG-20200125-WA0071.jpg","contentUrl":"https:\/\/cardemilgestioninmobiliaria.cl\/wp-content\/uploads\/2023\/10\/IMG-20200125-WA0071.jpg","width":1280,"height":960},{"@type":"BreadcrumbList","@id":"https:\/\/cardemilgestioninmobiliaria.cl\/index.php\/product\/departamento-la-herradura-ano-corrido-4-pers-piso-20\/#breadcrumb","itemListElement":[{"@type":"ListItem","position":1,"name":"Home","item":"https:\/\/cardemilgestioninmobiliaria.cl\/"},{"@type":"ListItem","position":2,"name":"Products","item":"https:\/\/cardemilgestioninmobiliaria.cl\/index.php\/shop\/"},{"@type":"ListItem","position":3,"name":"ARRIENDO DEPARTAMENTO A\u00d1O CORRIDO, 4 PERS, PISO 20, LA HERRADURA"}]},{"@type":"WebSite","@id":"https:\/\/cardemilgestioninmobiliaria.cl\/#website","url":"https:\/\/cardemilgestioninmobiliaria.cl\/","name":"Arriendo Departamentos | La Serena Coquimbo | Vi\u00f1a del Mar","description":"","publisher":{"@id":"https:\/\/cardemilgestioninmobiliaria.cl\/#organization"},"potentialAction":[{"@type":"SearchAction","target":{"@type":"EntryPoint","urlTemplate":"https:\/\/cardemilgestioninmobiliaria.cl\/?s={search_term_string}"},"query-input":"required name=search_term_string"}],"inLanguage":"en-US"},{"@type":"Organization","@id":"https:\/\/cardemilgestioninmobiliaria.cl\/#organization","name":"Arriendo Departamentos | La Serena Coquimbo | Vi\u00f1a del Mar","url":"https:\/\/cardemilgestioninmobiliaria.cl\/","logo":{"@type":"ImageObject","inLanguage":"en-US","@id":"https:\/\/cardemilgestioninmobiliaria.cl\/#\/schema\/logo\/image\/","url":"https:\/\/cardemilgestioninmobiliaria.cl\/wp-content\/uploads\/2023\/10\/cropped-logo.png","contentUrl":"https:\/\/cardemilgestioninmobiliaria.cl\/wp-content\/uploads\/2023\/10\/cropped-logo.png","width":312,"height":104,"caption":"Arriendo Departamentos  | La Serena Coquimbo | Vi\u00f1a del Mar"},"image":{"@id":"https:\/\/cardemilgestioninmobiliaria.cl\/#\/schema\/logo\/image\/"}}]}},"_links":{"self":[{"href":"https:\/\/cardemilgestioninmobiliaria.cl\/index.php\/wp-json\/wp\/v2\/product\/31","targetHints":{"allow":["GET"]}}],"collection":[{"href":"https:\/\/cardemilgestioninmobiliaria.cl\/index.php\/wp-json\/wp\/v2\/product"}],"about":[{"href":"https:\/\/cardemilgestioninmobiliaria.cl\/index.php\/wp-json\/wp\/v2\/types\/product"}],"replies":[{"embeddable":true,"href":"https:\/\/cardemilgestioninmobiliaria.cl\/index.php\/wp-json\/wp\/v2\/comments?post=31"}],"wp:featuredmedia":[{"embeddable":true,"href":"https:\/\/cardemilgestioninmobiliaria.cl\/index.php\/wp-json\/wp\/v2\/media\/236"}],"wp:attachment":[{"href":"https:\/\/cardemilgestioninmobiliaria.cl\/index.php\/wp-json\/wp\/v2\/media?parent=31"}],"wp:term":[{"taxonomy":"product_cat","embeddable":true,"href":"https:\/\/cardemilgestioninmobiliaria.cl\/index.php\/wp-json\/wp\/v2\/product_cat?post=31"},{"taxonomy":"product_tag","embeddable":true,"href":"https:\/\/cardemilgestioninmobiliaria.cl\/index.php\/wp-json\/wp\/v2\/product_tag?post=31"}],"curies":[{"name":"wp","href":"https:\/\/api.w.org\/{rel}","templated":true}]}}