{"id":29,"date":"2023-10-06T12:46:51","date_gmt":"2023-10-06T12:46:51","guid":{"rendered":"https:\/\/cardemilgestioninmobiliaria.cl\/?post_type=product&#038;p=29"},"modified":"2025-06-02T16:14:42","modified_gmt":"2025-06-02T16:14:42","slug":"arriendo-amoblado-2d-y-2b-ano-corrido-piso-2-penuelas","status":"publish","type":"product","link":"https:\/\/cardemilgestioninmobiliaria.cl\/index.php\/product\/arriendo-amoblado-2d-y-2b-ano-corrido-piso-2-penuelas\/","title":{"rendered":"ARRIENDO AMOBLADO, 2D Y 2B, A\u00d1O CORRIDO, PISO 2, PE\u00d1UELAS"},"content":{"rendered":"<div class=\"flex-col gap-1 md:gap-3\">\n<div class=\"flex flex-grow flex-col gap-3 max-w-full\">\n<div class=\"min-h-[20px] flex flex-col items-start gap-3 whitespace-pre-wrap break-words overflow-x-auto\">\n<div class=\"markdown prose w-full break-words dark:prose-invert light\">\n<p><strong>Arriendo depto amoblado , Condominio en La Serena con Vista a la Avenida del Mar<\/strong><\/p>\n<p>Este confortable condominio se ubica detr\u00e1s del Casino Enjoy en Avenida Los Pescadores 5301, Coquimbo. Est\u00e1 estrat\u00e9gicamente situado a pocos pasos de la Avenida del Mar y la Ruta 5, ofreciendo una vista impresionante de la Avenida del Mar.<\/p>\n<p>Las comodidades del condominio son ideales para una estancia placentera, incluyendo una piscina, quincho, juegos infantiles, lavander\u00eda, sala multiuso, estacionamiento y una sala WIFI en el primer piso.<\/p>\n<p>El departamento cuenta con 2 amplios dormitorios: el dormitorio principal tiene una cama de 2 plazas, y el segundo dormitorio cuenta con un camarote nido. Adem\u00e1s, ofrece 2 ba\u00f1os con ducha cada uno.<\/p>\n<p>Tambi\u00e9n disfrutar\u00e1s de entretenimiento con televisi\u00f3n en la habitaci\u00f3n principal y la sala de estar. El departamento se encuentra en el segundo piso y dispone de una malla en el balc\u00f3n y la habitaci\u00f3n principal, garantizando seguridad y tranquilidad.<\/p>\n<p>El costo de este arriendo depto amoblado es de $400,000, incluyendo los gastos comunes, con la excepci\u00f3n del consumo de agua caliente. Tambi\u00e9n est\u00e1 incluido un espacio de estacionamiento para tu comodidad.<\/p>\n<p>Si deseas obtener m\u00e1s informaci\u00f3n o reservar este departamento para tus vacaciones, no dudes en ponerte en contacto con nosotros. \u00a1Haz de tu estad\u00eda en La Serena una experiencia inolvidable con vistas a la Avenida del Mar!<\/p>\n<\/div>\n<\/div>\n<\/div>\n<\/div>\n","protected":false},"excerpt":{"rendered":"<ul>\n<li>\u00a0EL CONDOMINIO UBICADO ATR\u00c1S DEL CASINO ENJOY,.<\/li>\n<li>AVENIDA LOS PESCADORES 5301, COQUIMBO<\/li>\n<li>A PASOS DE LA AV DEL MAR Y DE LA RUTA 5, CON UNA VISTA PRECIOSA DE LA AV DEL MAR.<\/li>\n<\/ul>\n<div>EL CONDOMINIO INCLUYE:<\/div>\n<div>\n<ol>\n<li>PISCINA<\/li>\n<li>QUINCHO<\/li>\n<li>JUEGOS INFANTILES<\/li>\n<li>LAVANDER\u00cdA<\/li>\n<li>SALA MULTIUSO<\/li>\n<li>ESTACIONAMIENTO<\/li>\n<li>SALA WIFI EN\u00a01\u00b0 PISO<\/li>\n<\/ol>\n<div>\n<div>\n<div>$400.000 INCLUIDO GASTOS COMUNES SE EXCLUYE CONSUMO DE AGUA CALIENTE.<\/div>\n<\/div>\n<\/div>\n<div>\n<p>2 DORMITORIO GRANDES. MATRIMONIAL CON CAMA DE 2 PLAZAS, Y EL 2\u00b0 CON CAMAROTE NIDO.<\/p>\n<p>2 BA\u00d1OS CON SHOWER CADA TINA<\/p>\n<p>COCINA AMERICANA FULL EQUIPADA<\/p>\n<p>TV EN PIEZA MATRIMONIAL Y LIVING<\/p>\n<p>PISO 2 CON MALLA EN BALCON Y PIEZA MATRIMONIAL<\/p>\n<p>ESTACIONAMIENTO<\/p>\n<p>VISTA A LA AV DEL MAR<\/p>\n<\/div>\n<\/div>\n","protected":false},"featured_media":206,"comment_status":"open","ping_status":"closed","template":"","meta":{"site-sidebar-layout":"default","site-content-layout":"","ast-site-content-layout":"default","site-content-style":"default","site-sidebar-style":"default","ast-global-header-display":"","ast-banner-title-visibility":"","ast-main-header-display":"","ast-hfb-above-header-display":"","ast-hfb-below-header-display":"","ast-hfb-mobile-header-display":"","site-post-title":"","ast-breadcrumbs-content":"","ast-featured-img":"","footer-sml-layout":"","theme-transparent-header-meta":"default","adv-header-id-meta":"","stick-header-meta":"","header-above-stick-meta":"","header-main-stick-meta":"","header-below-stick-meta":"","astra-migrate-meta-layouts":"set","_joinchat":[]},"product_cat":[17],"product_tag":[18],"class_list":{"0":"post-29","1":"product","2":"type-product","3":"status-publish","4":"has-post-thumbnail","6":"product_cat-arriendo-anual","7":"product_tag-departamentos","8":"desktop-align-left","9":"tablet-align-left","10":"mobile-align-left","12":"first","13":"outofstock","14":"shipping-taxable","15":"purchasable","16":"product-type-simple"},"yoast_head":"<!-- This site is optimized with the Yoast SEO plugin v22.7 - https:\/\/yoast.com\/wordpress\/plugins\/seo\/ -->\n<title>ARRIENDO DEPTO AMOBLADO | LA SERENA , PE\u00d1UELAS<\/title>\n<meta name=\"description\" content=\"ARRIENDO DEPTO AMOBLADO | LA SERENA , PE\u00d1UELAS | 2 DORMITORIO GRANDES. MATRIMONIAL CON CAMA DE 2 PLAZAS, ESTACIONAMIENTO , VISTA A LA AV DEL MAR\" \/>\n<meta name=\"robots\" content=\"index, follow, max-snippet:-1, max-image-preview:large, max-video-preview:-1\" \/>\n<link rel=\"canonical\" href=\"https:\/\/cardemilgestioninmobiliaria.cl\/index.php\/product\/arriendo-amoblado-2d-y-2b-ano-corrido-piso-2-penuelas\/\" \/>\n<meta property=\"og:locale\" content=\"en_US\" \/>\n<meta property=\"og:type\" content=\"article\" \/>\n<meta property=\"og:title\" content=\"ARRIENDO DEPTO AMOBLADO | LA SERENA , PE\u00d1UELAS\" \/>\n<meta property=\"og:description\" content=\"ARRIENDO DEPTO AMOBLADO | LA SERENA , PE\u00d1UELAS | 2 DORMITORIO GRANDES. MATRIMONIAL CON CAMA DE 2 PLAZAS, ESTACIONAMIENTO , VISTA A LA AV DEL MAR\" \/>\n<meta property=\"og:url\" content=\"https:\/\/cardemilgestioninmobiliaria.cl\/index.php\/product\/arriendo-amoblado-2d-y-2b-ano-corrido-piso-2-penuelas\/\" \/>\n<meta property=\"og:site_name\" content=\"Arriendo Departamentos | La Serena Coquimbo | Vi\u00f1a del Mar\" \/>\n<meta property=\"article:modified_time\" content=\"2025-06-02T16:14:42+00:00\" \/>\n<meta property=\"og:image\" content=\"https:\/\/cardemilgestioninmobiliaria.cl\/wp-content\/uploads\/2023\/10\/DEPTO-LORENA-PACIFICO-3-605-051-scaled.jpg\" \/>\n\t<meta property=\"og:image:width\" content=\"2560\" \/>\n\t<meta property=\"og:image:height\" content=\"1920\" \/>\n\t<meta property=\"og:image:type\" content=\"image\/jpeg\" \/>\n<meta name=\"twitter:card\" content=\"summary_large_image\" \/>\n<meta name=\"twitter:label1\" content=\"Est. reading time\" \/>\n\t<meta name=\"twitter:data1\" content=\"1 minute\" \/>\n<script type=\"application\/ld+json\" class=\"yoast-schema-graph\">{\"@context\":\"https:\/\/schema.org\",\"@graph\":[{\"@type\":\"WebPage\",\"@id\":\"https:\/\/cardemilgestioninmobiliaria.cl\/index.php\/product\/arriendo-amoblado-2d-y-2b-ano-corrido-piso-2-penuelas\/\",\"url\":\"https:\/\/cardemilgestioninmobiliaria.cl\/index.php\/product\/arriendo-amoblado-2d-y-2b-ano-corrido-piso-2-penuelas\/\",\"name\":\"ARRIENDO DEPTO AMOBLADO | LA SERENA , PE\u00d1UELAS\",\"isPartOf\":{\"@id\":\"https:\/\/cardemilgestioninmobiliaria.cl\/#website\"},\"primaryImageOfPage\":{\"@id\":\"https:\/\/cardemilgestioninmobiliaria.cl\/index.php\/product\/arriendo-amoblado-2d-y-2b-ano-corrido-piso-2-penuelas\/#primaryimage\"},\"image\":{\"@id\":\"https:\/\/cardemilgestioninmobiliaria.cl\/index.php\/product\/arriendo-amoblado-2d-y-2b-ano-corrido-piso-2-penuelas\/#primaryimage\"},\"thumbnailUrl\":\"https:\/\/cardemilgestioninmobiliaria.cl\/wp-content\/uploads\/2023\/10\/DEPTO-LORENA-PACIFICO-3-605-051-scaled.jpg\",\"datePublished\":\"2023-10-06T12:46:51+00:00\",\"dateModified\":\"2025-06-02T16:14:42+00:00\",\"description\":\"ARRIENDO DEPTO AMOBLADO | LA SERENA , PE\u00d1UELAS | 2 DORMITORIO GRANDES. MATRIMONIAL CON CAMA DE 2 PLAZAS, ESTACIONAMIENTO , VISTA A LA AV DEL MAR\",\"breadcrumb\":{\"@id\":\"https:\/\/cardemilgestioninmobiliaria.cl\/index.php\/product\/arriendo-amoblado-2d-y-2b-ano-corrido-piso-2-penuelas\/#breadcrumb\"},\"inLanguage\":\"en-US\",\"potentialAction\":[{\"@type\":\"ReadAction\",\"target\":[\"https:\/\/cardemilgestioninmobiliaria.cl\/index.php\/product\/arriendo-amoblado-2d-y-2b-ano-corrido-piso-2-penuelas\/\"]}]},{\"@type\":\"ImageObject\",\"inLanguage\":\"en-US\",\"@id\":\"https:\/\/cardemilgestioninmobiliaria.cl\/index.php\/product\/arriendo-amoblado-2d-y-2b-ano-corrido-piso-2-penuelas\/#primaryimage\",\"url\":\"https:\/\/cardemilgestioninmobiliaria.cl\/wp-content\/uploads\/2023\/10\/DEPTO-LORENA-PACIFICO-3-605-051-scaled.jpg\",\"contentUrl\":\"https:\/\/cardemilgestioninmobiliaria.cl\/wp-content\/uploads\/2023\/10\/DEPTO-LORENA-PACIFICO-3-605-051-scaled.jpg\",\"width\":2560,\"height\":1920},{\"@type\":\"BreadcrumbList\",\"@id\":\"https:\/\/cardemilgestioninmobiliaria.cl\/index.php\/product\/arriendo-amoblado-2d-y-2b-ano-corrido-piso-2-penuelas\/#breadcrumb\",\"itemListElement\":[{\"@type\":\"ListItem\",\"position\":1,\"name\":\"Home\",\"item\":\"https:\/\/cardemilgestioninmobiliaria.cl\/\"},{\"@type\":\"ListItem\",\"position\":2,\"name\":\"Products\",\"item\":\"https:\/\/cardemilgestioninmobiliaria.cl\/index.php\/shop\/\"},{\"@type\":\"ListItem\",\"position\":3,\"name\":\"ARRIENDO AMOBLADO, 2D Y 2B, A\u00d1O CORRIDO, PISO 2, PE\u00d1UELAS\"}]},{\"@type\":\"WebSite\",\"@id\":\"https:\/\/cardemilgestioninmobiliaria.cl\/#website\",\"url\":\"https:\/\/cardemilgestioninmobiliaria.cl\/\",\"name\":\"Arriendo Departamentos | La Serena Coquimbo | Vi\u00f1a del Mar\",\"description\":\"\",\"publisher\":{\"@id\":\"https:\/\/cardemilgestioninmobiliaria.cl\/#organization\"},\"potentialAction\":[{\"@type\":\"SearchAction\",\"target\":{\"@type\":\"EntryPoint\",\"urlTemplate\":\"https:\/\/cardemilgestioninmobiliaria.cl\/?s={search_term_string}\"},\"query-input\":\"required name=search_term_string\"}],\"inLanguage\":\"en-US\"},{\"@type\":\"Organization\",\"@id\":\"https:\/\/cardemilgestioninmobiliaria.cl\/#organization\",\"name\":\"Arriendo Departamentos | La Serena Coquimbo | Vi\u00f1a del Mar\",\"url\":\"https:\/\/cardemilgestioninmobiliaria.cl\/\",\"logo\":{\"@type\":\"ImageObject\",\"inLanguage\":\"en-US\",\"@id\":\"https:\/\/cardemilgestioninmobiliaria.cl\/#\/schema\/logo\/image\/\",\"url\":\"https:\/\/cardemilgestioninmobiliaria.cl\/wp-content\/uploads\/2023\/10\/cropped-logo.png\",\"contentUrl\":\"https:\/\/cardemilgestioninmobiliaria.cl\/wp-content\/uploads\/2023\/10\/cropped-logo.png\",\"width\":312,\"height\":104,\"caption\":\"Arriendo Departamentos  | La Serena Coquimbo | Vi\u00f1a del Mar\"},\"image\":{\"@id\":\"https:\/\/cardemilgestioninmobiliaria.cl\/#\/schema\/logo\/image\/\"}}]}<\/script>\n<!-- \/ Yoast SEO plugin. -->","yoast_head_json":{"title":"ARRIENDO DEPTO AMOBLADO | LA SERENA , PE\u00d1UELAS","description":"ARRIENDO DEPTO AMOBLADO | LA SERENA , PE\u00d1UELAS | 2 DORMITORIO GRANDES. MATRIMONIAL CON CAMA DE 2 PLAZAS, ESTACIONAMIENTO , VISTA A LA AV DEL MAR","robots":{"index":"index","follow":"follow","max-snippet":"max-snippet:-1","max-image-preview":"max-image-preview:large","max-video-preview":"max-video-preview:-1"},"canonical":"https:\/\/cardemilgestioninmobiliaria.cl\/index.php\/product\/arriendo-amoblado-2d-y-2b-ano-corrido-piso-2-penuelas\/","og_locale":"en_US","og_type":"article","og_title":"ARRIENDO DEPTO AMOBLADO | LA SERENA , PE\u00d1UELAS","og_description":"ARRIENDO DEPTO AMOBLADO | LA SERENA , PE\u00d1UELAS | 2 DORMITORIO GRANDES. MATRIMONIAL CON CAMA DE 2 PLAZAS, ESTACIONAMIENTO , VISTA A LA AV DEL MAR","og_url":"https:\/\/cardemilgestioninmobiliaria.cl\/index.php\/product\/arriendo-amoblado-2d-y-2b-ano-corrido-piso-2-penuelas\/","og_site_name":"Arriendo Departamentos | La Serena Coquimbo | Vi\u00f1a del Mar","article_modified_time":"2025-06-02T16:14:42+00:00","og_image":[{"width":2560,"height":1920,"url":"https:\/\/cardemilgestioninmobiliaria.cl\/wp-content\/uploads\/2023\/10\/DEPTO-LORENA-PACIFICO-3-605-051-scaled.jpg","type":"image\/jpeg"}],"twitter_card":"summary_large_image","twitter_misc":{"Est. reading time":"1 minute"},"schema":{"@context":"https:\/\/schema.org","@graph":[{"@type":"WebPage","@id":"https:\/\/cardemilgestioninmobiliaria.cl\/index.php\/product\/arriendo-amoblado-2d-y-2b-ano-corrido-piso-2-penuelas\/","url":"https:\/\/cardemilgestioninmobiliaria.cl\/index.php\/product\/arriendo-amoblado-2d-y-2b-ano-corrido-piso-2-penuelas\/","name":"ARRIENDO DEPTO AMOBLADO | LA SERENA , PE\u00d1UELAS","isPartOf":{"@id":"https:\/\/cardemilgestioninmobiliaria.cl\/#website"},"primaryImageOfPage":{"@id":"https:\/\/cardemilgestioninmobiliaria.cl\/index.php\/product\/arriendo-amoblado-2d-y-2b-ano-corrido-piso-2-penuelas\/#primaryimage"},"image":{"@id":"https:\/\/cardemilgestioninmobiliaria.cl\/index.php\/product\/arriendo-amoblado-2d-y-2b-ano-corrido-piso-2-penuelas\/#primaryimage"},"thumbnailUrl":"https:\/\/cardemilgestioninmobiliaria.cl\/wp-content\/uploads\/2023\/10\/DEPTO-LORENA-PACIFICO-3-605-051-scaled.jpg","datePublished":"2023-10-06T12:46:51+00:00","dateModified":"2025-06-02T16:14:42+00:00","description":"ARRIENDO DEPTO AMOBLADO | LA SERENA , PE\u00d1UELAS | 2 DORMITORIO GRANDES. MATRIMONIAL CON CAMA DE 2 PLAZAS, ESTACIONAMIENTO , VISTA A LA AV DEL MAR","breadcrumb":{"@id":"https:\/\/cardemilgestioninmobiliaria.cl\/index.php\/product\/arriendo-amoblado-2d-y-2b-ano-corrido-piso-2-penuelas\/#breadcrumb"},"inLanguage":"en-US","potentialAction":[{"@type":"ReadAction","target":["https:\/\/cardemilgestioninmobiliaria.cl\/index.php\/product\/arriendo-amoblado-2d-y-2b-ano-corrido-piso-2-penuelas\/"]}]},{"@type":"ImageObject","inLanguage":"en-US","@id":"https:\/\/cardemilgestioninmobiliaria.cl\/index.php\/product\/arriendo-amoblado-2d-y-2b-ano-corrido-piso-2-penuelas\/#primaryimage","url":"https:\/\/cardemilgestioninmobiliaria.cl\/wp-content\/uploads\/2023\/10\/DEPTO-LORENA-PACIFICO-3-605-051-scaled.jpg","contentUrl":"https:\/\/cardemilgestioninmobiliaria.cl\/wp-content\/uploads\/2023\/10\/DEPTO-LORENA-PACIFICO-3-605-051-scaled.jpg","width":2560,"height":1920},{"@type":"BreadcrumbList","@id":"https:\/\/cardemilgestioninmobiliaria.cl\/index.php\/product\/arriendo-amoblado-2d-y-2b-ano-corrido-piso-2-penuelas\/#breadcrumb","itemListElement":[{"@type":"ListItem","position":1,"name":"Home","item":"https:\/\/cardemilgestioninmobiliaria.cl\/"},{"@type":"ListItem","position":2,"name":"Products","item":"https:\/\/cardemilgestioninmobiliaria.cl\/index.php\/shop\/"},{"@type":"ListItem","position":3,"name":"ARRIENDO AMOBLADO, 2D Y 2B, A\u00d1O CORRIDO, PISO 2, PE\u00d1UELAS"}]},{"@type":"WebSite","@id":"https:\/\/cardemilgestioninmobiliaria.cl\/#website","url":"https:\/\/cardemilgestioninmobiliaria.cl\/","name":"Arriendo Departamentos | La Serena Coquimbo | Vi\u00f1a del Mar","description":"","publisher":{"@id":"https:\/\/cardemilgestioninmobiliaria.cl\/#organization"},"potentialAction":[{"@type":"SearchAction","target":{"@type":"EntryPoint","urlTemplate":"https:\/\/cardemilgestioninmobiliaria.cl\/?s={search_term_string}"},"query-input":"required name=search_term_string"}],"inLanguage":"en-US"},{"@type":"Organization","@id":"https:\/\/cardemilgestioninmobiliaria.cl\/#organization","name":"Arriendo Departamentos | La Serena Coquimbo | Vi\u00f1a del Mar","url":"https:\/\/cardemilgestioninmobiliaria.cl\/","logo":{"@type":"ImageObject","inLanguage":"en-US","@id":"https:\/\/cardemilgestioninmobiliaria.cl\/#\/schema\/logo\/image\/","url":"https:\/\/cardemilgestioninmobiliaria.cl\/wp-content\/uploads\/2023\/10\/cropped-logo.png","contentUrl":"https:\/\/cardemilgestioninmobiliaria.cl\/wp-content\/uploads\/2023\/10\/cropped-logo.png","width":312,"height":104,"caption":"Arriendo Departamentos  | La Serena Coquimbo | Vi\u00f1a del Mar"},"image":{"@id":"https:\/\/cardemilgestioninmobiliaria.cl\/#\/schema\/logo\/image\/"}}]}},"_links":{"self":[{"href":"https:\/\/cardemilgestioninmobiliaria.cl\/index.php\/wp-json\/wp\/v2\/product\/29","targetHints":{"allow":["GET"]}}],"collection":[{"href":"https:\/\/cardemilgestioninmobiliaria.cl\/index.php\/wp-json\/wp\/v2\/product"}],"about":[{"href":"https:\/\/cardemilgestioninmobiliaria.cl\/index.php\/wp-json\/wp\/v2\/types\/product"}],"replies":[{"embeddable":true,"href":"https:\/\/cardemilgestioninmobiliaria.cl\/index.php\/wp-json\/wp\/v2\/comments?post=29"}],"wp:featuredmedia":[{"embeddable":true,"href":"https:\/\/cardemilgestioninmobiliaria.cl\/index.php\/wp-json\/wp\/v2\/media\/206"}],"wp:attachment":[{"href":"https:\/\/cardemilgestioninmobiliaria.cl\/index.php\/wp-json\/wp\/v2\/media?parent=29"}],"wp:term":[{"taxonomy":"product_cat","embeddable":true,"href":"https:\/\/cardemilgestioninmobiliaria.cl\/index.php\/wp-json\/wp\/v2\/product_cat?post=29"},{"taxonomy":"product_tag","embeddable":true,"href":"https:\/\/cardemilgestioninmobiliaria.cl\/index.php\/wp-json\/wp\/v2\/product_tag?post=29"}],"curies":[{"name":"wp","href":"https:\/\/api.w.org\/{rel}","templated":true}]}}