{"id":28,"date":"2023-10-06T12:46:51","date_gmt":"2023-10-06T12:46:51","guid":{"rendered":"https:\/\/cardemilgestioninmobiliaria.cl\/?post_type=product&#038;p=28"},"modified":"2023-10-12T16:58:38","modified_gmt":"2023-10-12T16:58:38","slug":"departamento-herradura-arriendo-2d-1b-5-pers-la-herradura","status":"publish","type":"product","link":"https:\/\/cardemilgestioninmobiliaria.cl\/index.php\/product\/departamento-herradura-arriendo-2d-1b-5-pers-la-herradura\/","title":{"rendered":"ARRIENDO DIARIO- VENTA, 2D-1B, 5 PERS, LA HERRADURA"},"content":{"rendered":"<div class=\"flex flex-grow flex-col gap-3 max-w-full\">\n<div class=\"min-h-[20px] flex flex-col items-start gap-3 whitespace-pre-wrap break-words overflow-x-auto\">\n<div class=\"markdown prose w-full break-words dark:prose-invert light\">\n<p><strong>Arriendo y Venta de Departamento en La Herradura, La Serena<\/strong><\/p>\n<p>Este departamento est\u00e1 disponible tanto para arriendo como para venta, lo que lo hace una oportunidad vers\u00e1til para quienes buscan alojamiento temporal o una propiedad permanente.<\/p>\n<p><strong>Arriendo:<\/strong><\/p>\n<ul>\n<li>Costo diario de $60,000 durante el verano 2024, con un m\u00ednimo de 7 noches.<\/li>\n<li>Cargo de $25,000 por servicio de aseo final.<\/li>\n<li>Capacidad para 5 personas.<\/li>\n<\/ul>\n<p>El departamento cuenta con 2 dormitorios, 1 ba\u00f1o, comedor, cocina americana, living y balc\u00f3n con vista a La Herradura y la Ruta 5. Tambi\u00e9n est\u00e1 equipado con lavadora, TV por cable, WiFi y s\u00e1banas. Se ubica en el piso 16 y ofrece estacionamiento para usuarios.<\/p>\n<p>La vista hacia el sur-poniente brinda una panor\u00e1mica impresionante de la bah\u00eda de La Herradura.<\/p>\n<p><strong>Venta:<\/strong><\/p>\n<ul>\n<li>Precio de venta de 3,200 UF.<\/li>\n<li>Capacidad para 5 personas.<\/li>\n<\/ul>\n<p>El departamento en La Herradura incluye 2 dormitorios, 1 ba\u00f1o, comedor, cocina americana, living y balc\u00f3n con vista a La Herradura y la Ruta 5. Tambi\u00e9n cuenta con lavadora y se ubica en el piso 16. Adem\u00e1s, est\u00e1 equipado con TV por cable, WiFi y s\u00e1banas.<\/p>\n<p>Este condominio est\u00e1 estrat\u00e9gicamente ubicado en La Herradura, La Serena cercano a supermercados y estaciones de servicio, con acceso directo a la Ruta 5.<\/p>\n<p>Las comodidades del condominio incluyen piscina, quincho, juegos infantiles, sala multiuso y estacionamiento.<\/p>\n<p>Ya sea para unas vacaciones inolvidables o para convertirlo en tu hogar permanente, este departamento es una oportunidad que no debes dejar pasar. Cont\u00e1ctanos para obtener m\u00e1s detalles y realizar tu reserva o adquisici\u00f3n.<\/p>\n<\/div>\n<\/div>\n<\/div>\n","protected":false},"excerpt":{"rendered":"<div>\n<div>\n<p>$ 60.000 DIARIO VERANO 2024 MINIMO 7 NOCHES.<\/p>\n<p>$ 25.000 ASEO FINAL<\/p>\n<p>3,200 UF PRECIO DE VENTA<\/p>\n<p><span style=\"font-size: 16px;\">EL DEPARTAMENTO TIENE CAPACIDAD 5 PERSONAS<\/span><\/p>\n<\/div>\n<\/div>\n<div>\n<div><\/div>\n<div>\n<ol>\n<li>2 DORMITORIO.<\/li>\n<li>1 \u00a0BA\u00d1O<\/li>\n<li>comedor<\/li>\n<li>COCINA AMERICANA<\/li>\n<li>LIVING<\/li>\n<li>BALCON CON VISTA A la herradura, Y LA RUTA 5<\/li>\n<li>LAVADORA<\/li>\n<li>PISO 16<\/li>\n<li>ESTACIONAMIENTO<\/li>\n<li>TV CABLE<\/li>\n<li>WIFI<\/li>\n<li>SABANAS<\/li>\n<li>VISTA SUR PONIENTE A LA BAHIA DE LA HERRADURA<\/li>\n<\/ol>\n<p>ESTE\u00a0CONDOMINIO UBICADO AL FRENTE DE LA HERRADURA, CERCANO A SUPERMERCADO, BENCINERA, Y AL FRENTE DE LA RUTA 5.<\/p>\n<div><\/div>\n<div>EL\u00a0<span class=\"m_4770648965408352734m_-7534077174090697219gmail-m_4939808643461497214gmail-m_-7279595213601556477m_426677671050710743m_-7877800517094009064m_229882334065042268m_-7281312090242305823gmail-m_-6842358054831589264gmail-il\">CONDOMINIO<\/span>\u00a0INCLUYE:<\/div>\n<div>\n<ul>\n<li>PISCINA<\/li>\n<li>QUINCHO<\/li>\n<li>JUEGOS INFANTILES<\/li>\n<li>SALA MULTIUSO<\/li>\n<\/ul>\n<ul>\n<li>ESTACIONAMIENTO<\/li>\n<\/ul>\n<\/div>\n<p>&nbsp;<\/p>\n<\/div>\n<\/div>\n","protected":false},"featured_media":191,"comment_status":"closed","ping_status":"closed","template":"","meta":{"site-sidebar-layout":"default","site-content-layout":"default","ast-site-content-layout":"default","site-content-style":"default","site-sidebar-style":"default","ast-global-header-display":"","ast-banner-title-visibility":"","ast-main-header-display":"","ast-hfb-above-header-display":"","ast-hfb-below-header-display":"","ast-hfb-mobile-header-display":"","site-post-title":"","ast-breadcrumbs-content":"","ast-featured-img":"","footer-sml-layout":"","theme-transparent-header-meta":"default","adv-header-id-meta":"","stick-header-meta":"","header-above-stick-meta":"","header-main-stick-meta":"","header-below-stick-meta":"","astra-migrate-meta-layouts":"set","_joinchat":[]},"product_cat":[20,23],"product_tag":[18],"class_list":{"0":"post-28","1":"product","2":"type-product","3":"status-publish","4":"has-post-thumbnail","6":"product_cat-departamento-coquimbo","7":"product_cat-departamento-coquimbo-compra-y-venta","8":"product_tag-departamentos","9":"desktop-align-left","10":"tablet-align-left","11":"mobile-align-left","13":"first","14":"instock","15":"shipping-taxable","16":"purchasable","17":"product-type-simple"},"yoast_head":"<!-- This site is optimized with the Yoast SEO plugin v22.7 - https:\/\/yoast.com\/wordpress\/plugins\/seo\/ -->\n<title>DEPARTAMENTO EN LA HERRADURA | ARRIENDO - VENTA<\/title>\n<meta name=\"description\" content=\"DEPARTAMENTO EN LA HERRADURA | ARRIENDO DIARIO- VENTA, 2D-1B, 5 PERS, LA HERRADURA | Arriendo Departamentos | La Serena Coquimbo | Vi\u00f1a del Mar\" \/>\n<meta name=\"robots\" content=\"index, follow, max-snippet:-1, max-image-preview:large, max-video-preview:-1\" \/>\n<link rel=\"canonical\" href=\"https:\/\/cardemilgestioninmobiliaria.cl\/index.php\/product\/departamento-herradura-arriendo-2d-1b-5-pers-la-herradura\/\" \/>\n<meta property=\"og:locale\" content=\"en_US\" \/>\n<meta property=\"og:type\" content=\"article\" \/>\n<meta property=\"og:title\" content=\"DEPARTAMENTO EN LA HERRADURA | ARRIENDO - VENTA\" \/>\n<meta property=\"og:description\" content=\"DEPARTAMENTO EN LA HERRADURA | ARRIENDO DIARIO- VENTA, 2D-1B, 5 PERS, LA HERRADURA | Arriendo Departamentos | La Serena Coquimbo | Vi\u00f1a del Mar\" \/>\n<meta property=\"og:url\" content=\"https:\/\/cardemilgestioninmobiliaria.cl\/index.php\/product\/departamento-herradura-arriendo-2d-1b-5-pers-la-herradura\/\" \/>\n<meta property=\"og:site_name\" content=\"Arriendo Departamentos | La Serena Coquimbo | Vi\u00f1a del Mar\" \/>\n<meta property=\"article:modified_time\" content=\"2023-10-12T16:58:38+00:00\" \/>\n<meta property=\"og:image\" content=\"https:\/\/cardemilgestioninmobiliaria.cl\/wp-content\/uploads\/2023\/10\/IMG-20190911-WA0005.jpg\" \/>\n\t<meta property=\"og:image:width\" content=\"960\" \/>\n\t<meta property=\"og:image:height\" content=\"1280\" \/>\n\t<meta property=\"og:image:type\" content=\"image\/jpeg\" \/>\n<meta name=\"twitter:card\" content=\"summary_large_image\" \/>\n<meta name=\"twitter:label1\" content=\"Est. reading time\" \/>\n\t<meta name=\"twitter:data1\" content=\"2 minutes\" \/>\n<script type=\"application\/ld+json\" class=\"yoast-schema-graph\">{\"@context\":\"https:\/\/schema.org\",\"@graph\":[{\"@type\":\"WebPage\",\"@id\":\"https:\/\/cardemilgestioninmobiliaria.cl\/index.php\/product\/departamento-herradura-arriendo-2d-1b-5-pers-la-herradura\/\",\"url\":\"https:\/\/cardemilgestioninmobiliaria.cl\/index.php\/product\/departamento-herradura-arriendo-2d-1b-5-pers-la-herradura\/\",\"name\":\"DEPARTAMENTO EN LA HERRADURA | ARRIENDO - VENTA\",\"isPartOf\":{\"@id\":\"https:\/\/cardemilgestioninmobiliaria.cl\/#website\"},\"primaryImageOfPage\":{\"@id\":\"https:\/\/cardemilgestioninmobiliaria.cl\/index.php\/product\/departamento-herradura-arriendo-2d-1b-5-pers-la-herradura\/#primaryimage\"},\"image\":{\"@id\":\"https:\/\/cardemilgestioninmobiliaria.cl\/index.php\/product\/departamento-herradura-arriendo-2d-1b-5-pers-la-herradura\/#primaryimage\"},\"thumbnailUrl\":\"https:\/\/cardemilgestioninmobiliaria.cl\/wp-content\/uploads\/2023\/10\/IMG-20190911-WA0005.jpg\",\"datePublished\":\"2023-10-06T12:46:51+00:00\",\"dateModified\":\"2023-10-12T16:58:38+00:00\",\"description\":\"DEPARTAMENTO EN LA HERRADURA | ARRIENDO DIARIO- VENTA, 2D-1B, 5 PERS, LA HERRADURA | Arriendo Departamentos | La Serena Coquimbo | Vi\u00f1a del Mar\",\"breadcrumb\":{\"@id\":\"https:\/\/cardemilgestioninmobiliaria.cl\/index.php\/product\/departamento-herradura-arriendo-2d-1b-5-pers-la-herradura\/#breadcrumb\"},\"inLanguage\":\"en-US\",\"potentialAction\":[{\"@type\":\"ReadAction\",\"target\":[\"https:\/\/cardemilgestioninmobiliaria.cl\/index.php\/product\/departamento-herradura-arriendo-2d-1b-5-pers-la-herradura\/\"]}]},{\"@type\":\"ImageObject\",\"inLanguage\":\"en-US\",\"@id\":\"https:\/\/cardemilgestioninmobiliaria.cl\/index.php\/product\/departamento-herradura-arriendo-2d-1b-5-pers-la-herradura\/#primaryimage\",\"url\":\"https:\/\/cardemilgestioninmobiliaria.cl\/wp-content\/uploads\/2023\/10\/IMG-20190911-WA0005.jpg\",\"contentUrl\":\"https:\/\/cardemilgestioninmobiliaria.cl\/wp-content\/uploads\/2023\/10\/IMG-20190911-WA0005.jpg\",\"width\":960,\"height\":1280},{\"@type\":\"BreadcrumbList\",\"@id\":\"https:\/\/cardemilgestioninmobiliaria.cl\/index.php\/product\/departamento-herradura-arriendo-2d-1b-5-pers-la-herradura\/#breadcrumb\",\"itemListElement\":[{\"@type\":\"ListItem\",\"position\":1,\"name\":\"Home\",\"item\":\"https:\/\/cardemilgestioninmobiliaria.cl\/\"},{\"@type\":\"ListItem\",\"position\":2,\"name\":\"Products\",\"item\":\"https:\/\/cardemilgestioninmobiliaria.cl\/index.php\/shop\/\"},{\"@type\":\"ListItem\",\"position\":3,\"name\":\"ARRIENDO DIARIO- VENTA, 2D-1B, 5 PERS, LA HERRADURA\"}]},{\"@type\":\"WebSite\",\"@id\":\"https:\/\/cardemilgestioninmobiliaria.cl\/#website\",\"url\":\"https:\/\/cardemilgestioninmobiliaria.cl\/\",\"name\":\"Arriendo Departamentos | La Serena Coquimbo | Vi\u00f1a del Mar\",\"description\":\"\",\"publisher\":{\"@id\":\"https:\/\/cardemilgestioninmobiliaria.cl\/#organization\"},\"potentialAction\":[{\"@type\":\"SearchAction\",\"target\":{\"@type\":\"EntryPoint\",\"urlTemplate\":\"https:\/\/cardemilgestioninmobiliaria.cl\/?s={search_term_string}\"},\"query-input\":\"required name=search_term_string\"}],\"inLanguage\":\"en-US\"},{\"@type\":\"Organization\",\"@id\":\"https:\/\/cardemilgestioninmobiliaria.cl\/#organization\",\"name\":\"Arriendo Departamentos | La Serena Coquimbo | Vi\u00f1a del Mar\",\"url\":\"https:\/\/cardemilgestioninmobiliaria.cl\/\",\"logo\":{\"@type\":\"ImageObject\",\"inLanguage\":\"en-US\",\"@id\":\"https:\/\/cardemilgestioninmobiliaria.cl\/#\/schema\/logo\/image\/\",\"url\":\"https:\/\/cardemilgestioninmobiliaria.cl\/wp-content\/uploads\/2023\/10\/cropped-logo.png\",\"contentUrl\":\"https:\/\/cardemilgestioninmobiliaria.cl\/wp-content\/uploads\/2023\/10\/cropped-logo.png\",\"width\":312,\"height\":104,\"caption\":\"Arriendo Departamentos  | La Serena Coquimbo | Vi\u00f1a del Mar\"},\"image\":{\"@id\":\"https:\/\/cardemilgestioninmobiliaria.cl\/#\/schema\/logo\/image\/\"}}]}<\/script>\n<!-- \/ Yoast SEO plugin. -->","yoast_head_json":{"title":"DEPARTAMENTO EN LA HERRADURA | ARRIENDO - VENTA","description":"DEPARTAMENTO EN LA HERRADURA | ARRIENDO DIARIO- VENTA, 2D-1B, 5 PERS, LA HERRADURA | Arriendo Departamentos | La Serena Coquimbo | Vi\u00f1a del Mar","robots":{"index":"index","follow":"follow","max-snippet":"max-snippet:-1","max-image-preview":"max-image-preview:large","max-video-preview":"max-video-preview:-1"},"canonical":"https:\/\/cardemilgestioninmobiliaria.cl\/index.php\/product\/departamento-herradura-arriendo-2d-1b-5-pers-la-herradura\/","og_locale":"en_US","og_type":"article","og_title":"DEPARTAMENTO EN LA HERRADURA | ARRIENDO - VENTA","og_description":"DEPARTAMENTO EN LA HERRADURA | ARRIENDO DIARIO- VENTA, 2D-1B, 5 PERS, LA HERRADURA | Arriendo Departamentos | La Serena Coquimbo | Vi\u00f1a del Mar","og_url":"https:\/\/cardemilgestioninmobiliaria.cl\/index.php\/product\/departamento-herradura-arriendo-2d-1b-5-pers-la-herradura\/","og_site_name":"Arriendo Departamentos | La Serena Coquimbo | Vi\u00f1a del Mar","article_modified_time":"2023-10-12T16:58:38+00:00","og_image":[{"width":960,"height":1280,"url":"https:\/\/cardemilgestioninmobiliaria.cl\/wp-content\/uploads\/2023\/10\/IMG-20190911-WA0005.jpg","type":"image\/jpeg"}],"twitter_card":"summary_large_image","twitter_misc":{"Est. reading time":"2 minutes"},"schema":{"@context":"https:\/\/schema.org","@graph":[{"@type":"WebPage","@id":"https:\/\/cardemilgestioninmobiliaria.cl\/index.php\/product\/departamento-herradura-arriendo-2d-1b-5-pers-la-herradura\/","url":"https:\/\/cardemilgestioninmobiliaria.cl\/index.php\/product\/departamento-herradura-arriendo-2d-1b-5-pers-la-herradura\/","name":"DEPARTAMENTO EN LA HERRADURA | ARRIENDO - VENTA","isPartOf":{"@id":"https:\/\/cardemilgestioninmobiliaria.cl\/#website"},"primaryImageOfPage":{"@id":"https:\/\/cardemilgestioninmobiliaria.cl\/index.php\/product\/departamento-herradura-arriendo-2d-1b-5-pers-la-herradura\/#primaryimage"},"image":{"@id":"https:\/\/cardemilgestioninmobiliaria.cl\/index.php\/product\/departamento-herradura-arriendo-2d-1b-5-pers-la-herradura\/#primaryimage"},"thumbnailUrl":"https:\/\/cardemilgestioninmobiliaria.cl\/wp-content\/uploads\/2023\/10\/IMG-20190911-WA0005.jpg","datePublished":"2023-10-06T12:46:51+00:00","dateModified":"2023-10-12T16:58:38+00:00","description":"DEPARTAMENTO EN LA HERRADURA | ARRIENDO DIARIO- VENTA, 2D-1B, 5 PERS, LA HERRADURA | Arriendo Departamentos | La Serena Coquimbo | Vi\u00f1a del Mar","breadcrumb":{"@id":"https:\/\/cardemilgestioninmobiliaria.cl\/index.php\/product\/departamento-herradura-arriendo-2d-1b-5-pers-la-herradura\/#breadcrumb"},"inLanguage":"en-US","potentialAction":[{"@type":"ReadAction","target":["https:\/\/cardemilgestioninmobiliaria.cl\/index.php\/product\/departamento-herradura-arriendo-2d-1b-5-pers-la-herradura\/"]}]},{"@type":"ImageObject","inLanguage":"en-US","@id":"https:\/\/cardemilgestioninmobiliaria.cl\/index.php\/product\/departamento-herradura-arriendo-2d-1b-5-pers-la-herradura\/#primaryimage","url":"https:\/\/cardemilgestioninmobiliaria.cl\/wp-content\/uploads\/2023\/10\/IMG-20190911-WA0005.jpg","contentUrl":"https:\/\/cardemilgestioninmobiliaria.cl\/wp-content\/uploads\/2023\/10\/IMG-20190911-WA0005.jpg","width":960,"height":1280},{"@type":"BreadcrumbList","@id":"https:\/\/cardemilgestioninmobiliaria.cl\/index.php\/product\/departamento-herradura-arriendo-2d-1b-5-pers-la-herradura\/#breadcrumb","itemListElement":[{"@type":"ListItem","position":1,"name":"Home","item":"https:\/\/cardemilgestioninmobiliaria.cl\/"},{"@type":"ListItem","position":2,"name":"Products","item":"https:\/\/cardemilgestioninmobiliaria.cl\/index.php\/shop\/"},{"@type":"ListItem","position":3,"name":"ARRIENDO DIARIO- VENTA, 2D-1B, 5 PERS, LA HERRADURA"}]},{"@type":"WebSite","@id":"https:\/\/cardemilgestioninmobiliaria.cl\/#website","url":"https:\/\/cardemilgestioninmobiliaria.cl\/","name":"Arriendo Departamentos | La Serena Coquimbo | Vi\u00f1a del Mar","description":"","publisher":{"@id":"https:\/\/cardemilgestioninmobiliaria.cl\/#organization"},"potentialAction":[{"@type":"SearchAction","target":{"@type":"EntryPoint","urlTemplate":"https:\/\/cardemilgestioninmobiliaria.cl\/?s={search_term_string}"},"query-input":"required name=search_term_string"}],"inLanguage":"en-US"},{"@type":"Organization","@id":"https:\/\/cardemilgestioninmobiliaria.cl\/#organization","name":"Arriendo Departamentos | La Serena Coquimbo | Vi\u00f1a del Mar","url":"https:\/\/cardemilgestioninmobiliaria.cl\/","logo":{"@type":"ImageObject","inLanguage":"en-US","@id":"https:\/\/cardemilgestioninmobiliaria.cl\/#\/schema\/logo\/image\/","url":"https:\/\/cardemilgestioninmobiliaria.cl\/wp-content\/uploads\/2023\/10\/cropped-logo.png","contentUrl":"https:\/\/cardemilgestioninmobiliaria.cl\/wp-content\/uploads\/2023\/10\/cropped-logo.png","width":312,"height":104,"caption":"Arriendo Departamentos  | La Serena Coquimbo | Vi\u00f1a del Mar"},"image":{"@id":"https:\/\/cardemilgestioninmobiliaria.cl\/#\/schema\/logo\/image\/"}}]}},"_links":{"self":[{"href":"https:\/\/cardemilgestioninmobiliaria.cl\/index.php\/wp-json\/wp\/v2\/product\/28","targetHints":{"allow":["GET"]}}],"collection":[{"href":"https:\/\/cardemilgestioninmobiliaria.cl\/index.php\/wp-json\/wp\/v2\/product"}],"about":[{"href":"https:\/\/cardemilgestioninmobiliaria.cl\/index.php\/wp-json\/wp\/v2\/types\/product"}],"replies":[{"embeddable":true,"href":"https:\/\/cardemilgestioninmobiliaria.cl\/index.php\/wp-json\/wp\/v2\/comments?post=28"}],"wp:featuredmedia":[{"embeddable":true,"href":"https:\/\/cardemilgestioninmobiliaria.cl\/index.php\/wp-json\/wp\/v2\/media\/191"}],"wp:attachment":[{"href":"https:\/\/cardemilgestioninmobiliaria.cl\/index.php\/wp-json\/wp\/v2\/media?parent=28"}],"wp:term":[{"taxonomy":"product_cat","embeddable":true,"href":"https:\/\/cardemilgestioninmobiliaria.cl\/index.php\/wp-json\/wp\/v2\/product_cat?post=28"},{"taxonomy":"product_tag","embeddable":true,"href":"https:\/\/cardemilgestioninmobiliaria.cl\/index.php\/wp-json\/wp\/v2\/product_tag?post=28"}],"curies":[{"name":"wp","href":"https:\/\/api.w.org\/{rel}","templated":true}]}}