{"id":23,"date":"2023-10-06T12:46:49","date_gmt":"2023-10-06T12:46:49","guid":{"rendered":"https:\/\/cardemilgestioninmobiliaria.cl\/?post_type=product&#038;p=23"},"modified":"2024-07-09T18:40:26","modified_gmt":"2024-07-09T18:40:26","slug":"arriendo-dpto-condominio-bahia-horizonte-2b-4p-la-herradura","status":"publish","type":"product","link":"https:\/\/cardemilgestioninmobiliaria.cl\/index.php\/product\/arriendo-dpto-condominio-bahia-horizonte-2b-4p-la-herradura\/","title":{"rendered":"ARRIENDO DEPARTAMENTO AMOBLADO,2D-2B, 4 PERS, LA HERRADURA"},"content":{"rendered":"<div class=\"flex flex-grow flex-col gap-3 max-w-full\">\n<div class=\"min-h-[20px] flex flex-col items-start gap-3 whitespace-pre-wrap break-words overflow-x-auto\">\n<div class=\"markdown prose w-full break-words dark:prose-invert light\">\n<p><strong>Arriendo de Departamento en Condominio Bah\u00eda Horizonte &#8211; La Herradura, La Serena<\/strong><\/p>\n<p>Este acogedor departamento, ubicado en el Condominio Bah\u00eda Horizonte, es un lugar ideal para disfrutar de tus vacaciones.<\/p>\n<p>La ubicaci\u00f3n es excepcional, ya que se encuentra en 1\u00b0 l\u00ednea de La Herradura, con salida directa a la playa y con la comodidad de tener locomoci\u00f3n y un supermercado al frente.<\/p>\n<p>El departamento es perfecto para alojar a 4 personas y cuenta con 2 dormitorios, 2 ba\u00f1os, una cocina americana, una sala de estar acogedora y un balc\u00f3n que ofrece una vista impresionante al mar, tal como se muestra en el enlace adjunto.<\/p>\n<p>Para tu entretenimiento, se ofrece TV por cable y WiFi, y se proporcionan s\u00e1banas para mayor comodidad. El alojamiento se encuentra en el tercer piso, lo que facilita el acceso.<\/p>\n<p>El costo del arriendo es de $60,000 diarios durante el verano de 2024, con un m\u00ednimo de 7 noches de estad\u00eda.<\/p>\n<p>Adem\u00e1s, hay una oferta especial de $55,000 diarios desde octubre hasta el 15 de diciembre.<\/p>\n<p>Se aplica un cargo adicional de $23,000 por el servicio de aseo final.<\/p>\n<p>El condominio agrega valor a tu estad\u00eda con comodidades como una piscina, quincho con vista a la playa, juegos infantiles, lavander\u00eda, estacionamiento y ascensores.<\/p>\n<p>\u00a1No pierdas la oportunidad de disfrutar de una experiencia inolvidable en La Serena en el Condominio Bah\u00eda Horizonte! Cont\u00e1ctanos para obtener m\u00e1s detalles y realizar tu reserva.<\/p>\n<\/div>\n<\/div>\n<\/div>\n","protected":false},"excerpt":{"rendered":"<div>EL DEPARTAMENTO INCLUYE:<\/div>\n<div>\n<p>2 DORMITORIOS<\/p>\n<p>2 BA\u00d1OS<\/p>\n<p>COCINA AMERICANA<\/p>\n<p>LIVING<\/p>\n<p>BALCON CON VISTA AL MAR COMO LO MUESTRA EL LINK<\/p>\n<p>TV CABLE<\/p>\n<p>wifi<\/p>\n<p>SABANAS<\/p>\n<p>CAPACIDAD 4\u00a0 PERSONAS<\/p>\n<p>PISO 3<\/p>\n<p>ASEO FINAL $ 23.000<\/p>\n<div>$ 60.000 DIARIO VERANO 2024 MIN 7 NOCHES oferta $ 55.000 DE OCTUBRE\u00a0 HASTA EL 15 DE DIC.<\/div>\n<div>\n<div>CONDOMINIO BAHIA HORIZONTE, UBICADO EN 1\u00b0 LINEA DE LA HERRADURA, QUEDA AL FRENTE DE LA RUTA 5, SALIDA DIRECTA A LA PLAYA, LOCOMOCI\u00d3N Y SUPERMERCADO AL FRENTE,<\/div>\n<div>\n<div><\/div>\n<div>EL CONDOMINIO INCLUYE:<\/div>\n<div>\n<ol>\n<li>PISCINA<\/li>\n<li>QUINCHO CON VISTA A LA PLAYA<\/li>\n<li>JUEGOS INFANTILES<\/li>\n<li>LAVANDER\u00cdA<\/li>\n<li>ESTACIONAMIENTO<\/li>\n<li>ASCENSORES<\/li>\n<\/ol>\n<\/div>\n<\/div>\n<\/div>\n<div><\/div>\n<\/div>\n","protected":false},"featured_media":123,"comment_status":"open","ping_status":"closed","template":"","meta":{"site-sidebar-layout":"default","site-content-layout":"","ast-site-content-layout":"default","site-content-style":"default","site-sidebar-style":"default","ast-global-header-display":"","ast-banner-title-visibility":"","ast-main-header-display":"","ast-hfb-above-header-display":"","ast-hfb-below-header-display":"","ast-hfb-mobile-header-display":"","site-post-title":"","ast-breadcrumbs-content":"","ast-featured-img":"","footer-sml-layout":"","theme-transparent-header-meta":"default","adv-header-id-meta":"","stick-header-meta":"","header-above-stick-meta":"","header-main-stick-meta":"","header-below-stick-meta":"","astra-migrate-meta-layouts":"set","_joinchat":[]},"product_cat":[17],"product_tag":[18],"class_list":{"0":"post-23","1":"product","2":"type-product","3":"status-publish","4":"has-post-thumbnail","6":"product_cat-arriendo-anual","7":"product_tag-departamentos","8":"desktop-align-left","9":"tablet-align-left","10":"mobile-align-left","12":"first","13":"outofstock","14":"sale","15":"sold-individually","16":"shipping-taxable","17":"purchasable","18":"product-type-simple"},"yoast_head":"<!-- This site is optimized with the Yoast SEO plugin v22.7 - https:\/\/yoast.com\/wordpress\/plugins\/seo\/ -->\n<title>CONDOMINIO BAH\u00cdA HORIZONTE - ARRIENDO DEPTO<\/title>\n<meta name=\"description\" content=\"CONDOMINIO BAH\u00cdA HORIZONTE - ARRIENDO DEPTO - ARRIENDO DEPARTAMENTO AMOBLADO,2D-2B, 4 PERS, LA HERRADURA - LA SERENA, IV REGION\" \/>\n<meta name=\"robots\" content=\"index, follow, max-snippet:-1, max-image-preview:large, max-video-preview:-1\" \/>\n<link rel=\"canonical\" href=\"https:\/\/cardemilgestioninmobiliaria.cl\/index.php\/product\/arriendo-dpto-condominio-bahia-horizonte-2b-4p-la-herradura\/\" \/>\n<meta property=\"og:locale\" content=\"en_US\" \/>\n<meta property=\"og:type\" content=\"article\" \/>\n<meta property=\"og:title\" content=\"CONDOMINIO BAH\u00cdA HORIZONTE - ARRIENDO DEPTO\" \/>\n<meta property=\"og:description\" content=\"CONDOMINIO BAH\u00cdA HORIZONTE - ARRIENDO DEPTO - ARRIENDO DEPARTAMENTO AMOBLADO,2D-2B, 4 PERS, LA HERRADURA - LA SERENA, IV REGION\" \/>\n<meta property=\"og:url\" content=\"https:\/\/cardemilgestioninmobiliaria.cl\/index.php\/product\/arriendo-dpto-condominio-bahia-horizonte-2b-4p-la-herradura\/\" \/>\n<meta property=\"og:site_name\" content=\"Arriendo Departamentos | La Serena Coquimbo | Vi\u00f1a del Mar\" \/>\n<meta property=\"article:modified_time\" content=\"2024-07-09T18:40:26+00:00\" \/>\n<meta property=\"og:image\" content=\"https:\/\/cardemilgestioninmobiliaria.cl\/wp-content\/uploads\/2023\/10\/20190211_154601-scaled.jpg\" \/>\n\t<meta property=\"og:image:width\" content=\"2560\" \/>\n\t<meta property=\"og:image:height\" content=\"1920\" \/>\n\t<meta property=\"og:image:type\" content=\"image\/jpeg\" \/>\n<meta name=\"twitter:card\" content=\"summary_large_image\" \/>\n<meta name=\"twitter:label1\" content=\"Est. reading time\" \/>\n\t<meta name=\"twitter:data1\" content=\"2 minutes\" \/>\n<script type=\"application\/ld+json\" class=\"yoast-schema-graph\">{\"@context\":\"https:\/\/schema.org\",\"@graph\":[{\"@type\":\"WebPage\",\"@id\":\"https:\/\/cardemilgestioninmobiliaria.cl\/index.php\/product\/arriendo-dpto-condominio-bahia-horizonte-2b-4p-la-herradura\/\",\"url\":\"https:\/\/cardemilgestioninmobiliaria.cl\/index.php\/product\/arriendo-dpto-condominio-bahia-horizonte-2b-4p-la-herradura\/\",\"name\":\"CONDOMINIO BAH\u00cdA HORIZONTE - ARRIENDO DEPTO\",\"isPartOf\":{\"@id\":\"https:\/\/cardemilgestioninmobiliaria.cl\/#website\"},\"primaryImageOfPage\":{\"@id\":\"https:\/\/cardemilgestioninmobiliaria.cl\/index.php\/product\/arriendo-dpto-condominio-bahia-horizonte-2b-4p-la-herradura\/#primaryimage\"},\"image\":{\"@id\":\"https:\/\/cardemilgestioninmobiliaria.cl\/index.php\/product\/arriendo-dpto-condominio-bahia-horizonte-2b-4p-la-herradura\/#primaryimage\"},\"thumbnailUrl\":\"https:\/\/cardemilgestioninmobiliaria.cl\/wp-content\/uploads\/2023\/10\/20190211_154601-scaled.jpg\",\"datePublished\":\"2023-10-06T12:46:49+00:00\",\"dateModified\":\"2024-07-09T18:40:26+00:00\",\"description\":\"CONDOMINIO BAH\u00cdA HORIZONTE - ARRIENDO DEPTO - ARRIENDO DEPARTAMENTO AMOBLADO,2D-2B, 4 PERS, LA HERRADURA - LA SERENA, IV REGION\",\"breadcrumb\":{\"@id\":\"https:\/\/cardemilgestioninmobiliaria.cl\/index.php\/product\/arriendo-dpto-condominio-bahia-horizonte-2b-4p-la-herradura\/#breadcrumb\"},\"inLanguage\":\"en-US\",\"potentialAction\":[{\"@type\":\"ReadAction\",\"target\":[\"https:\/\/cardemilgestioninmobiliaria.cl\/index.php\/product\/arriendo-dpto-condominio-bahia-horizonte-2b-4p-la-herradura\/\"]}]},{\"@type\":\"ImageObject\",\"inLanguage\":\"en-US\",\"@id\":\"https:\/\/cardemilgestioninmobiliaria.cl\/index.php\/product\/arriendo-dpto-condominio-bahia-horizonte-2b-4p-la-herradura\/#primaryimage\",\"url\":\"https:\/\/cardemilgestioninmobiliaria.cl\/wp-content\/uploads\/2023\/10\/20190211_154601-scaled.jpg\",\"contentUrl\":\"https:\/\/cardemilgestioninmobiliaria.cl\/wp-content\/uploads\/2023\/10\/20190211_154601-scaled.jpg\",\"width\":2560,\"height\":1920},{\"@type\":\"BreadcrumbList\",\"@id\":\"https:\/\/cardemilgestioninmobiliaria.cl\/index.php\/product\/arriendo-dpto-condominio-bahia-horizonte-2b-4p-la-herradura\/#breadcrumb\",\"itemListElement\":[{\"@type\":\"ListItem\",\"position\":1,\"name\":\"Home\",\"item\":\"https:\/\/cardemilgestioninmobiliaria.cl\/\"},{\"@type\":\"ListItem\",\"position\":2,\"name\":\"Products\",\"item\":\"https:\/\/cardemilgestioninmobiliaria.cl\/index.php\/shop\/\"},{\"@type\":\"ListItem\",\"position\":3,\"name\":\"ARRIENDO DEPARTAMENTO AMOBLADO,2D-2B, 4 PERS, LA HERRADURA\"}]},{\"@type\":\"WebSite\",\"@id\":\"https:\/\/cardemilgestioninmobiliaria.cl\/#website\",\"url\":\"https:\/\/cardemilgestioninmobiliaria.cl\/\",\"name\":\"Arriendo Departamentos | La Serena Coquimbo | Vi\u00f1a del Mar\",\"description\":\"\",\"publisher\":{\"@id\":\"https:\/\/cardemilgestioninmobiliaria.cl\/#organization\"},\"potentialAction\":[{\"@type\":\"SearchAction\",\"target\":{\"@type\":\"EntryPoint\",\"urlTemplate\":\"https:\/\/cardemilgestioninmobiliaria.cl\/?s={search_term_string}\"},\"query-input\":\"required name=search_term_string\"}],\"inLanguage\":\"en-US\"},{\"@type\":\"Organization\",\"@id\":\"https:\/\/cardemilgestioninmobiliaria.cl\/#organization\",\"name\":\"Arriendo Departamentos | La Serena Coquimbo | Vi\u00f1a del Mar\",\"url\":\"https:\/\/cardemilgestioninmobiliaria.cl\/\",\"logo\":{\"@type\":\"ImageObject\",\"inLanguage\":\"en-US\",\"@id\":\"https:\/\/cardemilgestioninmobiliaria.cl\/#\/schema\/logo\/image\/\",\"url\":\"https:\/\/cardemilgestioninmobiliaria.cl\/wp-content\/uploads\/2023\/10\/cropped-logo.png\",\"contentUrl\":\"https:\/\/cardemilgestioninmobiliaria.cl\/wp-content\/uploads\/2023\/10\/cropped-logo.png\",\"width\":312,\"height\":104,\"caption\":\"Arriendo Departamentos  | La Serena Coquimbo | Vi\u00f1a del Mar\"},\"image\":{\"@id\":\"https:\/\/cardemilgestioninmobiliaria.cl\/#\/schema\/logo\/image\/\"}}]}<\/script>\n<!-- \/ Yoast SEO plugin. -->","yoast_head_json":{"title":"CONDOMINIO BAH\u00cdA HORIZONTE - ARRIENDO DEPTO","description":"CONDOMINIO BAH\u00cdA HORIZONTE - ARRIENDO DEPTO - ARRIENDO DEPARTAMENTO AMOBLADO,2D-2B, 4 PERS, LA HERRADURA - LA SERENA, IV REGION","robots":{"index":"index","follow":"follow","max-snippet":"max-snippet:-1","max-image-preview":"max-image-preview:large","max-video-preview":"max-video-preview:-1"},"canonical":"https:\/\/cardemilgestioninmobiliaria.cl\/index.php\/product\/arriendo-dpto-condominio-bahia-horizonte-2b-4p-la-herradura\/","og_locale":"en_US","og_type":"article","og_title":"CONDOMINIO BAH\u00cdA HORIZONTE - ARRIENDO DEPTO","og_description":"CONDOMINIO BAH\u00cdA HORIZONTE - ARRIENDO DEPTO - ARRIENDO DEPARTAMENTO AMOBLADO,2D-2B, 4 PERS, LA HERRADURA - LA SERENA, IV REGION","og_url":"https:\/\/cardemilgestioninmobiliaria.cl\/index.php\/product\/arriendo-dpto-condominio-bahia-horizonte-2b-4p-la-herradura\/","og_site_name":"Arriendo Departamentos | La Serena Coquimbo | Vi\u00f1a del Mar","article_modified_time":"2024-07-09T18:40:26+00:00","og_image":[{"width":2560,"height":1920,"url":"https:\/\/cardemilgestioninmobiliaria.cl\/wp-content\/uploads\/2023\/10\/20190211_154601-scaled.jpg","type":"image\/jpeg"}],"twitter_card":"summary_large_image","twitter_misc":{"Est. reading time":"2 minutes"},"schema":{"@context":"https:\/\/schema.org","@graph":[{"@type":"WebPage","@id":"https:\/\/cardemilgestioninmobiliaria.cl\/index.php\/product\/arriendo-dpto-condominio-bahia-horizonte-2b-4p-la-herradura\/","url":"https:\/\/cardemilgestioninmobiliaria.cl\/index.php\/product\/arriendo-dpto-condominio-bahia-horizonte-2b-4p-la-herradura\/","name":"CONDOMINIO BAH\u00cdA HORIZONTE - ARRIENDO DEPTO","isPartOf":{"@id":"https:\/\/cardemilgestioninmobiliaria.cl\/#website"},"primaryImageOfPage":{"@id":"https:\/\/cardemilgestioninmobiliaria.cl\/index.php\/product\/arriendo-dpto-condominio-bahia-horizonte-2b-4p-la-herradura\/#primaryimage"},"image":{"@id":"https:\/\/cardemilgestioninmobiliaria.cl\/index.php\/product\/arriendo-dpto-condominio-bahia-horizonte-2b-4p-la-herradura\/#primaryimage"},"thumbnailUrl":"https:\/\/cardemilgestioninmobiliaria.cl\/wp-content\/uploads\/2023\/10\/20190211_154601-scaled.jpg","datePublished":"2023-10-06T12:46:49+00:00","dateModified":"2024-07-09T18:40:26+00:00","description":"CONDOMINIO BAH\u00cdA HORIZONTE - ARRIENDO DEPTO - ARRIENDO DEPARTAMENTO AMOBLADO,2D-2B, 4 PERS, LA HERRADURA - LA SERENA, IV REGION","breadcrumb":{"@id":"https:\/\/cardemilgestioninmobiliaria.cl\/index.php\/product\/arriendo-dpto-condominio-bahia-horizonte-2b-4p-la-herradura\/#breadcrumb"},"inLanguage":"en-US","potentialAction":[{"@type":"ReadAction","target":["https:\/\/cardemilgestioninmobiliaria.cl\/index.php\/product\/arriendo-dpto-condominio-bahia-horizonte-2b-4p-la-herradura\/"]}]},{"@type":"ImageObject","inLanguage":"en-US","@id":"https:\/\/cardemilgestioninmobiliaria.cl\/index.php\/product\/arriendo-dpto-condominio-bahia-horizonte-2b-4p-la-herradura\/#primaryimage","url":"https:\/\/cardemilgestioninmobiliaria.cl\/wp-content\/uploads\/2023\/10\/20190211_154601-scaled.jpg","contentUrl":"https:\/\/cardemilgestioninmobiliaria.cl\/wp-content\/uploads\/2023\/10\/20190211_154601-scaled.jpg","width":2560,"height":1920},{"@type":"BreadcrumbList","@id":"https:\/\/cardemilgestioninmobiliaria.cl\/index.php\/product\/arriendo-dpto-condominio-bahia-horizonte-2b-4p-la-herradura\/#breadcrumb","itemListElement":[{"@type":"ListItem","position":1,"name":"Home","item":"https:\/\/cardemilgestioninmobiliaria.cl\/"},{"@type":"ListItem","position":2,"name":"Products","item":"https:\/\/cardemilgestioninmobiliaria.cl\/index.php\/shop\/"},{"@type":"ListItem","position":3,"name":"ARRIENDO DEPARTAMENTO AMOBLADO,2D-2B, 4 PERS, LA HERRADURA"}]},{"@type":"WebSite","@id":"https:\/\/cardemilgestioninmobiliaria.cl\/#website","url":"https:\/\/cardemilgestioninmobiliaria.cl\/","name":"Arriendo Departamentos | La Serena Coquimbo | Vi\u00f1a del Mar","description":"","publisher":{"@id":"https:\/\/cardemilgestioninmobiliaria.cl\/#organization"},"potentialAction":[{"@type":"SearchAction","target":{"@type":"EntryPoint","urlTemplate":"https:\/\/cardemilgestioninmobiliaria.cl\/?s={search_term_string}"},"query-input":"required name=search_term_string"}],"inLanguage":"en-US"},{"@type":"Organization","@id":"https:\/\/cardemilgestioninmobiliaria.cl\/#organization","name":"Arriendo Departamentos | La Serena Coquimbo | Vi\u00f1a del Mar","url":"https:\/\/cardemilgestioninmobiliaria.cl\/","logo":{"@type":"ImageObject","inLanguage":"en-US","@id":"https:\/\/cardemilgestioninmobiliaria.cl\/#\/schema\/logo\/image\/","url":"https:\/\/cardemilgestioninmobiliaria.cl\/wp-content\/uploads\/2023\/10\/cropped-logo.png","contentUrl":"https:\/\/cardemilgestioninmobiliaria.cl\/wp-content\/uploads\/2023\/10\/cropped-logo.png","width":312,"height":104,"caption":"Arriendo Departamentos  | La Serena Coquimbo | Vi\u00f1a del Mar"},"image":{"@id":"https:\/\/cardemilgestioninmobiliaria.cl\/#\/schema\/logo\/image\/"}}]}},"_links":{"self":[{"href":"https:\/\/cardemilgestioninmobiliaria.cl\/index.php\/wp-json\/wp\/v2\/product\/23","targetHints":{"allow":["GET"]}}],"collection":[{"href":"https:\/\/cardemilgestioninmobiliaria.cl\/index.php\/wp-json\/wp\/v2\/product"}],"about":[{"href":"https:\/\/cardemilgestioninmobiliaria.cl\/index.php\/wp-json\/wp\/v2\/types\/product"}],"replies":[{"embeddable":true,"href":"https:\/\/cardemilgestioninmobiliaria.cl\/index.php\/wp-json\/wp\/v2\/comments?post=23"}],"wp:featuredmedia":[{"embeddable":true,"href":"https:\/\/cardemilgestioninmobiliaria.cl\/index.php\/wp-json\/wp\/v2\/media\/123"}],"wp:attachment":[{"href":"https:\/\/cardemilgestioninmobiliaria.cl\/index.php\/wp-json\/wp\/v2\/media?parent=23"}],"wp:term":[{"taxonomy":"product_cat","embeddable":true,"href":"https:\/\/cardemilgestioninmobiliaria.cl\/index.php\/wp-json\/wp\/v2\/product_cat?post=23"},{"taxonomy":"product_tag","embeddable":true,"href":"https:\/\/cardemilgestioninmobiliaria.cl\/index.php\/wp-json\/wp\/v2\/product_tag?post=23"}],"curies":[{"name":"wp","href":"https:\/\/api.w.org\/{rel}","templated":true}]}}