{"id":20,"date":"2023-10-06T12:46:49","date_gmt":"2023-10-06T12:46:49","guid":{"rendered":"https:\/\/cardemilgestioninmobiliaria.cl\/?post_type=product&#038;p=20"},"modified":"2023-10-12T16:31:33","modified_gmt":"2023-10-12T16:31:33","slug":"arriendo-departamento-amoblado2d-1b-4pers-penuelas","status":"publish","type":"product","link":"https:\/\/cardemilgestioninmobiliaria.cl\/index.php\/product\/arriendo-departamento-amoblado2d-1b-4pers-penuelas\/","title":{"rendered":"ARRIENDO DEPARTAMENTO AMOBLADO,2D-1B, 4PERS, PE\u00d1UELAS"},"content":{"rendered":"<p><strong>Departamento en Arriendo en Pe\u00f1uelas, La Serena<\/strong><\/p>\n<p>Te ofrecemos un acogedor departamento en el Condominio Marina Horizonte 2 Gran Marina, ubicado detr\u00e1s del Casino Enjoy, en Avenida Los Pescadores 5301, Coquimbo.<\/p>\n<p>Este alojamiento cuenta con una ubicaci\u00f3n estrat\u00e9gica, a solo unos pasos de la Avenida del Mar y de la Ruta 5, brind\u00e1ndote una vista inigualable al mar.<\/p>\n<p>El condominio proporciona diversas comodidades para tu disfrute, como piscina, quincho, juegos infantiles, lavander\u00eda, sala multiuso, estacionamiento y una sala de WIFI en el primer piso.<\/p>\n<p>El departamento tiene capacidad para 4 personas, distribuidas en 2 amplios dormitorios, acompa\u00f1ados por un ba\u00f1o completo.<\/p>\n<p>La cocina es de tipo americana y est\u00e1 completamente equipada, facilitando la preparaci\u00f3n de tus comidas durante tu estad\u00eda.<\/p>\n<p>El departamento se ubica en el piso 17, proporcionando una vista panor\u00e1mica de la Avenida del Mar que te dejar\u00e1 sin aliento.<\/p>\n<p>Adem\u00e1s, se proveen s\u00e1banas y se garantiza el acceso a TV por cable y WIFI. El costo del arriendo var\u00eda seg\u00fan la temporada.<\/p>\n<p>Durante el verano 2024, el costo es de $65,000 diarios, con un m\u00ednimo de 7 noches de estad\u00eda, lo que te brinda la oportunidad de disfrutar de una temporada de playa inolvidable.<\/p>\n<p>En otras fechas, el costo es de $50,000 diarios hasta diciembre, con un m\u00ednimo de 3 noches, mientras que durante los feriados, se aplica un costo de $55,000 con un m\u00ednimo de 3 noches.<\/p>\n<p>Adem\u00e1s del costo de arriendo, se agrega un cargo de $25,000 por el servicio de aseo final, para garantizar un espacio limpio y acogedor para los pr\u00f3ximos hu\u00e9spedes.<\/p>\n<p>Para obtener m\u00e1s detalles o realizar una reserva, no dudes en contactarnos.<\/p>\n<p>Estamos aqu\u00ed para ayudarte a encontrar el lugar perfecto para tu estad\u00eda en La Serena, donde la playa y la comodidad se unen para crear recuerdos inolvidables.<\/p>\n<p>\u00a1No dejes pasar la oportunidad de vivir una experiencia \u00fanica en este arriendo departamento pe\u00f1uelas ,\u00a0 Condominio Marina Horizonte!<\/p>\n","protected":false},"excerpt":{"rendered":"<p>ARRIENDO DEPARTAMENTO PE\u00d1UELAS, LA SERENA.<\/p>\n<ul>\n<li>EL CONDOMINIO MARINA HORIZONTE 2 GRAN MARINA, UBICADO ATR\u00c1S DEL CASINO ENJOY,.<\/li>\n<li>AVENIDA LOS PESCADORES 5301, COQUIMBO<\/li>\n<li>A PASOS DE LA AV DEL MAR Y DE LA RUTA 5, CON UNA VISTA PRECIOSA DE LA AV DEL MAR.<\/li>\n<\/ul>\n<div>EL CONDOMINIO INCLUYE:<\/div>\n<div>\n<ol>\n<li>PISCINA<\/li>\n<li>QUINCHO<\/li>\n<li>JUEGOS INFANTILES<\/li>\n<li>LAVANDER\u00cdA<\/li>\n<li>SALA MULTIUSO<\/li>\n<li>ESTACIONAMIENTO<\/li>\n<li>SALA WIFI EN\u00a01\u00b0 PISO<\/li>\n<\/ol>\n<div>\n<div>\n<div>EL DEPARTAMENTO TIENE CAPACIDAD PARA 4 PERSONAS<\/div>\n<\/div>\n<\/div>\n<div>\n<p>2 DORMITORIO GRANDES<\/p>\n<p>1 BA\u00d1O<\/p>\n<p>COCINA AMERICANA FULL EQUIPADA<\/p>\n<p>PISO 17<\/p>\n<p>SABANAS<\/p>\n<p>TV CABLE<\/p>\n<p>WIFI<\/p>\n<p>ESTACIONAMIENTO<\/p>\n<p>VISTA A LA AV DEL MAR<\/p>\n<p>$ 50.000 DIARIO HASTA DICIEMBRE EXCEPTO MIN 3 NOCHES<\/p>\n<p>FERIADOS\u00a0 $ 55.000 MIN 3 NOCHES<\/p>\n<div>\n<p>$ 65.000 DIARIO VERANO 2024\u00a0 M\u00cdNIMO DE NOCHES: 7<\/p>\n<\/div>\n<div>aseo final $ 25.000<\/div>\n<\/div>\n<\/div>\n","protected":false},"featured_media":75,"comment_status":"closed","ping_status":"closed","template":"","meta":{"site-sidebar-layout":"default","site-content-layout":"default","ast-site-content-layout":"default","site-content-style":"default","site-sidebar-style":"default","ast-global-header-display":"","ast-banner-title-visibility":"","ast-main-header-display":"","ast-hfb-above-header-display":"","ast-hfb-below-header-display":"","ast-hfb-mobile-header-display":"","site-post-title":"","ast-breadcrumbs-content":"","ast-featured-img":"","footer-sml-layout":"","theme-transparent-header-meta":"default","adv-header-id-meta":"","stick-header-meta":"","header-above-stick-meta":"","header-main-stick-meta":"","header-below-stick-meta":"","astra-migrate-meta-layouts":"set","_joinchat":[]},"product_cat":[19,20],"product_tag":[18],"class_list":{"0":"post-20","1":"product","2":"type-product","3":"status-publish","4":"has-post-thumbnail","6":"product_cat-arriendo-diario","7":"product_cat-departamento-coquimbo","8":"product_tag-departamentos","9":"desktop-align-left","10":"tablet-align-left","11":"mobile-align-left","13":"first","14":"instock","15":"shipping-taxable","16":"purchasable","17":"product-type-simple"},"yoast_head":"<!-- This site is optimized with the Yoast SEO plugin v22.7 - https:\/\/yoast.com\/wordpress\/plugins\/seo\/ -->\n<title>ARRIENDO DEPARTAMENTO PE\u00d1UELAS, AMOBLADO<\/title>\n<meta name=\"description\" content=\"ARRIENDO DEPARTAMENTO PE\u00d1UELAS, AMOBLADO, $55.000, 2 DORMITORIOS GRANDES , 1 BA\u00d1O, COCINA AMERICANA FULL EQUIPADA, PISO 17, WI-FI, ESTACIONAMIENTO\" \/>\n<meta name=\"robots\" content=\"index, follow, max-snippet:-1, max-image-preview:large, max-video-preview:-1\" \/>\n<link rel=\"canonical\" href=\"https:\/\/cardemilgestioninmobiliaria.cl\/index.php\/product\/arriendo-departamento-amoblado2d-1b-4pers-penuelas\/\" \/>\n<meta property=\"og:locale\" content=\"en_US\" \/>\n<meta property=\"og:type\" content=\"article\" \/>\n<meta property=\"og:title\" content=\"ARRIENDO DEPARTAMENTO PE\u00d1UELAS, AMOBLADO\" \/>\n<meta property=\"og:description\" content=\"ARRIENDO DEPARTAMENTO PE\u00d1UELAS, AMOBLADO, $55.000, 2 DORMITORIOS GRANDES , 1 BA\u00d1O, COCINA AMERICANA FULL EQUIPADA, PISO 17, WI-FI, ESTACIONAMIENTO\" \/>\n<meta property=\"og:url\" content=\"https:\/\/cardemilgestioninmobiliaria.cl\/index.php\/product\/arriendo-departamento-amoblado2d-1b-4pers-penuelas\/\" \/>\n<meta property=\"og:site_name\" content=\"Arriendo Departamentos | La Serena Coquimbo | Vi\u00f1a del Mar\" \/>\n<meta property=\"article:modified_time\" content=\"2023-10-12T16:31:33+00:00\" \/>\n<meta property=\"og:image\" content=\"https:\/\/cardemilgestioninmobiliaria.cl\/wp-content\/uploads\/2023\/10\/IMG_0220-scaled.jpg\" \/>\n\t<meta property=\"og:image:width\" content=\"2560\" \/>\n\t<meta property=\"og:image:height\" content=\"1920\" \/>\n\t<meta property=\"og:image:type\" content=\"image\/jpeg\" \/>\n<meta name=\"twitter:card\" content=\"summary_large_image\" \/>\n<meta name=\"twitter:label1\" content=\"Est. reading time\" \/>\n\t<meta name=\"twitter:data1\" content=\"2 minutes\" \/>\n<script type=\"application\/ld+json\" class=\"yoast-schema-graph\">{\"@context\":\"https:\/\/schema.org\",\"@graph\":[{\"@type\":\"WebPage\",\"@id\":\"https:\/\/cardemilgestioninmobiliaria.cl\/index.php\/product\/arriendo-departamento-amoblado2d-1b-4pers-penuelas\/\",\"url\":\"https:\/\/cardemilgestioninmobiliaria.cl\/index.php\/product\/arriendo-departamento-amoblado2d-1b-4pers-penuelas\/\",\"name\":\"ARRIENDO DEPARTAMENTO PE\u00d1UELAS, AMOBLADO\",\"isPartOf\":{\"@id\":\"https:\/\/cardemilgestioninmobiliaria.cl\/#website\"},\"primaryImageOfPage\":{\"@id\":\"https:\/\/cardemilgestioninmobiliaria.cl\/index.php\/product\/arriendo-departamento-amoblado2d-1b-4pers-penuelas\/#primaryimage\"},\"image\":{\"@id\":\"https:\/\/cardemilgestioninmobiliaria.cl\/index.php\/product\/arriendo-departamento-amoblado2d-1b-4pers-penuelas\/#primaryimage\"},\"thumbnailUrl\":\"https:\/\/cardemilgestioninmobiliaria.cl\/wp-content\/uploads\/2023\/10\/IMG_0220-scaled.jpg\",\"datePublished\":\"2023-10-06T12:46:49+00:00\",\"dateModified\":\"2023-10-12T16:31:33+00:00\",\"description\":\"ARRIENDO DEPARTAMENTO PE\u00d1UELAS, AMOBLADO, $55.000, 2 DORMITORIOS GRANDES , 1 BA\u00d1O, COCINA AMERICANA FULL EQUIPADA, PISO 17, WI-FI, ESTACIONAMIENTO\",\"breadcrumb\":{\"@id\":\"https:\/\/cardemilgestioninmobiliaria.cl\/index.php\/product\/arriendo-departamento-amoblado2d-1b-4pers-penuelas\/#breadcrumb\"},\"inLanguage\":\"en-US\",\"potentialAction\":[{\"@type\":\"ReadAction\",\"target\":[\"https:\/\/cardemilgestioninmobiliaria.cl\/index.php\/product\/arriendo-departamento-amoblado2d-1b-4pers-penuelas\/\"]}]},{\"@type\":\"ImageObject\",\"inLanguage\":\"en-US\",\"@id\":\"https:\/\/cardemilgestioninmobiliaria.cl\/index.php\/product\/arriendo-departamento-amoblado2d-1b-4pers-penuelas\/#primaryimage\",\"url\":\"https:\/\/cardemilgestioninmobiliaria.cl\/wp-content\/uploads\/2023\/10\/IMG_0220-scaled.jpg\",\"contentUrl\":\"https:\/\/cardemilgestioninmobiliaria.cl\/wp-content\/uploads\/2023\/10\/IMG_0220-scaled.jpg\",\"width\":2560,\"height\":1920},{\"@type\":\"BreadcrumbList\",\"@id\":\"https:\/\/cardemilgestioninmobiliaria.cl\/index.php\/product\/arriendo-departamento-amoblado2d-1b-4pers-penuelas\/#breadcrumb\",\"itemListElement\":[{\"@type\":\"ListItem\",\"position\":1,\"name\":\"Home\",\"item\":\"https:\/\/cardemilgestioninmobiliaria.cl\/\"},{\"@type\":\"ListItem\",\"position\":2,\"name\":\"Products\",\"item\":\"https:\/\/cardemilgestioninmobiliaria.cl\/index.php\/shop\/\"},{\"@type\":\"ListItem\",\"position\":3,\"name\":\"ARRIENDO DEPARTAMENTO AMOBLADO,2D-1B, 4PERS, PE\u00d1UELAS\"}]},{\"@type\":\"WebSite\",\"@id\":\"https:\/\/cardemilgestioninmobiliaria.cl\/#website\",\"url\":\"https:\/\/cardemilgestioninmobiliaria.cl\/\",\"name\":\"Arriendo Departamentos | La Serena Coquimbo | Vi\u00f1a del Mar\",\"description\":\"\",\"publisher\":{\"@id\":\"https:\/\/cardemilgestioninmobiliaria.cl\/#organization\"},\"potentialAction\":[{\"@type\":\"SearchAction\",\"target\":{\"@type\":\"EntryPoint\",\"urlTemplate\":\"https:\/\/cardemilgestioninmobiliaria.cl\/?s={search_term_string}\"},\"query-input\":\"required name=search_term_string\"}],\"inLanguage\":\"en-US\"},{\"@type\":\"Organization\",\"@id\":\"https:\/\/cardemilgestioninmobiliaria.cl\/#organization\",\"name\":\"Arriendo Departamentos | La Serena Coquimbo | Vi\u00f1a del Mar\",\"url\":\"https:\/\/cardemilgestioninmobiliaria.cl\/\",\"logo\":{\"@type\":\"ImageObject\",\"inLanguage\":\"en-US\",\"@id\":\"https:\/\/cardemilgestioninmobiliaria.cl\/#\/schema\/logo\/image\/\",\"url\":\"https:\/\/cardemilgestioninmobiliaria.cl\/wp-content\/uploads\/2023\/10\/cropped-logo.png\",\"contentUrl\":\"https:\/\/cardemilgestioninmobiliaria.cl\/wp-content\/uploads\/2023\/10\/cropped-logo.png\",\"width\":312,\"height\":104,\"caption\":\"Arriendo Departamentos  | La Serena Coquimbo | Vi\u00f1a del Mar\"},\"image\":{\"@id\":\"https:\/\/cardemilgestioninmobiliaria.cl\/#\/schema\/logo\/image\/\"}}]}<\/script>\n<!-- \/ Yoast SEO plugin. -->","yoast_head_json":{"title":"ARRIENDO DEPARTAMENTO PE\u00d1UELAS, AMOBLADO","description":"ARRIENDO DEPARTAMENTO PE\u00d1UELAS, AMOBLADO, $55.000, 2 DORMITORIOS GRANDES , 1 BA\u00d1O, COCINA AMERICANA FULL EQUIPADA, PISO 17, WI-FI, ESTACIONAMIENTO","robots":{"index":"index","follow":"follow","max-snippet":"max-snippet:-1","max-image-preview":"max-image-preview:large","max-video-preview":"max-video-preview:-1"},"canonical":"https:\/\/cardemilgestioninmobiliaria.cl\/index.php\/product\/arriendo-departamento-amoblado2d-1b-4pers-penuelas\/","og_locale":"en_US","og_type":"article","og_title":"ARRIENDO DEPARTAMENTO PE\u00d1UELAS, AMOBLADO","og_description":"ARRIENDO DEPARTAMENTO PE\u00d1UELAS, AMOBLADO, $55.000, 2 DORMITORIOS GRANDES , 1 BA\u00d1O, COCINA AMERICANA FULL EQUIPADA, PISO 17, WI-FI, ESTACIONAMIENTO","og_url":"https:\/\/cardemilgestioninmobiliaria.cl\/index.php\/product\/arriendo-departamento-amoblado2d-1b-4pers-penuelas\/","og_site_name":"Arriendo Departamentos | La Serena Coquimbo | Vi\u00f1a del Mar","article_modified_time":"2023-10-12T16:31:33+00:00","og_image":[{"width":2560,"height":1920,"url":"https:\/\/cardemilgestioninmobiliaria.cl\/wp-content\/uploads\/2023\/10\/IMG_0220-scaled.jpg","type":"image\/jpeg"}],"twitter_card":"summary_large_image","twitter_misc":{"Est. reading time":"2 minutes"},"schema":{"@context":"https:\/\/schema.org","@graph":[{"@type":"WebPage","@id":"https:\/\/cardemilgestioninmobiliaria.cl\/index.php\/product\/arriendo-departamento-amoblado2d-1b-4pers-penuelas\/","url":"https:\/\/cardemilgestioninmobiliaria.cl\/index.php\/product\/arriendo-departamento-amoblado2d-1b-4pers-penuelas\/","name":"ARRIENDO DEPARTAMENTO PE\u00d1UELAS, AMOBLADO","isPartOf":{"@id":"https:\/\/cardemilgestioninmobiliaria.cl\/#website"},"primaryImageOfPage":{"@id":"https:\/\/cardemilgestioninmobiliaria.cl\/index.php\/product\/arriendo-departamento-amoblado2d-1b-4pers-penuelas\/#primaryimage"},"image":{"@id":"https:\/\/cardemilgestioninmobiliaria.cl\/index.php\/product\/arriendo-departamento-amoblado2d-1b-4pers-penuelas\/#primaryimage"},"thumbnailUrl":"https:\/\/cardemilgestioninmobiliaria.cl\/wp-content\/uploads\/2023\/10\/IMG_0220-scaled.jpg","datePublished":"2023-10-06T12:46:49+00:00","dateModified":"2023-10-12T16:31:33+00:00","description":"ARRIENDO DEPARTAMENTO PE\u00d1UELAS, AMOBLADO, $55.000, 2 DORMITORIOS GRANDES , 1 BA\u00d1O, COCINA AMERICANA FULL EQUIPADA, PISO 17, WI-FI, ESTACIONAMIENTO","breadcrumb":{"@id":"https:\/\/cardemilgestioninmobiliaria.cl\/index.php\/product\/arriendo-departamento-amoblado2d-1b-4pers-penuelas\/#breadcrumb"},"inLanguage":"en-US","potentialAction":[{"@type":"ReadAction","target":["https:\/\/cardemilgestioninmobiliaria.cl\/index.php\/product\/arriendo-departamento-amoblado2d-1b-4pers-penuelas\/"]}]},{"@type":"ImageObject","inLanguage":"en-US","@id":"https:\/\/cardemilgestioninmobiliaria.cl\/index.php\/product\/arriendo-departamento-amoblado2d-1b-4pers-penuelas\/#primaryimage","url":"https:\/\/cardemilgestioninmobiliaria.cl\/wp-content\/uploads\/2023\/10\/IMG_0220-scaled.jpg","contentUrl":"https:\/\/cardemilgestioninmobiliaria.cl\/wp-content\/uploads\/2023\/10\/IMG_0220-scaled.jpg","width":2560,"height":1920},{"@type":"BreadcrumbList","@id":"https:\/\/cardemilgestioninmobiliaria.cl\/index.php\/product\/arriendo-departamento-amoblado2d-1b-4pers-penuelas\/#breadcrumb","itemListElement":[{"@type":"ListItem","position":1,"name":"Home","item":"https:\/\/cardemilgestioninmobiliaria.cl\/"},{"@type":"ListItem","position":2,"name":"Products","item":"https:\/\/cardemilgestioninmobiliaria.cl\/index.php\/shop\/"},{"@type":"ListItem","position":3,"name":"ARRIENDO DEPARTAMENTO AMOBLADO,2D-1B, 4PERS, PE\u00d1UELAS"}]},{"@type":"WebSite","@id":"https:\/\/cardemilgestioninmobiliaria.cl\/#website","url":"https:\/\/cardemilgestioninmobiliaria.cl\/","name":"Arriendo Departamentos | La Serena Coquimbo | Vi\u00f1a del Mar","description":"","publisher":{"@id":"https:\/\/cardemilgestioninmobiliaria.cl\/#organization"},"potentialAction":[{"@type":"SearchAction","target":{"@type":"EntryPoint","urlTemplate":"https:\/\/cardemilgestioninmobiliaria.cl\/?s={search_term_string}"},"query-input":"required name=search_term_string"}],"inLanguage":"en-US"},{"@type":"Organization","@id":"https:\/\/cardemilgestioninmobiliaria.cl\/#organization","name":"Arriendo Departamentos | La Serena Coquimbo | Vi\u00f1a del Mar","url":"https:\/\/cardemilgestioninmobiliaria.cl\/","logo":{"@type":"ImageObject","inLanguage":"en-US","@id":"https:\/\/cardemilgestioninmobiliaria.cl\/#\/schema\/logo\/image\/","url":"https:\/\/cardemilgestioninmobiliaria.cl\/wp-content\/uploads\/2023\/10\/cropped-logo.png","contentUrl":"https:\/\/cardemilgestioninmobiliaria.cl\/wp-content\/uploads\/2023\/10\/cropped-logo.png","width":312,"height":104,"caption":"Arriendo Departamentos  | La Serena Coquimbo | Vi\u00f1a del Mar"},"image":{"@id":"https:\/\/cardemilgestioninmobiliaria.cl\/#\/schema\/logo\/image\/"}}]}},"_links":{"self":[{"href":"https:\/\/cardemilgestioninmobiliaria.cl\/index.php\/wp-json\/wp\/v2\/product\/20","targetHints":{"allow":["GET"]}}],"collection":[{"href":"https:\/\/cardemilgestioninmobiliaria.cl\/index.php\/wp-json\/wp\/v2\/product"}],"about":[{"href":"https:\/\/cardemilgestioninmobiliaria.cl\/index.php\/wp-json\/wp\/v2\/types\/product"}],"replies":[{"embeddable":true,"href":"https:\/\/cardemilgestioninmobiliaria.cl\/index.php\/wp-json\/wp\/v2\/comments?post=20"}],"wp:featuredmedia":[{"embeddable":true,"href":"https:\/\/cardemilgestioninmobiliaria.cl\/index.php\/wp-json\/wp\/v2\/media\/75"}],"wp:attachment":[{"href":"https:\/\/cardemilgestioninmobiliaria.cl\/index.php\/wp-json\/wp\/v2\/media?parent=20"}],"wp:term":[{"taxonomy":"product_cat","embeddable":true,"href":"https:\/\/cardemilgestioninmobiliaria.cl\/index.php\/wp-json\/wp\/v2\/product_cat?post=20"},{"taxonomy":"product_tag","embeddable":true,"href":"https:\/\/cardemilgestioninmobiliaria.cl\/index.php\/wp-json\/wp\/v2\/product_tag?post=20"}],"curies":[{"name":"wp","href":"https:\/\/api.w.org\/{rel}","templated":true}]}}