{"id":140,"date":"2023-10-06T12:54:07","date_gmt":"2023-10-06T12:54:07","guid":{"rendered":"https:\/\/cardemilgestioninmobiliaria.cl\/?post_type=product&#038;p=140"},"modified":"2023-10-12T12:28:06","modified_gmt":"2023-10-12T12:28:06","slug":"arriendo-departamentos-6-personas-3d-2b-la-herradura","status":"publish","type":"product","link":"https:\/\/cardemilgestioninmobiliaria.cl\/index.php\/product\/arriendo-departamentos-6-personas-3d-2b-la-herradura\/","title":{"rendered":"ARRIENDO DEPARTAMENTO VERANO 2024, 6 PERSONAS, 3D-2B, LA HERRADURA"},"content":{"rendered":"<p style=\"text-align: left;\">Arriendo de Departamentos. Experimenta unas vacaciones inolvidables en Coquimbo con la comodidad y belleza de nuestro apartamento en el piso 9. Este espacioso y acogedor alojamiento ofrece impresionantes vistas al mar desde su balc\u00f3n, creando el escenario perfecto para disfrutar de la belleza del oc\u00e9ano Pac\u00edfico.<\/p>\n<p style=\"text-align: left;\">Nuestro apartamento cuenta con 3 dormitorios y 2 ba\u00f1os, proporcionando un amplio espacio para que hasta 6 personas se relajen y disfruten de su estad\u00eda. La cocina americana est\u00e1 completamente equipada, lo que te permite preparar tus comidas favoritas con facilidad. La sala de estar cuenta con una televisi\u00f3n para tu entretenimiento, y el acceso a Internet de alta velocidad (WiFi) te mantiene conectado con el mundo exterior.<\/p>\n<p style=\"text-align: left;\">El apartamento se encuentra en el piso 9, lo que garantiza vistas panor\u00e1micas inigualables del mar y el entorno. Tambi\u00e9n ofrecemos estacionamiento, lo que facilita el acceso y la seguridad de tu veh\u00edculo durante tu estad\u00eda.<\/p>\n<p style=\"text-align: left;\">Para tu comodidad, hemos incluido televisi\u00f3n por cable y proporcionamos s\u00e1banas para que tu estad\u00eda sea a\u00fan m\u00e1s relajante. Adem\u00e1s, ofrecemos un servicio de aseo final por un costo adicional de $30,000.<\/p>\n<p style=\"text-align: left;\">Para aquellos que buscan unas vacaciones inolvidables en la costa de Coquimbo, esta es la elecci\u00f3n perfecta. La tarifa diaria durante el verano de 2024 es de $80,000 con una estad\u00eda m\u00ednima de 7 noches. No pierdas la oportunidad de disfrutar de este hermoso lugar en uno de los destinos m\u00e1s encantadores de Chile. \u00a1Reserva hoy mismo y prep\u00e1rate para crear recuerdos invaluables en la costa de Coquimbo.<\/p>\n<p style=\"text-align: left;\">arriendo departamentos.<\/p>\n","protected":false},"excerpt":{"rendered":"<div>\n<p>Arriendo Departamentos en Coquimbo<\/p>\n<p>ASEO FINAL $ 30.000<\/p>\n<div>$ 80.000 DIARIO VERANO 2024 MIN 7 NOCHES 6 PERS<\/div>\n<\/div>\n<div>EL DEPARTAMENTO INCLUYE:<\/div>\n<div>\n<p>3 DORMITORIOS<\/p>\n<p>2 BA\u00d1OS<\/p>\n<p>COCINA AMERICANA FULL EQUIPADA<\/p>\n<p>TV EN LIVING<\/p>\n<p>BALCON CON VISTA AL MAR<\/p>\n<p>CAPACIDAD 6\u00a0 PERSONAS<\/p>\n<p>PISO 9<\/p>\n<p>ESTACIONAMIENTO<\/p>\n<p>TV CABLE<\/p>\n<p>WIFI<\/p>\n<p>SABANAS<\/p>\n<p>&nbsp;<\/p>\n<\/div>\n","protected":false},"featured_media":658,"comment_status":"closed","ping_status":"closed","template":"","meta":{"site-sidebar-layout":"default","site-content-layout":"default","ast-site-content-layout":"default","site-content-style":"default","site-sidebar-style":"default","ast-global-header-display":"","ast-banner-title-visibility":"","ast-main-header-display":"","ast-hfb-above-header-display":"","ast-hfb-below-header-display":"","ast-hfb-mobile-header-display":"","site-post-title":"","ast-breadcrumbs-content":"","ast-featured-img":"","footer-sml-layout":"","theme-transparent-header-meta":"default","adv-header-id-meta":"","stick-header-meta":"","header-above-stick-meta":"","header-main-stick-meta":"","header-below-stick-meta":"","astra-migrate-meta-layouts":"set","_joinchat":[]},"product_cat":[19,20],"product_tag":[18],"class_list":{"0":"post-140","1":"product","2":"type-product","3":"status-publish","4":"has-post-thumbnail","6":"product_cat-arriendo-diario","7":"product_cat-departamento-coquimbo","8":"product_tag-departamentos","9":"desktop-align-left","10":"tablet-align-left","11":"mobile-align-left","13":"first","14":"instock","15":"featured","16":"shipping-taxable","17":"purchasable","18":"product-type-simple"},"yoast_head":"<!-- This site is optimized with the Yoast SEO plugin v22.7 - https:\/\/yoast.com\/wordpress\/plugins\/seo\/ -->\n<title>ARRIENDO DEPARTAMENTOS- LA SERENA - PE\u00d1UELAS<\/title>\n<meta name=\"description\" content=\"Arriendo Departamentos | departamento ubicado en penuelas $ 80.000 DIARIO MIN 7 NOCHES 6 PERSONAS | 3 DORMITORIOS | 2 BA\u00d1OS\" \/>\n<meta name=\"robots\" content=\"index, follow, max-snippet:-1, max-image-preview:large, max-video-preview:-1\" \/>\n<link rel=\"canonical\" href=\"https:\/\/cardemilgestioninmobiliaria.cl\/index.php\/product\/arriendo-departamentos-6-personas-3d-2b-la-herradura\/\" \/>\n<meta property=\"og:locale\" content=\"en_US\" \/>\n<meta property=\"og:type\" content=\"article\" \/>\n<meta property=\"og:title\" content=\"ARRIENDO DEPARTAMENTOS- LA SERENA - PE\u00d1UELAS\" \/>\n<meta property=\"og:description\" content=\"Arriendo Departamentos | departamento ubicado en penuelas $ 80.000 DIARIO MIN 7 NOCHES 6 PERSONAS | 3 DORMITORIOS | 2 BA\u00d1OS\" \/>\n<meta property=\"og:url\" content=\"https:\/\/cardemilgestioninmobiliaria.cl\/index.php\/product\/arriendo-departamentos-6-personas-3d-2b-la-herradura\/\" \/>\n<meta property=\"og:site_name\" content=\"Arriendo Departamentos | La Serena Coquimbo | Vi\u00f1a del Mar\" \/>\n<meta property=\"article:modified_time\" content=\"2023-10-12T12:28:06+00:00\" \/>\n<meta property=\"og:image\" content=\"https:\/\/cardemilgestioninmobiliaria.cl\/wp-content\/uploads\/2023\/10\/IMG_0383-scaled.jpg\" \/>\n\t<meta property=\"og:image:width\" content=\"2560\" \/>\n\t<meta property=\"og:image:height\" content=\"1920\" \/>\n\t<meta property=\"og:image:type\" content=\"image\/jpeg\" \/>\n<meta name=\"twitter:card\" content=\"summary_large_image\" \/>\n<meta name=\"twitter:label1\" content=\"Est. reading time\" \/>\n\t<meta name=\"twitter:data1\" content=\"2 minutes\" \/>\n<script type=\"application\/ld+json\" class=\"yoast-schema-graph\">{\"@context\":\"https:\/\/schema.org\",\"@graph\":[{\"@type\":\"WebPage\",\"@id\":\"https:\/\/cardemilgestioninmobiliaria.cl\/index.php\/product\/arriendo-departamentos-6-personas-3d-2b-la-herradura\/\",\"url\":\"https:\/\/cardemilgestioninmobiliaria.cl\/index.php\/product\/arriendo-departamentos-6-personas-3d-2b-la-herradura\/\",\"name\":\"ARRIENDO DEPARTAMENTOS- LA SERENA - PE\u00d1UELAS\",\"isPartOf\":{\"@id\":\"https:\/\/cardemilgestioninmobiliaria.cl\/#website\"},\"primaryImageOfPage\":{\"@id\":\"https:\/\/cardemilgestioninmobiliaria.cl\/index.php\/product\/arriendo-departamentos-6-personas-3d-2b-la-herradura\/#primaryimage\"},\"image\":{\"@id\":\"https:\/\/cardemilgestioninmobiliaria.cl\/index.php\/product\/arriendo-departamentos-6-personas-3d-2b-la-herradura\/#primaryimage\"},\"thumbnailUrl\":\"https:\/\/cardemilgestioninmobiliaria.cl\/wp-content\/uploads\/2023\/10\/IMG_0383-scaled.jpg\",\"datePublished\":\"2023-10-06T12:54:07+00:00\",\"dateModified\":\"2023-10-12T12:28:06+00:00\",\"description\":\"Arriendo Departamentos | departamento ubicado en penuelas $ 80.000 DIARIO MIN 7 NOCHES 6 PERSONAS | 3 DORMITORIOS | 2 BA\u00d1OS\",\"breadcrumb\":{\"@id\":\"https:\/\/cardemilgestioninmobiliaria.cl\/index.php\/product\/arriendo-departamentos-6-personas-3d-2b-la-herradura\/#breadcrumb\"},\"inLanguage\":\"en-US\",\"potentialAction\":[{\"@type\":\"ReadAction\",\"target\":[\"https:\/\/cardemilgestioninmobiliaria.cl\/index.php\/product\/arriendo-departamentos-6-personas-3d-2b-la-herradura\/\"]}]},{\"@type\":\"ImageObject\",\"inLanguage\":\"en-US\",\"@id\":\"https:\/\/cardemilgestioninmobiliaria.cl\/index.php\/product\/arriendo-departamentos-6-personas-3d-2b-la-herradura\/#primaryimage\",\"url\":\"https:\/\/cardemilgestioninmobiliaria.cl\/wp-content\/uploads\/2023\/10\/IMG_0383-scaled.jpg\",\"contentUrl\":\"https:\/\/cardemilgestioninmobiliaria.cl\/wp-content\/uploads\/2023\/10\/IMG_0383-scaled.jpg\",\"width\":2560,\"height\":1920},{\"@type\":\"BreadcrumbList\",\"@id\":\"https:\/\/cardemilgestioninmobiliaria.cl\/index.php\/product\/arriendo-departamentos-6-personas-3d-2b-la-herradura\/#breadcrumb\",\"itemListElement\":[{\"@type\":\"ListItem\",\"position\":1,\"name\":\"Home\",\"item\":\"https:\/\/cardemilgestioninmobiliaria.cl\/\"},{\"@type\":\"ListItem\",\"position\":2,\"name\":\"Products\",\"item\":\"https:\/\/cardemilgestioninmobiliaria.cl\/index.php\/shop\/\"},{\"@type\":\"ListItem\",\"position\":3,\"name\":\"ARRIENDO DEPARTAMENTO VERANO 2024, 6 PERSONAS, 3D-2B, LA HERRADURA\"}]},{\"@type\":\"WebSite\",\"@id\":\"https:\/\/cardemilgestioninmobiliaria.cl\/#website\",\"url\":\"https:\/\/cardemilgestioninmobiliaria.cl\/\",\"name\":\"Arriendo Departamentos | La Serena Coquimbo | Vi\u00f1a del Mar\",\"description\":\"\",\"publisher\":{\"@id\":\"https:\/\/cardemilgestioninmobiliaria.cl\/#organization\"},\"potentialAction\":[{\"@type\":\"SearchAction\",\"target\":{\"@type\":\"EntryPoint\",\"urlTemplate\":\"https:\/\/cardemilgestioninmobiliaria.cl\/?s={search_term_string}\"},\"query-input\":\"required name=search_term_string\"}],\"inLanguage\":\"en-US\"},{\"@type\":\"Organization\",\"@id\":\"https:\/\/cardemilgestioninmobiliaria.cl\/#organization\",\"name\":\"Arriendo Departamentos | La Serena Coquimbo | Vi\u00f1a del Mar\",\"url\":\"https:\/\/cardemilgestioninmobiliaria.cl\/\",\"logo\":{\"@type\":\"ImageObject\",\"inLanguage\":\"en-US\",\"@id\":\"https:\/\/cardemilgestioninmobiliaria.cl\/#\/schema\/logo\/image\/\",\"url\":\"https:\/\/cardemilgestioninmobiliaria.cl\/wp-content\/uploads\/2023\/10\/cropped-logo.png\",\"contentUrl\":\"https:\/\/cardemilgestioninmobiliaria.cl\/wp-content\/uploads\/2023\/10\/cropped-logo.png\",\"width\":312,\"height\":104,\"caption\":\"Arriendo Departamentos  | La Serena Coquimbo | Vi\u00f1a del Mar\"},\"image\":{\"@id\":\"https:\/\/cardemilgestioninmobiliaria.cl\/#\/schema\/logo\/image\/\"}}]}<\/script>\n<!-- \/ Yoast SEO plugin. -->","yoast_head_json":{"title":"ARRIENDO DEPARTAMENTOS- LA SERENA - PE\u00d1UELAS","description":"Arriendo Departamentos | departamento ubicado en penuelas $ 80.000 DIARIO MIN 7 NOCHES 6 PERSONAS | 3 DORMITORIOS | 2 BA\u00d1OS","robots":{"index":"index","follow":"follow","max-snippet":"max-snippet:-1","max-image-preview":"max-image-preview:large","max-video-preview":"max-video-preview:-1"},"canonical":"https:\/\/cardemilgestioninmobiliaria.cl\/index.php\/product\/arriendo-departamentos-6-personas-3d-2b-la-herradura\/","og_locale":"en_US","og_type":"article","og_title":"ARRIENDO DEPARTAMENTOS- LA SERENA - PE\u00d1UELAS","og_description":"Arriendo Departamentos | departamento ubicado en penuelas $ 80.000 DIARIO MIN 7 NOCHES 6 PERSONAS | 3 DORMITORIOS | 2 BA\u00d1OS","og_url":"https:\/\/cardemilgestioninmobiliaria.cl\/index.php\/product\/arriendo-departamentos-6-personas-3d-2b-la-herradura\/","og_site_name":"Arriendo Departamentos | La Serena Coquimbo | Vi\u00f1a del Mar","article_modified_time":"2023-10-12T12:28:06+00:00","og_image":[{"width":2560,"height":1920,"url":"https:\/\/cardemilgestioninmobiliaria.cl\/wp-content\/uploads\/2023\/10\/IMG_0383-scaled.jpg","type":"image\/jpeg"}],"twitter_card":"summary_large_image","twitter_misc":{"Est. reading time":"2 minutes"},"schema":{"@context":"https:\/\/schema.org","@graph":[{"@type":"WebPage","@id":"https:\/\/cardemilgestioninmobiliaria.cl\/index.php\/product\/arriendo-departamentos-6-personas-3d-2b-la-herradura\/","url":"https:\/\/cardemilgestioninmobiliaria.cl\/index.php\/product\/arriendo-departamentos-6-personas-3d-2b-la-herradura\/","name":"ARRIENDO DEPARTAMENTOS- LA SERENA - PE\u00d1UELAS","isPartOf":{"@id":"https:\/\/cardemilgestioninmobiliaria.cl\/#website"},"primaryImageOfPage":{"@id":"https:\/\/cardemilgestioninmobiliaria.cl\/index.php\/product\/arriendo-departamentos-6-personas-3d-2b-la-herradura\/#primaryimage"},"image":{"@id":"https:\/\/cardemilgestioninmobiliaria.cl\/index.php\/product\/arriendo-departamentos-6-personas-3d-2b-la-herradura\/#primaryimage"},"thumbnailUrl":"https:\/\/cardemilgestioninmobiliaria.cl\/wp-content\/uploads\/2023\/10\/IMG_0383-scaled.jpg","datePublished":"2023-10-06T12:54:07+00:00","dateModified":"2023-10-12T12:28:06+00:00","description":"Arriendo Departamentos | departamento ubicado en penuelas $ 80.000 DIARIO MIN 7 NOCHES 6 PERSONAS | 3 DORMITORIOS | 2 BA\u00d1OS","breadcrumb":{"@id":"https:\/\/cardemilgestioninmobiliaria.cl\/index.php\/product\/arriendo-departamentos-6-personas-3d-2b-la-herradura\/#breadcrumb"},"inLanguage":"en-US","potentialAction":[{"@type":"ReadAction","target":["https:\/\/cardemilgestioninmobiliaria.cl\/index.php\/product\/arriendo-departamentos-6-personas-3d-2b-la-herradura\/"]}]},{"@type":"ImageObject","inLanguage":"en-US","@id":"https:\/\/cardemilgestioninmobiliaria.cl\/index.php\/product\/arriendo-departamentos-6-personas-3d-2b-la-herradura\/#primaryimage","url":"https:\/\/cardemilgestioninmobiliaria.cl\/wp-content\/uploads\/2023\/10\/IMG_0383-scaled.jpg","contentUrl":"https:\/\/cardemilgestioninmobiliaria.cl\/wp-content\/uploads\/2023\/10\/IMG_0383-scaled.jpg","width":2560,"height":1920},{"@type":"BreadcrumbList","@id":"https:\/\/cardemilgestioninmobiliaria.cl\/index.php\/product\/arriendo-departamentos-6-personas-3d-2b-la-herradura\/#breadcrumb","itemListElement":[{"@type":"ListItem","position":1,"name":"Home","item":"https:\/\/cardemilgestioninmobiliaria.cl\/"},{"@type":"ListItem","position":2,"name":"Products","item":"https:\/\/cardemilgestioninmobiliaria.cl\/index.php\/shop\/"},{"@type":"ListItem","position":3,"name":"ARRIENDO DEPARTAMENTO VERANO 2024, 6 PERSONAS, 3D-2B, LA HERRADURA"}]},{"@type":"WebSite","@id":"https:\/\/cardemilgestioninmobiliaria.cl\/#website","url":"https:\/\/cardemilgestioninmobiliaria.cl\/","name":"Arriendo Departamentos | La Serena Coquimbo | Vi\u00f1a del Mar","description":"","publisher":{"@id":"https:\/\/cardemilgestioninmobiliaria.cl\/#organization"},"potentialAction":[{"@type":"SearchAction","target":{"@type":"EntryPoint","urlTemplate":"https:\/\/cardemilgestioninmobiliaria.cl\/?s={search_term_string}"},"query-input":"required name=search_term_string"}],"inLanguage":"en-US"},{"@type":"Organization","@id":"https:\/\/cardemilgestioninmobiliaria.cl\/#organization","name":"Arriendo Departamentos | La Serena Coquimbo | Vi\u00f1a del Mar","url":"https:\/\/cardemilgestioninmobiliaria.cl\/","logo":{"@type":"ImageObject","inLanguage":"en-US","@id":"https:\/\/cardemilgestioninmobiliaria.cl\/#\/schema\/logo\/image\/","url":"https:\/\/cardemilgestioninmobiliaria.cl\/wp-content\/uploads\/2023\/10\/cropped-logo.png","contentUrl":"https:\/\/cardemilgestioninmobiliaria.cl\/wp-content\/uploads\/2023\/10\/cropped-logo.png","width":312,"height":104,"caption":"Arriendo Departamentos  | La Serena Coquimbo | Vi\u00f1a del Mar"},"image":{"@id":"https:\/\/cardemilgestioninmobiliaria.cl\/#\/schema\/logo\/image\/"}}]}},"_links":{"self":[{"href":"https:\/\/cardemilgestioninmobiliaria.cl\/index.php\/wp-json\/wp\/v2\/product\/140","targetHints":{"allow":["GET"]}}],"collection":[{"href":"https:\/\/cardemilgestioninmobiliaria.cl\/index.php\/wp-json\/wp\/v2\/product"}],"about":[{"href":"https:\/\/cardemilgestioninmobiliaria.cl\/index.php\/wp-json\/wp\/v2\/types\/product"}],"replies":[{"embeddable":true,"href":"https:\/\/cardemilgestioninmobiliaria.cl\/index.php\/wp-json\/wp\/v2\/comments?post=140"}],"wp:featuredmedia":[{"embeddable":true,"href":"https:\/\/cardemilgestioninmobiliaria.cl\/index.php\/wp-json\/wp\/v2\/media\/658"}],"wp:attachment":[{"href":"https:\/\/cardemilgestioninmobiliaria.cl\/index.php\/wp-json\/wp\/v2\/media?parent=140"}],"wp:term":[{"taxonomy":"product_cat","embeddable":true,"href":"https:\/\/cardemilgestioninmobiliaria.cl\/index.php\/wp-json\/wp\/v2\/product_cat?post=140"},{"taxonomy":"product_tag","embeddable":true,"href":"https:\/\/cardemilgestioninmobiliaria.cl\/index.php\/wp-json\/wp\/v2\/product_tag?post=140"}],"curies":[{"name":"wp","href":"https:\/\/api.w.org\/{rel}","templated":true}]}}